{"id":13070,"date":"2026-02-27T00:16:25","date_gmt":"2026-02-27T00:16:25","guid":{"rendered":"https:\/\/nordicmart.andreevmaster.com\/product\/songmics-nischhylla-med-hjul-och-4-lador\/"},"modified":"2026-02-27T08:10:00","modified_gmt":"2026-02-27T08:10:00","slug":"songmics-nischhylla-med-hjul-och-4-lador","status":"publish","type":"product","link":"https:\/\/nordicmart.andreevmaster.com\/sv\/produkt\/songmics-nischhylla-med-hjul-och-4-lador\/","title":{"rendered":"SONGMICS nischhylla med hjul och 4 l\u00e5dor"},"content":{"rendered":"<p>SONGMICS mobil nischhylla, smal rullvagn med 4 l\u00e5dor, utdragbar f\u00f6rvaringsvagn, badrumshylla, k\u00f6kssk\u00e5p med avtagbara hjul, PP, platsbesparande, 45 x 17 x 84 cm, vit KFR08WT<br \/>\nF\u00e4rg: Gr\u00e5<br \/>\nMaterial: PP-plast (polypropen)<br \/>\nTotal storlek: 45,2 x 17,3 x 84 cm (D x B x H)<br \/>\nInnerm\u00e5tt per l\u00e5da: 44,5 x 13,5 x 18,5 cm (D x B x H)<br \/>\nVikt: 4,6 kg<\/p>\n","protected":false},"excerpt":{"rendered":"<p>SONGMICS mobil nischhylla, smal rullvagn med 4 l\u00e5dor, utdragbar f\u00f6rvaringsvagn, badrumshylla, k\u00f6kssk\u00e5p med avtagbara hjul, PP, platsbesparande, 45 x 17 x 84 cm, vit KFR08WT<\/p>\n","protected":false},"featured_media":0,"comment_status":"open","ping_status":"closed","template":"","meta":[],"product_brand":[],"product_cat":[33],"product_tag":[],"class_list":{"0":"post-13070","1":"product","2":"type-product","3":"status-publish","5":"product_cat-okategoriserad","7":"first","8":"instock","9":"shipping-taxable","10":"purchasable","11":"product-type-simple"},"_links":{"self":[{"href":"https:\/\/nordicmart.andreevmaster.com\/sv\/wp-json\/wp\/v2\/product\/13070","targetHints":{"allow":["GET"]}}],"collection":[{"href":"https:\/\/nordicmart.andreevmaster.com\/sv\/wp-json\/wp\/v2\/product"}],"about":[{"href":"https:\/\/nordicmart.andreevmaster.com\/sv\/wp-json\/wp\/v2\/types\/product"}],"replies":[{"embeddable":true,"href":"https:\/\/nordicmart.andreevmaster.com\/sv\/wp-json\/wp\/v2\/comments?post=13070"}],"wp:attachment":[{"href":"https:\/\/nordicmart.andreevmaster.com\/sv\/wp-json\/wp\/v2\/media?parent=13070"}],"wp:term":[{"taxonomy":"product_brand","embeddable":true,"href":"https:\/\/nordicmart.andreevmaster.com\/sv\/wp-json\/wp\/v2\/product_brand?post=13070"},{"taxonomy":"product_cat","embeddable":true,"href":"https:\/\/nordicmart.andreevmaster.com\/sv\/wp-json\/wp\/v2\/product_cat?post=13070"},{"taxonomy":"product_tag","embeddable":true,"href":"https:\/\/nordicmart.andreevmaster.com\/sv\/wp-json\/wp\/v2\/product_tag?post=13070"}],"curies":[{"name":"wp","href":"https:\/\/api.w.org\/{rel}","templated":true}]}}