{"id":13068,"date":"2026-02-27T00:16:25","date_gmt":"2026-02-27T00:16:25","guid":{"rendered":"https:\/\/nordicmart.andreevmaster.com\/product\/vasagle-matbord-skrivbord-koksbord\/"},"modified":"2026-02-27T08:09:59","modified_gmt":"2026-02-27T08:09:59","slug":"vasagle-matbord-skrivbord-koksbord","status":"publish","type":"product","link":"https:\/\/nordicmart.andreevmaster.com\/sv\/produkt\/vasagle-matbord-skrivbord-koksbord\/","title":{"rendered":"VASAGLE matbord, skrivbord, k\u00f6ksbord"},"content":{"rendered":"<p>VASAGLE Matbord, k\u00f6ksbord, 70 x 110 x 77 cm, matbord f\u00f6r 4 personer, vardagsrumsbord, skrivbord, f\u00f6r matsal, k\u00f6k, industriell design, vintagebrun-svart KDT081B01<\/p>\n<p>Specifikationer:<br \/>\n&#8211; Vikt: 13,6 kg<br \/>\n&#8211; M\u00e5tt: 70 x 110 x 77 cm (D x B x H)<br \/>\n&#8211; Max. statisk b\u00e4rf\u00f6rm\u00e5ga: 120 kg<br \/>\n&#8211; F\u00e4rg: ebenholts-matt svart<br \/>\n&#8211; Material: sp\u00e5nskiva, st\u00e5l<\/p>\n","protected":false},"excerpt":{"rendered":"<p>VASAGLE Matbord, k\u00f6ksbord, 70 x 110 x 77 cm, matbord f\u00f6r 4 personer, vardagsrumsbord, skrivbord, f\u00f6r matsal, k\u00f6k, industriell design, vintagebrun-svart KDT081B01<\/p>\n","protected":false},"featured_media":41253,"comment_status":"open","ping_status":"closed","template":"","meta":[],"product_brand":[],"product_cat":[33],"product_tag":[],"class_list":{"0":"post-13068","1":"product","2":"type-product","3":"status-publish","4":"has-post-thumbnail","6":"product_cat-okategoriserad","8":"first","9":"instock","10":"shipping-taxable","11":"purchasable","12":"product-type-simple"},"_links":{"self":[{"href":"https:\/\/nordicmart.andreevmaster.com\/sv\/wp-json\/wp\/v2\/product\/13068","targetHints":{"allow":["GET"]}}],"collection":[{"href":"https:\/\/nordicmart.andreevmaster.com\/sv\/wp-json\/wp\/v2\/product"}],"about":[{"href":"https:\/\/nordicmart.andreevmaster.com\/sv\/wp-json\/wp\/v2\/types\/product"}],"replies":[{"embeddable":true,"href":"https:\/\/nordicmart.andreevmaster.com\/sv\/wp-json\/wp\/v2\/comments?post=13068"}],"wp:featuredmedia":[{"embeddable":true,"href":"https:\/\/nordicmart.andreevmaster.com\/sv\/wp-json\/wp\/v2\/media\/41253"}],"wp:attachment":[{"href":"https:\/\/nordicmart.andreevmaster.com\/sv\/wp-json\/wp\/v2\/media?parent=13068"}],"wp:term":[{"taxonomy":"product_brand","embeddable":true,"href":"https:\/\/nordicmart.andreevmaster.com\/sv\/wp-json\/wp\/v2\/product_brand?post=13068"},{"taxonomy":"product_cat","embeddable":true,"href":"https:\/\/nordicmart.andreevmaster.com\/sv\/wp-json\/wp\/v2\/product_cat?post=13068"},{"taxonomy":"product_tag","embeddable":true,"href":"https:\/\/nordicmart.andreevmaster.com\/sv\/wp-json\/wp\/v2\/product_tag?post=13068"}],"curies":[{"name":"wp","href":"https:\/\/api.w.org\/{rel}","templated":true}]}}