{"id":13065,"date":"2026-02-27T00:16:24","date_gmt":"2026-02-27T00:16:24","guid":{"rendered":"https:\/\/nordicmart.andreevmaster.com\/product\/vasagle-matbord-for-2-4-personer-ebenholtsvart-blaksvart\/"},"modified":"2026-02-27T08:09:59","modified_gmt":"2026-02-27T08:09:59","slug":"vasagle-matbord-for-2-4-personer-ebenholtsvart-blaksvart","status":"publish","type":"product","link":"https:\/\/nordicmart.andreevmaster.com\/sv\/produkt\/vasagle-matbord-for-2-4-personer-ebenholtsvart-blaksvart\/","title":{"rendered":"VASAGLE matbord f\u00f6r 2-4 personer ebenholtsvart-bl\u00e4ksvart"},"content":{"rendered":"<p>Matbord, hopf\u00e4llbart k\u00f6ksbord f\u00f6r 2\u20134 personer, f\u00f6r sm\u00e5 utrymmen, naturf\u00e4rgat ek-molnvit<br \/>\nF\u00e4rg: Ebenholtsvart-bl\u00e4ksvart<br \/>\nMaterial: Sp\u00e5nskiva, st\u00e5l<br \/>\nStorlek utf\u00e4lld: 78 x 120 x 76,2 cm (D x B x H)<br \/>\nStorlek hopf\u00e4lld: 78 x 84,5 x 76,2 cm (D x B x H)<br \/>\nVikt: 17,5 kg<br \/>\nMax. statisk belastningskapacitet f\u00f6r den mellersta bordsskivan: 100 kg<br \/>\nMax. statisk belastningskapacitet f\u00f6r varje bordsskiva p\u00e5 b\u00e5da sidor: 50 kg<\/p>\n","protected":false},"excerpt":{"rendered":"<p>Matbord, hopf\u00e4llbart k\u00f6ksbord f\u00f6r 2\u20134 personer, f\u00f6r sm\u00e5 utrymmen, naturf\u00e4rgat ek-molnvit<\/p>\n","protected":false},"featured_media":41250,"comment_status":"open","ping_status":"closed","template":"","meta":[],"product_brand":[],"product_cat":[33],"product_tag":[],"class_list":{"0":"post-13065","1":"product","2":"type-product","3":"status-publish","4":"has-post-thumbnail","6":"product_cat-okategoriserad","8":"first","9":"instock","10":"shipping-taxable","11":"purchasable","12":"product-type-simple"},"_links":{"self":[{"href":"https:\/\/nordicmart.andreevmaster.com\/sv\/wp-json\/wp\/v2\/product\/13065","targetHints":{"allow":["GET"]}}],"collection":[{"href":"https:\/\/nordicmart.andreevmaster.com\/sv\/wp-json\/wp\/v2\/product"}],"about":[{"href":"https:\/\/nordicmart.andreevmaster.com\/sv\/wp-json\/wp\/v2\/types\/product"}],"replies":[{"embeddable":true,"href":"https:\/\/nordicmart.andreevmaster.com\/sv\/wp-json\/wp\/v2\/comments?post=13065"}],"wp:featuredmedia":[{"embeddable":true,"href":"https:\/\/nordicmart.andreevmaster.com\/sv\/wp-json\/wp\/v2\/media\/41250"}],"wp:attachment":[{"href":"https:\/\/nordicmart.andreevmaster.com\/sv\/wp-json\/wp\/v2\/media?parent=13065"}],"wp:term":[{"taxonomy":"product_brand","embeddable":true,"href":"https:\/\/nordicmart.andreevmaster.com\/sv\/wp-json\/wp\/v2\/product_brand?post=13065"},{"taxonomy":"product_cat","embeddable":true,"href":"https:\/\/nordicmart.andreevmaster.com\/sv\/wp-json\/wp\/v2\/product_cat?post=13065"},{"taxonomy":"product_tag","embeddable":true,"href":"https:\/\/nordicmart.andreevmaster.com\/sv\/wp-json\/wp\/v2\/product_tag?post=13065"}],"curies":[{"name":"wp","href":"https:\/\/api.w.org\/{rel}","templated":true}]}}