{"id":13062,"date":"2026-02-27T00:16:23","date_gmt":"2026-02-27T00:16:23","guid":{"rendered":"https:\/\/nordicmart.andreevmaster.com\/product\/vasagle-matbord-med-2-bankar-koksbord-matsalsbankar\/"},"modified":"2026-02-27T08:09:58","modified_gmt":"2026-02-27T08:09:58","slug":"vasagle-matbord-med-2-bankar-koksbord-matsalsbankar","status":"publish","type":"product","link":"https:\/\/nordicmart.andreevmaster.com\/sv\/produkt\/vasagle-matbord-med-2-bankar-koksbord-matsalsbankar\/","title":{"rendered":"VASAGLE matbord med 2 b\u00e4nkar, k\u00f6ksbord, matsalsb\u00e4nkar"},"content":{"rendered":"<p>Matbord med 2 b\u00e4nkar, k\u00f6ksbord, matsalsb\u00e4nkar, st\u00e5lstativ, industriell design, vintagebrun-svart<br \/>\nSpecifikationer:<br \/>\n&#8211; Bordets m\u00e5tt: 70 x 110 x 75 cm (D x B x H)<br \/>\n&#8211; B\u00e4nkens m\u00e5tt: 30 x 97 x 50 cm (D x B x H)<br \/>\n&#8211; Totalvikt: 27,5 kg<br \/>\n&#8211; Max. statisk b\u00e4rf\u00f6rm\u00e5ga f\u00f6r bordet: 100 kg<br \/>\n&#8211; Max. statisk b\u00e4rf\u00f6rm\u00e5ga f\u00f6r varje b\u00e4nk: 100 kg<br \/>\n&#8211; Material: sp\u00e5nskiva, st\u00e5l<br \/>\n&#8211; F\u00e4rg: ekf\u00e4rgad-svart<\/p>\n","protected":false},"excerpt":{"rendered":"<p>Matbord med 2 b\u00e4nkar, k\u00f6ksbord, matsalsb\u00e4nkar, st\u00e5lstativ, industriell design, vintagebrun-svart<\/p>\n","protected":false},"featured_media":41247,"comment_status":"open","ping_status":"closed","template":"","meta":[],"product_brand":[],"product_cat":[33],"product_tag":[],"class_list":{"0":"post-13062","1":"product","2":"type-product","3":"status-publish","4":"has-post-thumbnail","6":"product_cat-okategoriserad","8":"first","9":"instock","10":"shipping-taxable","11":"purchasable","12":"product-type-simple"},"_links":{"self":[{"href":"https:\/\/nordicmart.andreevmaster.com\/sv\/wp-json\/wp\/v2\/product\/13062","targetHints":{"allow":["GET"]}}],"collection":[{"href":"https:\/\/nordicmart.andreevmaster.com\/sv\/wp-json\/wp\/v2\/product"}],"about":[{"href":"https:\/\/nordicmart.andreevmaster.com\/sv\/wp-json\/wp\/v2\/types\/product"}],"replies":[{"embeddable":true,"href":"https:\/\/nordicmart.andreevmaster.com\/sv\/wp-json\/wp\/v2\/comments?post=13062"}],"wp:featuredmedia":[{"embeddable":true,"href":"https:\/\/nordicmart.andreevmaster.com\/sv\/wp-json\/wp\/v2\/media\/41247"}],"wp:attachment":[{"href":"https:\/\/nordicmart.andreevmaster.com\/sv\/wp-json\/wp\/v2\/media?parent=13062"}],"wp:term":[{"taxonomy":"product_brand","embeddable":true,"href":"https:\/\/nordicmart.andreevmaster.com\/sv\/wp-json\/wp\/v2\/product_brand?post=13062"},{"taxonomy":"product_cat","embeddable":true,"href":"https:\/\/nordicmart.andreevmaster.com\/sv\/wp-json\/wp\/v2\/product_cat?post=13062"},{"taxonomy":"product_tag","embeddable":true,"href":"https:\/\/nordicmart.andreevmaster.com\/sv\/wp-json\/wp\/v2\/product_tag?post=13062"}],"curies":[{"name":"wp","href":"https:\/\/api.w.org\/{rel}","templated":true}]}}