{"id":13059,"date":"2026-02-27T00:16:23","date_gmt":"2026-02-27T00:16:23","guid":{"rendered":"https:\/\/nordicmart.andreevmaster.com\/product\/vasagle-koksbord-for-4-personer-120-x-75-x-75-cm-industridesign\/"},"modified":"2026-02-27T08:09:57","modified_gmt":"2026-02-27T08:09:57","slug":"vasagle-koksbord-for-4-personer-120-x-75-x-75-cm-industridesign","status":"publish","type":"product","link":"https:\/\/nordicmart.andreevmaster.com\/sv\/produkt\/vasagle-koksbord-for-4-personer-120-x-75-x-75-cm-industridesign\/","title":{"rendered":"VASAGLE k\u00f6ksbord f\u00f6r 4 personer 120 x 75 x 75 cm Industridesign"},"content":{"rendered":"<p>Produktdetaljer: &#8211; F\u00e4rg: Vintage\/m\u00f6rkbrun &#8211; Material: Sp\u00e5nskiva, pulverlackerat j\u00e4rn &#8211; Storlek: 120 x 75 x 75 cm (L x B x H) &#8211; Vikt: 17,2 kg &#8211; Max. statisk belastningskapacitet: 100 kg Leveransomfattning:- 1 x matbord &#8211; 1 x tillbeh\u00f6rsp\u00e5se &#8211; 1 x bruksanvisning (DE, EN, ES, FR, IT) VASAGLE Anvisningar: &#8211; Placera produkten s\u00e5 att den inte uts\u00e4tts f\u00f6r v\u00e4rmek\u00e4llor, direkt solljus eller fukt. &#8211; H\u00e5ll produkten borta fr\u00e5n vassa och spetsiga f\u00f6rem\u00e5l samt fr\u00e4tande \u00e4mnen.- Barn f\u00e5r inte kl\u00e4ttra p\u00e5 eller leka med produkten. &#8211; H\u00e5ll barn borta fr\u00e5n arbetsomr\u00e5det under montering och f\u00f6rvara f\u00f6rpackningsmaterial utom r\u00e4ckh\u00e5ll f\u00f6r barn. Leveransen inneh\u00e5ller m\u00e5nga sm\u00e5delar som kan utg\u00f6ra en h\u00e4lsorisk om de sv\u00e4ljs eller inhaleras. &#8211; Produktens maximala statiska belastningskapacitet \u00e4r 100 kg. Placera inga tyngre f\u00f6rem\u00e5l p\u00e5 bordet.<\/p>\n","protected":false},"excerpt":{"rendered":"<p>VASAGLE Ge ditt matrum nytt liv genom att ge ditt matbord en festlig makeover. Med sin rustika charm skapar detta bord speciella stunder med dina g\u00e4ster.<\/p>\n","protected":false},"featured_media":41244,"comment_status":"open","ping_status":"closed","template":"","meta":[],"product_brand":[],"product_cat":[33],"product_tag":[],"class_list":{"0":"post-13059","1":"product","2":"type-product","3":"status-publish","4":"has-post-thumbnail","6":"product_cat-okategoriserad","8":"first","9":"instock","10":"shipping-taxable","11":"purchasable","12":"product-type-simple"},"_links":{"self":[{"href":"https:\/\/nordicmart.andreevmaster.com\/sv\/wp-json\/wp\/v2\/product\/13059","targetHints":{"allow":["GET"]}}],"collection":[{"href":"https:\/\/nordicmart.andreevmaster.com\/sv\/wp-json\/wp\/v2\/product"}],"about":[{"href":"https:\/\/nordicmart.andreevmaster.com\/sv\/wp-json\/wp\/v2\/types\/product"}],"replies":[{"embeddable":true,"href":"https:\/\/nordicmart.andreevmaster.com\/sv\/wp-json\/wp\/v2\/comments?post=13059"}],"wp:featuredmedia":[{"embeddable":true,"href":"https:\/\/nordicmart.andreevmaster.com\/sv\/wp-json\/wp\/v2\/media\/41244"}],"wp:attachment":[{"href":"https:\/\/nordicmart.andreevmaster.com\/sv\/wp-json\/wp\/v2\/media?parent=13059"}],"wp:term":[{"taxonomy":"product_brand","embeddable":true,"href":"https:\/\/nordicmart.andreevmaster.com\/sv\/wp-json\/wp\/v2\/product_brand?post=13059"},{"taxonomy":"product_cat","embeddable":true,"href":"https:\/\/nordicmart.andreevmaster.com\/sv\/wp-json\/wp\/v2\/product_cat?post=13059"},{"taxonomy":"product_tag","embeddable":true,"href":"https:\/\/nordicmart.andreevmaster.com\/sv\/wp-json\/wp\/v2\/product_tag?post=13059"}],"curies":[{"name":"wp","href":"https:\/\/api.w.org\/{rel}","templated":true}]}}