{"id":13057,"date":"2026-02-27T00:16:22","date_gmt":"2026-02-27T00:16:22","guid":{"rendered":"https:\/\/nordicmart.andreevmaster.com\/product\/vasagle-matbord-75-x-140-x-75-cm-naturvalnotsfargat-black-svart\/"},"modified":"2026-02-27T08:09:57","modified_gmt":"2026-02-27T08:09:57","slug":"vasagle-matbord-75-x-140-x-75-cm-naturvalnotsfargat-black-svart","status":"publish","type":"product","link":"https:\/\/nordicmart.andreevmaster.com\/sv\/produkt\/vasagle-matbord-75-x-140-x-75-cm-naturvalnotsfargat-black-svart\/","title":{"rendered":"VASAGLE Matbord 75 x 140 x 75 cm naturvaln\u00f6tsf\u00e4rgat-bl\u00e4ck svart"},"content":{"rendered":"<p>VASAGLE Matbord, matsalsbord, k\u00f6ksbord, f\u00f6r 4-6 personer, lantlig stil, v\u00e4rmet\u00e5lig yta, enkel montering, 75 x 140 x 75 cm, naturlig valn\u00f6tsf\u00e4rg-bl\u00e4ck svart KDT100K02<br \/>\nF\u00e4rg: Naturlig valn\u00f6tsf\u00e4rg-bl\u00e4ck svart<br \/>\nStorlek: 75 x 140 x 75 cm (D x B x H)<br \/>\nVikt: 18,2 kg<br \/>\nMax. statisk belastningskapacitet: 100 kg<\/p>\n","protected":false},"excerpt":{"rendered":"<p>VASAGLE Matbord, matsalsbord, k\u00f6ksbord, f\u00f6r 4-6 personer, lantlig stil, v\u00e4rmet\u00e5lig yta, enkel montering, 75 x 140 x 75 cm, naturlig valn\u00f6tsf\u00e4rg-bl\u00e4ck svart KDT100K02<\/p>\n","protected":false},"featured_media":41242,"comment_status":"open","ping_status":"closed","template":"","meta":[],"product_brand":[],"product_cat":[33],"product_tag":[],"class_list":{"0":"post-13057","1":"product","2":"type-product","3":"status-publish","4":"has-post-thumbnail","6":"product_cat-okategoriserad","8":"first","9":"instock","10":"shipping-taxable","11":"purchasable","12":"product-type-simple"},"_links":{"self":[{"href":"https:\/\/nordicmart.andreevmaster.com\/sv\/wp-json\/wp\/v2\/product\/13057","targetHints":{"allow":["GET"]}}],"collection":[{"href":"https:\/\/nordicmart.andreevmaster.com\/sv\/wp-json\/wp\/v2\/product"}],"about":[{"href":"https:\/\/nordicmart.andreevmaster.com\/sv\/wp-json\/wp\/v2\/types\/product"}],"replies":[{"embeddable":true,"href":"https:\/\/nordicmart.andreevmaster.com\/sv\/wp-json\/wp\/v2\/comments?post=13057"}],"wp:featuredmedia":[{"embeddable":true,"href":"https:\/\/nordicmart.andreevmaster.com\/sv\/wp-json\/wp\/v2\/media\/41242"}],"wp:attachment":[{"href":"https:\/\/nordicmart.andreevmaster.com\/sv\/wp-json\/wp\/v2\/media?parent=13057"}],"wp:term":[{"taxonomy":"product_brand","embeddable":true,"href":"https:\/\/nordicmart.andreevmaster.com\/sv\/wp-json\/wp\/v2\/product_brand?post=13057"},{"taxonomy":"product_cat","embeddable":true,"href":"https:\/\/nordicmart.andreevmaster.com\/sv\/wp-json\/wp\/v2\/product_cat?post=13057"},{"taxonomy":"product_tag","embeddable":true,"href":"https:\/\/nordicmart.andreevmaster.com\/sv\/wp-json\/wp\/v2\/product_tag?post=13057"}],"curies":[{"name":"wp","href":"https:\/\/api.w.org\/{rel}","templated":true}]}}