{"id":13052,"date":"2026-02-27T00:16:21","date_gmt":"2026-02-27T00:16:21","guid":{"rendered":"https:\/\/nordicmart.andreevmaster.com\/product\/vasagle-matbord-for-4-personer\/"},"modified":"2026-02-27T08:09:56","modified_gmt":"2026-02-27T08:09:56","slug":"vasagle-matbord-for-4-personer","status":"publish","type":"product","link":"https:\/\/nordicmart.andreevmaster.com\/sv\/produkt\/vasagle-matbord-for-4-personer\/","title":{"rendered":"VASAGLE matbord f\u00f6r 4 personer"},"content":{"rendered":"<p>VASAGLE Matbord, k\u00f6ksbord, 70 x 110 x 77 cm, matbord f\u00f6r 4 personer, vardagsrumsbord, skrivbord, f\u00f6r matsal, k\u00f6k, industriell design, vintagebrun-svart KDT081B01<br \/>\nF\u00e4rg: Vintagebrun-svart<br \/>\nMaterial: Sp\u00e5nskiva, st\u00e5l<br \/>\nStorlek: 70 x 110 x 77 cm (D x B x H)<br \/>\nVikt: 13,6 kg<br \/>\nMax. statisk belastningskapacitet: 120 kg<\/p>\n","protected":false},"excerpt":{"rendered":"<p>VASAGLE Matbord, k\u00f6ksbord, 70 x 110 x 77 cm, matbord f\u00f6r 4 personer, vardagsrumsbord, skrivbord, f\u00f6r matsal, k\u00f6k, industriell design, vintagebrun-svart KDT081B01<\/p>\n","protected":false},"featured_media":41237,"comment_status":"open","ping_status":"closed","template":"","meta":[],"product_brand":[],"product_cat":[33],"product_tag":[],"class_list":{"0":"post-13052","1":"product","2":"type-product","3":"status-publish","4":"has-post-thumbnail","6":"product_cat-okategoriserad","8":"first","9":"instock","10":"shipping-taxable","11":"purchasable","12":"product-type-simple"},"_links":{"self":[{"href":"https:\/\/nordicmart.andreevmaster.com\/sv\/wp-json\/wp\/v2\/product\/13052","targetHints":{"allow":["GET"]}}],"collection":[{"href":"https:\/\/nordicmart.andreevmaster.com\/sv\/wp-json\/wp\/v2\/product"}],"about":[{"href":"https:\/\/nordicmart.andreevmaster.com\/sv\/wp-json\/wp\/v2\/types\/product"}],"replies":[{"embeddable":true,"href":"https:\/\/nordicmart.andreevmaster.com\/sv\/wp-json\/wp\/v2\/comments?post=13052"}],"wp:featuredmedia":[{"embeddable":true,"href":"https:\/\/nordicmart.andreevmaster.com\/sv\/wp-json\/wp\/v2\/media\/41237"}],"wp:attachment":[{"href":"https:\/\/nordicmart.andreevmaster.com\/sv\/wp-json\/wp\/v2\/media?parent=13052"}],"wp:term":[{"taxonomy":"product_brand","embeddable":true,"href":"https:\/\/nordicmart.andreevmaster.com\/sv\/wp-json\/wp\/v2\/product_brand?post=13052"},{"taxonomy":"product_cat","embeddable":true,"href":"https:\/\/nordicmart.andreevmaster.com\/sv\/wp-json\/wp\/v2\/product_cat?post=13052"},{"taxonomy":"product_tag","embeddable":true,"href":"https:\/\/nordicmart.andreevmaster.com\/sv\/wp-json\/wp\/v2\/product_tag?post=13052"}],"curies":[{"name":"wp","href":"https:\/\/api.w.org\/{rel}","templated":true}]}}