{"id":13044,"date":"2026-02-27T00:16:19","date_gmt":"2026-02-27T00:16:19","guid":{"rendered":"https:\/\/nordicmart.andreevmaster.com\/product\/vasagle-koksbord-i-stal-for-4-personer\/"},"modified":"2026-02-27T08:09:55","modified_gmt":"2026-02-27T08:09:55","slug":"vasagle-koksbord-i-stal-for-4-personer","status":"publish","type":"product","link":"https:\/\/nordicmart.andreevmaster.com\/sv\/produkt\/vasagle-koksbord-i-stal-for-4-personer\/","title":{"rendered":"VASAGLE k\u00f6ksbord i st\u00e5l f\u00f6r 4 personer"},"content":{"rendered":"<p>Produktdetaljer: &#8211; F\u00e4rg: Greige-svart &#8211; Material: Sp\u00e5nskiva, st\u00e5l &#8211; Storlek: 120 x 75 x 75 cm (L x B x H) &#8211; Vikt: 17,2 kg &#8211; Max. statisk belastningskapacitet: 100 kg  Leveransomfattning: &#8211; 1 x matbord &#8211; 1 x tillbeh\u00f6rspaket &#8211; 1 x bruksanvisning (DE, EN, ES, FR, IT) VASAGLE Anm\u00e4rkningar: &#8211; H\u00e5ll produkten borta fr\u00e5n vassa och spetsiga f\u00f6rem\u00e5l samt fr\u00e4tande \u00e4mnen. &#8211; Barn f\u00e5r inte kl\u00e4ttra p\u00e5 eller leka med produkten. &#8211; H\u00e5ll barn borta fr\u00e5n arbetsomr\u00e5det under monteringen och f\u00f6rvara f\u00f6rpackningsmaterialet utom r\u00e4ckh\u00e5ll. Leveransen inneh\u00e5ller m\u00e5nga sm\u00e5delar som kan utg\u00f6ra en h\u00e4lsorisk om de sv\u00e4ljs eller inhaleras. &#8211; Produktens maximala statiska belastningskapacitet \u00e4r 100 kg. Placera inte tyngre f\u00f6rem\u00e5l p\u00e5 bordet.<\/p>\n","protected":false},"excerpt":{"rendered":"<p>VASAGLE k\u00f6ksbord, matbord, 120 x 75 x 75 cm, matbord f\u00f6r 4 personer, soffbord, vardagsrum, matsal, st\u00e5lstativ, enkel montering, industriell design, greige-svart KDT075B02<\/p>\n","protected":false},"featured_media":41229,"comment_status":"open","ping_status":"closed","template":"","meta":[],"product_brand":[],"product_cat":[33],"product_tag":[],"class_list":{"0":"post-13044","1":"product","2":"type-product","3":"status-publish","4":"has-post-thumbnail","6":"product_cat-okategoriserad","8":"first","9":"instock","10":"shipping-taxable","11":"purchasable","12":"product-type-simple"},"_links":{"self":[{"href":"https:\/\/nordicmart.andreevmaster.com\/sv\/wp-json\/wp\/v2\/product\/13044","targetHints":{"allow":["GET"]}}],"collection":[{"href":"https:\/\/nordicmart.andreevmaster.com\/sv\/wp-json\/wp\/v2\/product"}],"about":[{"href":"https:\/\/nordicmart.andreevmaster.com\/sv\/wp-json\/wp\/v2\/types\/product"}],"replies":[{"embeddable":true,"href":"https:\/\/nordicmart.andreevmaster.com\/sv\/wp-json\/wp\/v2\/comments?post=13044"}],"wp:featuredmedia":[{"embeddable":true,"href":"https:\/\/nordicmart.andreevmaster.com\/sv\/wp-json\/wp\/v2\/media\/41229"}],"wp:attachment":[{"href":"https:\/\/nordicmart.andreevmaster.com\/sv\/wp-json\/wp\/v2\/media?parent=13044"}],"wp:term":[{"taxonomy":"product_brand","embeddable":true,"href":"https:\/\/nordicmart.andreevmaster.com\/sv\/wp-json\/wp\/v2\/product_brand?post=13044"},{"taxonomy":"product_cat","embeddable":true,"href":"https:\/\/nordicmart.andreevmaster.com\/sv\/wp-json\/wp\/v2\/product_cat?post=13044"},{"taxonomy":"product_tag","embeddable":true,"href":"https:\/\/nordicmart.andreevmaster.com\/sv\/wp-json\/wp\/v2\/product_tag?post=13044"}],"curies":[{"name":"wp","href":"https:\/\/api.w.org\/{rel}","templated":true}]}}