{"id":13043,"date":"2026-02-27T00:16:19","date_gmt":"2026-02-27T00:16:19","guid":{"rendered":"https:\/\/nordicmart.andreevmaster.com\/product\/matsalsmobel-for-4-personer-koksbord-och-2-bankar-276-x-433-x-295-tum-matsalsbord-118-x-382-x-197-tum-bank-marmorvit-och-svart-u\/"},"modified":"2026-02-27T08:09:55","modified_gmt":"2026-02-27T08:09:55","slug":"matsalsmobel-for-4-personer-koksbord-och-2-bankar-276-x-433-x-295-tum-matsalsbord-118-x-382-x-197-tum-bank-marmorvit-och-svart-u","status":"publish","type":"product","link":"https:\/\/nordicmart.andreevmaster.com\/sv\/produkt\/matsalsmobel-for-4-personer-koksbord-och-2-bankar-276-x-433-x-295-tum-matsalsbord-118-x-382-x-197-tum-bank-marmorvit-och-svart-u\/","title":{"rendered":"Matsalsm\u00f6bel f\u00f6r 4 personer, k\u00f6ksbord och 2 b\u00e4nkar, 27,6 x 43,3 x 29,5 tum matsalsbord, 11,8 x 38,2 x 19,7 tum b\u00e4nk, marmorvit och svart U"},"content":{"rendered":"<p>[Matsalsm\u00f6bel f\u00f6r 4 personer] Denna matsalsm\u00f6bel best\u00e5r av ett bord p\u00e5 70 x 110 cm och 2 b\u00e4nkar och rymmer 4 personer, vilket \u00e4r perfekt f\u00f6r familjemiddagar, snabba frukostar eller drinkar med v\u00e4nner.[Platsbesparande] De tv\u00e5 50 cm h\u00f6ga b\u00e4nkarna kan f\u00f6rvaras under det 75 cm h\u00f6ga matbordet efter m\u00e5ltiden, vilket g\u00f6r denna matsalsm\u00f6belserie till en perfekt l\u00f6sning f\u00f6r sm\u00e5 utrymmen f\u00f6r att h\u00e5lla ordning och reda.[Elegant modern design] Kombinationen av guldf\u00e4rgat ek och svart skapar en modern stil. Denna sittgrupp ger en touch av modernt liv till din matsal, k\u00f6k eller vardagsrum.[Stabil och h\u00e5llbar] St\u00e5lben garanterar h\u00f6g stabilitet och sp\u00e5nskivorna \u00e4r h\u00e5llbara och l\u00e4tta att underh\u00e5lla \u2013 denna k\u00f6ksbordsserie \u00e4r gjord f\u00f6r vardagliga m\u00e5ltider. [Enkel montering] Ingen sv\u00e5r montering. Tack vare tydliga instruktioner, m\u00e4rkta delar och medf\u00f6ljande monteringsverktyg kan du montera denna matsalsm\u00f6belserie med b\u00e4nkar p\u00e5 nolltid. Tekniska uppgifter: F\u00e4rg: Marble White, Ink Black Material: Sp\u00e5nskiva, st\u00e5l Sp\u00e5nskiva, st\u00e5l<br \/>\nBordets storlek: 70 x 110 x 75 cm (27,6\u2033D x 43,3\u2033W x 29,5\u2033H).<br \/>\nB\u00e4nkens storlek: 30 x 97 x 50 cm (11,8\u2033S x 38,2\u2033L x 19,7\u2033K).Totalvikt: 27,5 kg (60,6 lb)<br \/>\nMax. Statisk belastningskapacitet f\u00f6r bordet: 100 kg (220 lb)<br \/>\nMax. Statisk belastningskapacitet f\u00f6r varje b\u00e4nk: 100 kg (220 lb).F\u00f6rpackningens inneh\u00e5ll:<\/p>\n<p>1 x matbord<br \/>\n2 x b\u00e4nk<br \/>\n1 x tillbeh\u00f6rssats<br \/>\n1 x instruktioner<\/p>\n","protected":false},"excerpt":{"rendered":"<p>[Matsalsm\u00f6bel f\u00f6r 4 personer] Denna matsalsm\u00f6bel best\u00e5r av ett bord p\u00e5 70 x 110 cm och 2 b\u00e4nkar och rymmer 4 personer, vilket \u00e4r perfekt f\u00f6r familjemiddagar, snabba frukostar eller drinkar med v\u00e4nner.[Platsbesparande] De tv\u00e5 50 cm h\u00f6ga b\u00e4nkarna kan f\u00f6rvaras under det 75 cm h\u00f6ga matbordet efter m\u00e5ltiden, vilket g\u00f6r denna matsalsm\u00f6belserie till en [&hellip;]<\/p>\n","protected":false},"featured_media":0,"comment_status":"open","ping_status":"closed","template":"","meta":[],"product_brand":[],"product_cat":[33],"product_tag":[],"class_list":{"0":"post-13043","1":"product","2":"type-product","3":"status-publish","5":"product_cat-okategoriserad","7":"first","8":"instock","9":"shipping-taxable","10":"product-type-simple"},"_links":{"self":[{"href":"https:\/\/nordicmart.andreevmaster.com\/sv\/wp-json\/wp\/v2\/product\/13043","targetHints":{"allow":["GET"]}}],"collection":[{"href":"https:\/\/nordicmart.andreevmaster.com\/sv\/wp-json\/wp\/v2\/product"}],"about":[{"href":"https:\/\/nordicmart.andreevmaster.com\/sv\/wp-json\/wp\/v2\/types\/product"}],"replies":[{"embeddable":true,"href":"https:\/\/nordicmart.andreevmaster.com\/sv\/wp-json\/wp\/v2\/comments?post=13043"}],"wp:attachment":[{"href":"https:\/\/nordicmart.andreevmaster.com\/sv\/wp-json\/wp\/v2\/media?parent=13043"}],"wp:term":[{"taxonomy":"product_brand","embeddable":true,"href":"https:\/\/nordicmart.andreevmaster.com\/sv\/wp-json\/wp\/v2\/product_brand?post=13043"},{"taxonomy":"product_cat","embeddable":true,"href":"https:\/\/nordicmart.andreevmaster.com\/sv\/wp-json\/wp\/v2\/product_cat?post=13043"},{"taxonomy":"product_tag","embeddable":true,"href":"https:\/\/nordicmart.andreevmaster.com\/sv\/wp-json\/wp\/v2\/product_tag?post=13043"}],"curies":[{"name":"wp","href":"https:\/\/api.w.org\/{rel}","templated":true}]}}