{"id":13040,"date":"2026-02-27T00:16:18","date_gmt":"2026-02-27T00:16:18","guid":{"rendered":"https:\/\/nordicmart.andreevmaster.com\/product\/vasagle-matbord-med-2-bankar-3-pack-grabeige-melerat-black-svart\/"},"modified":"2026-02-27T08:09:54","modified_gmt":"2026-02-27T08:09:54","slug":"vasagle-matbord-med-2-bankar-3-pack-grabeige-melerat-black-svart","status":"publish","type":"product","link":"https:\/\/nordicmart.andreevmaster.com\/sv\/produkt\/vasagle-matbord-med-2-bankar-3-pack-grabeige-melerat-black-svart\/","title":{"rendered":"VASAGLE matbord med 2 b\u00e4nkar, 3-pack, gr\u00e5beige melerat-bl\u00e4ck svart"},"content":{"rendered":"<p>VASAGLE matbord, k\u00f6ksbordsset, 110 x 70 x 75 cm, med 2 b\u00e4nkar \u00e0 97 x 30 x 50 cm, metallstativ, f\u00f6r k\u00f6k, vardagsrum, matsal, industriell design, vintagebrun-svart KDT070B01<br \/>\nF\u00e4rg: Greige melerad-bl\u00e4ck svart<br \/>\nMaterial: sp\u00e5nskiva, st\u00e5l<br \/>\nBordets storlek: 70 x 110 x 75 cm (D x B x H)<br \/>\nB\u00e4nkstorlek: 30 x 97 x 50 cm (D x B x H)<br \/>\nTotalvikt: 27,5 kg<br \/>\nMax. statisk belastningskapacitet f\u00f6r bordet: 100 kg<br \/>\nMax. statisk belastningskapacitet f\u00f6r varje b\u00e4nk: 100 kg<\/p>\n","protected":false},"excerpt":{"rendered":"<p>VASAGLE matbord, k\u00f6ksbordsset, 110 x 70 x 75 cm, med 2 b\u00e4nkar \u00e0 97 x 30 x 50 cm, metallstativ, f\u00f6r k\u00f6k, vardagsrum, matsal, industriell design, vintagebrun-svart KDT070B01<\/p>\n","protected":false},"featured_media":41226,"comment_status":"open","ping_status":"closed","template":"","meta":[],"product_brand":[],"product_cat":[33],"product_tag":[],"class_list":{"0":"post-13040","1":"product","2":"type-product","3":"status-publish","4":"has-post-thumbnail","6":"product_cat-okategoriserad","8":"first","9":"instock","10":"shipping-taxable","11":"purchasable","12":"product-type-simple"},"_links":{"self":[{"href":"https:\/\/nordicmart.andreevmaster.com\/sv\/wp-json\/wp\/v2\/product\/13040","targetHints":{"allow":["GET"]}}],"collection":[{"href":"https:\/\/nordicmart.andreevmaster.com\/sv\/wp-json\/wp\/v2\/product"}],"about":[{"href":"https:\/\/nordicmart.andreevmaster.com\/sv\/wp-json\/wp\/v2\/types\/product"}],"replies":[{"embeddable":true,"href":"https:\/\/nordicmart.andreevmaster.com\/sv\/wp-json\/wp\/v2\/comments?post=13040"}],"wp:featuredmedia":[{"embeddable":true,"href":"https:\/\/nordicmart.andreevmaster.com\/sv\/wp-json\/wp\/v2\/media\/41226"}],"wp:attachment":[{"href":"https:\/\/nordicmart.andreevmaster.com\/sv\/wp-json\/wp\/v2\/media?parent=13040"}],"wp:term":[{"taxonomy":"product_brand","embeddable":true,"href":"https:\/\/nordicmart.andreevmaster.com\/sv\/wp-json\/wp\/v2\/product_brand?post=13040"},{"taxonomy":"product_cat","embeddable":true,"href":"https:\/\/nordicmart.andreevmaster.com\/sv\/wp-json\/wp\/v2\/product_cat?post=13040"},{"taxonomy":"product_tag","embeddable":true,"href":"https:\/\/nordicmart.andreevmaster.com\/sv\/wp-json\/wp\/v2\/product_tag?post=13040"}],"curies":[{"name":"wp","href":"https:\/\/api.w.org\/{rel}","templated":true}]}}