{"id":13035,"date":"2026-02-27T00:16:17","date_gmt":"2026-02-27T00:16:17","guid":{"rendered":"https:\/\/nordicmart.andreevmaster.com\/product\/vasagle-matsalsstol-4-pack-i-chenillevav-skiffergra\/"},"modified":"2026-02-27T08:09:53","modified_gmt":"2026-02-27T08:09:53","slug":"vasagle-matsalsstol-4-pack-i-chenillevav-skiffergra","status":"publish","type":"product","link":"https:\/\/nordicmart.andreevmaster.com\/sv\/produkt\/vasagle-matsalsstol-4-pack-i-chenillevav-skiffergra\/","title":{"rendered":"VASAGLE matsalsstol 4-pack i chenillev\u00e4v, skiffergr\u00e5"},"content":{"rendered":"<p>VASAGLE Matsalsstol 4-pack, k\u00f6ksstol, stoppad stol, metallben, justerbara f\u00f6tter, l\u00e4ttsk\u00f6tt, chenille-tyg, PU med glaci\u00e4rinspirerat m\u00f6nster, kr\u00e4mvit KDC188W01<br \/>\nF\u00e4rg: Skiffergr\u00e5<br \/>\nMaterial: plywood, st\u00e5l, PU, chenille, skumplast<br \/>\nStorlek per stol: 55 x 43,5 x 85,5 cm (D x B x H)<br \/>\nTotalvikt: 4,7 kg<br \/>\nMax. statisk belastningskapacitet: 120 kg<\/p>\n","protected":false},"excerpt":{"rendered":"<p>VASAGLE Matsalsstol 4-pack, k\u00f6ksstol, stoppad stol, metallben, justerbara f\u00f6tter, l\u00e4ttsk\u00f6tt, chenille-tyg, PU med glaci\u00e4rinspirerat m\u00f6nster, kr\u00e4mvit KDC188W01<\/p>\n","protected":false},"featured_media":41221,"comment_status":"open","ping_status":"closed","template":"","meta":[],"product_brand":[],"product_cat":[33],"product_tag":[],"class_list":{"0":"post-13035","1":"product","2":"type-product","3":"status-publish","4":"has-post-thumbnail","6":"product_cat-okategoriserad","8":"first","9":"instock","10":"shipping-taxable","11":"purchasable","12":"product-type-simple"},"_links":{"self":[{"href":"https:\/\/nordicmart.andreevmaster.com\/sv\/wp-json\/wp\/v2\/product\/13035","targetHints":{"allow":["GET"]}}],"collection":[{"href":"https:\/\/nordicmart.andreevmaster.com\/sv\/wp-json\/wp\/v2\/product"}],"about":[{"href":"https:\/\/nordicmart.andreevmaster.com\/sv\/wp-json\/wp\/v2\/types\/product"}],"replies":[{"embeddable":true,"href":"https:\/\/nordicmart.andreevmaster.com\/sv\/wp-json\/wp\/v2\/comments?post=13035"}],"wp:featuredmedia":[{"embeddable":true,"href":"https:\/\/nordicmart.andreevmaster.com\/sv\/wp-json\/wp\/v2\/media\/41221"}],"wp:attachment":[{"href":"https:\/\/nordicmart.andreevmaster.com\/sv\/wp-json\/wp\/v2\/media?parent=13035"}],"wp:term":[{"taxonomy":"product_brand","embeddable":true,"href":"https:\/\/nordicmart.andreevmaster.com\/sv\/wp-json\/wp\/v2\/product_brand?post=13035"},{"taxonomy":"product_cat","embeddable":true,"href":"https:\/\/nordicmart.andreevmaster.com\/sv\/wp-json\/wp\/v2\/product_cat?post=13035"},{"taxonomy":"product_tag","embeddable":true,"href":"https:\/\/nordicmart.andreevmaster.com\/sv\/wp-json\/wp\/v2\/product_tag?post=13035"}],"curies":[{"name":"wp","href":"https:\/\/api.w.org\/{rel}","templated":true}]}}