{"id":13033,"date":"2026-02-27T00:16:17","date_gmt":"2026-02-27T00:16:17","guid":{"rendered":"https:\/\/nordicmart.andreevmaster.com\/product\/vasagle-matsalsstol-2-pack-med-utatstaende-ben\/"},"modified":"2026-02-27T08:09:53","modified_gmt":"2026-02-27T08:09:53","slug":"vasagle-matsalsstol-2-pack-med-utatstaende-ben","status":"publish","type":"product","link":"https:\/\/nordicmart.andreevmaster.com\/sv\/produkt\/vasagle-matsalsstol-2-pack-med-utatstaende-ben\/","title":{"rendered":"VASAGLE matsalsstol 2-pack med ut\u00e5tst\u00e5ende ben"},"content":{"rendered":"<p>VASAGLE matsalsstol 2-pack, k\u00f6ksstol, belastningskapacitet upp till 120 kg, kudde med 5,5 cm tjock skumplast, ut\u00e5tst\u00e5ende ben, f\u00f6r kontor och vardagsrum<br \/>\nF\u00e4rg: kr\u00e4mvit-molnvit<br \/>\nMaterial: plywood, st\u00e5l, polyuretan, fleece, skumplast<br \/>\nStorlek per stol: 61 x 56 x 81,5 cm (D x B x H)<br \/>\nVikt per stol: 12,4 kg<br \/>\nMax. statisk belastningskapacitet per stol: 120 kg<\/p>\n","protected":false},"excerpt":{"rendered":"<p>VASAGLE matsalsstol 2-pack, k\u00f6ksstol, belastningskapacitet upp till 120 kg, kudde med 5,5 cm tjock skumplast, ut\u00e5tst\u00e5ende ben, f\u00f6r kontor och vardagsrum<\/p>\n","protected":false},"featured_media":41219,"comment_status":"open","ping_status":"closed","template":"","meta":[],"product_brand":[],"product_cat":[33],"product_tag":[],"class_list":{"0":"post-13033","1":"product","2":"type-product","3":"status-publish","4":"has-post-thumbnail","6":"product_cat-okategoriserad","8":"first","9":"instock","10":"shipping-taxable","11":"purchasable","12":"product-type-simple"},"_links":{"self":[{"href":"https:\/\/nordicmart.andreevmaster.com\/sv\/wp-json\/wp\/v2\/product\/13033","targetHints":{"allow":["GET"]}}],"collection":[{"href":"https:\/\/nordicmart.andreevmaster.com\/sv\/wp-json\/wp\/v2\/product"}],"about":[{"href":"https:\/\/nordicmart.andreevmaster.com\/sv\/wp-json\/wp\/v2\/types\/product"}],"replies":[{"embeddable":true,"href":"https:\/\/nordicmart.andreevmaster.com\/sv\/wp-json\/wp\/v2\/comments?post=13033"}],"wp:featuredmedia":[{"embeddable":true,"href":"https:\/\/nordicmart.andreevmaster.com\/sv\/wp-json\/wp\/v2\/media\/41219"}],"wp:attachment":[{"href":"https:\/\/nordicmart.andreevmaster.com\/sv\/wp-json\/wp\/v2\/media?parent=13033"}],"wp:term":[{"taxonomy":"product_brand","embeddable":true,"href":"https:\/\/nordicmart.andreevmaster.com\/sv\/wp-json\/wp\/v2\/product_brand?post=13033"},{"taxonomy":"product_cat","embeddable":true,"href":"https:\/\/nordicmart.andreevmaster.com\/sv\/wp-json\/wp\/v2\/product_cat?post=13033"},{"taxonomy":"product_tag","embeddable":true,"href":"https:\/\/nordicmart.andreevmaster.com\/sv\/wp-json\/wp\/v2\/product_tag?post=13033"}],"curies":[{"name":"wp","href":"https:\/\/api.w.org\/{rel}","templated":true}]}}