{"id":13030,"date":"2026-02-27T00:16:16","date_gmt":"2026-02-27T00:16:16","guid":{"rendered":"https:\/\/nordicmart.andreevmaster.com\/product\/songmics-matstol-med-armstod-karamellbrun-black-svart\/"},"modified":"2026-02-27T08:09:52","modified_gmt":"2026-02-27T08:09:52","slug":"songmics-matstol-med-armstod-karamellbrun-black-svart","status":"publish","type":"product","link":"https:\/\/nordicmart.andreevmaster.com\/sv\/produkt\/songmics-matstol-med-armstod-karamellbrun-black-svart\/","title":{"rendered":"SONGMICS matstol med armst\u00f6d karamellbrun-bl\u00e4ck svart"},"content":{"rendered":"<p>SONGMICS matstolsstol, k\u00f6ksstol, snurrbar f\u00e5t\u00f6lj, sammet, stoppad stol med armst\u00f6d, belastningskapacitet upp till 120 kg, st\u00e5lben, f\u00f6r matsal och k\u00f6k, karamellbrun-bl\u00e4ck svart KDC161K01<br \/>\nF\u00e4rg: Karamellbrun-bl\u00e4svart<br \/>\nMaterial: st\u00e5l, sammet, skumplast, plywood<br \/>\nStorlek: 60 x 60 x 81,5 cm (D x B x H)<br \/>\nSitsbredd: 46,1 cm<br \/>\nSittdjup: 43 cm<br \/>\nRyggst\u00f6dets h\u00f6jd: 36,5 cm<br \/>\nSittdynans tjocklek: 8 cm<br \/>\nVikt: 7,6 kg<br \/>\nMax. statisk belastningskapacitet: 120 kg<\/p>\n","protected":false},"excerpt":{"rendered":"<p>SONGMICS matstolsstol, k\u00f6ksstol, snurrbar f\u00e5t\u00f6lj, sammet, stoppad stol med armst\u00f6d, belastningskapacitet upp till 120 kg, st\u00e5lben, f\u00f6r matsal och k\u00f6k, karamellbrun-bl\u00e4ck svart KDC161K01<\/p>\n","protected":false},"featured_media":41216,"comment_status":"open","ping_status":"closed","template":"","meta":[],"product_brand":[],"product_cat":[33],"product_tag":[],"class_list":{"0":"post-13030","1":"product","2":"type-product","3":"status-publish","4":"has-post-thumbnail","6":"product_cat-okategoriserad","8":"first","9":"instock","10":"shipping-taxable","11":"purchasable","12":"product-type-simple"},"_links":{"self":[{"href":"https:\/\/nordicmart.andreevmaster.com\/sv\/wp-json\/wp\/v2\/product\/13030","targetHints":{"allow":["GET"]}}],"collection":[{"href":"https:\/\/nordicmart.andreevmaster.com\/sv\/wp-json\/wp\/v2\/product"}],"about":[{"href":"https:\/\/nordicmart.andreevmaster.com\/sv\/wp-json\/wp\/v2\/types\/product"}],"replies":[{"embeddable":true,"href":"https:\/\/nordicmart.andreevmaster.com\/sv\/wp-json\/wp\/v2\/comments?post=13030"}],"wp:featuredmedia":[{"embeddable":true,"href":"https:\/\/nordicmart.andreevmaster.com\/sv\/wp-json\/wp\/v2\/media\/41216"}],"wp:attachment":[{"href":"https:\/\/nordicmart.andreevmaster.com\/sv\/wp-json\/wp\/v2\/media?parent=13030"}],"wp:term":[{"taxonomy":"product_brand","embeddable":true,"href":"https:\/\/nordicmart.andreevmaster.com\/sv\/wp-json\/wp\/v2\/product_brand?post=13030"},{"taxonomy":"product_cat","embeddable":true,"href":"https:\/\/nordicmart.andreevmaster.com\/sv\/wp-json\/wp\/v2\/product_cat?post=13030"},{"taxonomy":"product_tag","embeddable":true,"href":"https:\/\/nordicmart.andreevmaster.com\/sv\/wp-json\/wp\/v2\/product_tag?post=13030"}],"curies":[{"name":"wp","href":"https:\/\/api.w.org\/{rel}","templated":true}]}}