{"id":13027,"date":"2026-02-27T00:16:15","date_gmt":"2026-02-27T00:16:15","guid":{"rendered":"https:\/\/nordicmart.andreevmaster.com\/product\/vasagle-matsalsstol-2-pack-med-dubbla-kuddar-duvgra\/"},"modified":"2026-02-27T08:09:51","modified_gmt":"2026-02-27T08:09:51","slug":"vasagle-matsalsstol-2-pack-med-dubbla-kuddar-duvgra","status":"publish","type":"product","link":"https:\/\/nordicmart.andreevmaster.com\/sv\/produkt\/vasagle-matsalsstol-2-pack-med-dubbla-kuddar-duvgra\/","title":{"rendered":"VASAGLE Matsalsstol 2-pack med dubbla kuddar duvgr\u00e5"},"content":{"rendered":"<p>VASAGLE Matsalsstol 2-pack, k\u00f6ksstol, stoppad stol, chenille, stol, belastningskapacitet upp till 120 kg, dubbla kuddar, metallben, modern, f\u00f6r matsal, k\u00f6k, duvgr\u00e5 KDC151G01<br \/>\nF\u00e4rg: duvgr\u00e5<br \/>\nMaterial: st\u00e5l, chenille-tyg, skumplast, b\u00f6jd plywoodskiva<br \/>\nTotal storlek per stol: 56 x 50 x 81 cm (D x B x H)<br \/>\nSitsbredd: 48 cm<br \/>\nSittdjup: 43,5 cm<br \/>\nRyggst\u00f6dets h\u00f6jd: 42,5 cm<br \/>\nSitsh\u00f6jd (fr\u00e5n golvet): 42,1 cm<br \/>\nTotalvikt: 13,1 kg<br \/>\nMax. statisk belastningskapacitet per stol: 120 kg<\/p>\n","protected":false},"excerpt":{"rendered":"<p>VASAGLE Matsalsstol 2-pack, k\u00f6ksstol, stoppad stol, chenille, stol, belastningskapacitet upp till 120 kg, dubbla kuddar, metallben, modern, f\u00f6r matsal, k\u00f6k, duvgr\u00e5 KDC151G01<\/p>\n","protected":false},"featured_media":41213,"comment_status":"open","ping_status":"closed","template":"","meta":[],"product_brand":[],"product_cat":[33],"product_tag":[],"class_list":{"0":"post-13027","1":"product","2":"type-product","3":"status-publish","4":"has-post-thumbnail","6":"product_cat-okategoriserad","8":"first","9":"instock","10":"shipping-taxable","11":"purchasable","12":"product-type-simple"},"_links":{"self":[{"href":"https:\/\/nordicmart.andreevmaster.com\/sv\/wp-json\/wp\/v2\/product\/13027","targetHints":{"allow":["GET"]}}],"collection":[{"href":"https:\/\/nordicmart.andreevmaster.com\/sv\/wp-json\/wp\/v2\/product"}],"about":[{"href":"https:\/\/nordicmart.andreevmaster.com\/sv\/wp-json\/wp\/v2\/types\/product"}],"replies":[{"embeddable":true,"href":"https:\/\/nordicmart.andreevmaster.com\/sv\/wp-json\/wp\/v2\/comments?post=13027"}],"wp:featuredmedia":[{"embeddable":true,"href":"https:\/\/nordicmart.andreevmaster.com\/sv\/wp-json\/wp\/v2\/media\/41213"}],"wp:attachment":[{"href":"https:\/\/nordicmart.andreevmaster.com\/sv\/wp-json\/wp\/v2\/media?parent=13027"}],"wp:term":[{"taxonomy":"product_brand","embeddable":true,"href":"https:\/\/nordicmart.andreevmaster.com\/sv\/wp-json\/wp\/v2\/product_brand?post=13027"},{"taxonomy":"product_cat","embeddable":true,"href":"https:\/\/nordicmart.andreevmaster.com\/sv\/wp-json\/wp\/v2\/product_cat?post=13027"},{"taxonomy":"product_tag","embeddable":true,"href":"https:\/\/nordicmart.andreevmaster.com\/sv\/wp-json\/wp\/v2\/product_tag?post=13027"}],"curies":[{"name":"wp","href":"https:\/\/api.w.org\/{rel}","templated":true}]}}