{"id":13026,"date":"2026-02-27T00:16:15","date_gmt":"2026-02-27T00:16:15","guid":{"rendered":"https:\/\/nordicmart.andreevmaster.com\/product\/vasagle-matsalsstolar-2-pack-med-fleeceoverdrag-kramvit\/"},"modified":"2026-02-27T08:09:51","modified_gmt":"2026-02-27T08:09:51","slug":"vasagle-matsalsstolar-2-pack-med-fleeceoverdrag-kramvit","status":"publish","type":"product","link":"https:\/\/nordicmart.andreevmaster.com\/sv\/produkt\/vasagle-matsalsstolar-2-pack-med-fleeceoverdrag-kramvit\/","title":{"rendered":"VASAGLE matsalsstolar, 2-pack med fleece\u00f6verdrag, kr\u00e4mvit"},"content":{"rendered":"<p>VASAGLE Matsalsstol 2-pack, k\u00f6ksstol, stoppad stol, fleece-yta, sv\u00e4ngd ryggst\u00f6d, st\u00e5lram, modern, bl\u00e4ck svart KDC110B01<br \/>\nF\u00e4rg: kr\u00e4mvit<br \/>\nMaterial: skumplast, fleece, st\u00e5l, plywood<br \/>\nStorlek per stol: 59 x 48,5 x 82,5 cm (D x B x H)<br \/>\nTotalvikt: 10,2 kg<br \/>\nMax. statisk belastningskapacitet: 120 kg<\/p>\n","protected":false},"excerpt":{"rendered":"<p>VASAGLE Matsalsstol 2-pack, k\u00f6ksstol, stoppad stol, fleece-yta, sv\u00e4ngd ryggst\u00f6d, st\u00e5lram, modern, bl\u00e4ck svart KDC110B01<\/p>\n","protected":false},"featured_media":41212,"comment_status":"open","ping_status":"closed","template":"","meta":[],"product_brand":[],"product_cat":[33],"product_tag":[],"class_list":{"0":"post-13026","1":"product","2":"type-product","3":"status-publish","4":"has-post-thumbnail","6":"product_cat-okategoriserad","8":"first","9":"instock","10":"shipping-taxable","11":"purchasable","12":"product-type-simple"},"_links":{"self":[{"href":"https:\/\/nordicmart.andreevmaster.com\/sv\/wp-json\/wp\/v2\/product\/13026","targetHints":{"allow":["GET"]}}],"collection":[{"href":"https:\/\/nordicmart.andreevmaster.com\/sv\/wp-json\/wp\/v2\/product"}],"about":[{"href":"https:\/\/nordicmart.andreevmaster.com\/sv\/wp-json\/wp\/v2\/types\/product"}],"replies":[{"embeddable":true,"href":"https:\/\/nordicmart.andreevmaster.com\/sv\/wp-json\/wp\/v2\/comments?post=13026"}],"wp:featuredmedia":[{"embeddable":true,"href":"https:\/\/nordicmart.andreevmaster.com\/sv\/wp-json\/wp\/v2\/media\/41212"}],"wp:attachment":[{"href":"https:\/\/nordicmart.andreevmaster.com\/sv\/wp-json\/wp\/v2\/media?parent=13026"}],"wp:term":[{"taxonomy":"product_brand","embeddable":true,"href":"https:\/\/nordicmart.andreevmaster.com\/sv\/wp-json\/wp\/v2\/product_brand?post=13026"},{"taxonomy":"product_cat","embeddable":true,"href":"https:\/\/nordicmart.andreevmaster.com\/sv\/wp-json\/wp\/v2\/product_cat?post=13026"},{"taxonomy":"product_tag","embeddable":true,"href":"https:\/\/nordicmart.andreevmaster.com\/sv\/wp-json\/wp\/v2\/product_tag?post=13026"}],"curies":[{"name":"wp","href":"https:\/\/api.w.org\/{rel}","templated":true}]}}