{"id":13020,"date":"2026-02-27T00:16:14","date_gmt":"2026-02-27T00:16:14","guid":{"rendered":"https:\/\/nordicmart.andreevmaster.com\/product\/songmics-liten-diskstall-diskstall-for-diskbank-diskstall\/"},"modified":"2026-02-27T08:09:50","modified_gmt":"2026-02-27T08:09:50","slug":"songmics-liten-diskstall-diskstall-for-diskbank-diskstall","status":"publish","type":"product","link":"https:\/\/nordicmart.andreevmaster.com\/sv\/produkt\/songmics-liten-diskstall-diskstall-for-diskbank-diskstall\/","title":{"rendered":"SONGMICS liten diskst\u00e4ll, diskst\u00e4ll f\u00f6r diskb\u00e4nk, diskst\u00e4ll"},"content":{"rendered":"<p>SONGMICS diskst\u00e4ll, diskst\u00e4ll f\u00f6r diskho, diskst\u00e4ll, diskst\u00e4ll i rostfritt st\u00e5l, diskbricka, bestickh\u00e5llare, rostfri koppst\u00e4ll, f\u00f6r disk, silver-svart KCS034B01<br \/>\nSpecifikationer:<br \/>\n&#8211; M\u00e5tt: 20,6 x 44,5 x 13,1 cm (D x B x H)<br \/>\n&#8211; Vikt: 1 kg<br \/>\n&#8211; Maximal statisk totalbelastning: 12 kg<br \/>\n&#8211; Material: Rostfritt st\u00e5l, PP-plast (polypropen)<br \/>\n&#8211; F\u00e4rg: silver-svart<\/p>\n","protected":false},"excerpt":{"rendered":"<p>SONGMICS diskst\u00e4ll, diskst\u00e4ll f\u00f6r diskho, diskst\u00e4ll, diskst\u00e4ll i rostfritt st\u00e5l, diskbricka, bestickh\u00e5llare, rostfri koppst\u00e4ll, f\u00f6r disk, silver-svart KCS034B01<\/p>\n","protected":false},"featured_media":41206,"comment_status":"open","ping_status":"closed","template":"","meta":[],"product_brand":[],"product_cat":[33],"product_tag":[],"class_list":{"0":"post-13020","1":"product","2":"type-product","3":"status-publish","4":"has-post-thumbnail","6":"product_cat-okategoriserad","8":"first","9":"instock","10":"shipping-taxable","11":"purchasable","12":"product-type-simple"},"_links":{"self":[{"href":"https:\/\/nordicmart.andreevmaster.com\/sv\/wp-json\/wp\/v2\/product\/13020","targetHints":{"allow":["GET"]}}],"collection":[{"href":"https:\/\/nordicmart.andreevmaster.com\/sv\/wp-json\/wp\/v2\/product"}],"about":[{"href":"https:\/\/nordicmart.andreevmaster.com\/sv\/wp-json\/wp\/v2\/types\/product"}],"replies":[{"embeddable":true,"href":"https:\/\/nordicmart.andreevmaster.com\/sv\/wp-json\/wp\/v2\/comments?post=13020"}],"wp:featuredmedia":[{"embeddable":true,"href":"https:\/\/nordicmart.andreevmaster.com\/sv\/wp-json\/wp\/v2\/media\/41206"}],"wp:attachment":[{"href":"https:\/\/nordicmart.andreevmaster.com\/sv\/wp-json\/wp\/v2\/media?parent=13020"}],"wp:term":[{"taxonomy":"product_brand","embeddable":true,"href":"https:\/\/nordicmart.andreevmaster.com\/sv\/wp-json\/wp\/v2\/product_brand?post=13020"},{"taxonomy":"product_cat","embeddable":true,"href":"https:\/\/nordicmart.andreevmaster.com\/sv\/wp-json\/wp\/v2\/product_cat?post=13020"},{"taxonomy":"product_tag","embeddable":true,"href":"https:\/\/nordicmart.andreevmaster.com\/sv\/wp-json\/wp\/v2\/product_tag?post=13020"}],"curies":[{"name":"wp","href":"https:\/\/api.w.org\/{rel}","templated":true}]}}