{"id":13017,"date":"2026-02-27T00:16:13","date_gmt":"2026-02-27T00:16:13","guid":{"rendered":"https:\/\/nordicmart.andreevmaster.com\/product\/songmics-kryddhylla-2-pack-koksorganiserare-kokshylla\/"},"modified":"2026-02-27T08:09:50","modified_gmt":"2026-02-27T08:09:50","slug":"songmics-kryddhylla-2-pack-koksorganiserare-kokshylla","status":"publish","type":"product","link":"https:\/\/nordicmart.andreevmaster.com\/sv\/produkt\/songmics-kryddhylla-2-pack-koksorganiserare-kokshylla\/","title":{"rendered":"SONGMICS kryddhylla, 2-pack k\u00f6ksorganiserare, k\u00f6kshylla"},"content":{"rendered":"<p>Rensa upp p\u00e5 arbetsb\u00e4nken: En r\u00f6rig samling ingredienser p\u00e5 arbetsb\u00e4nken kan vara frustrerande och g\u00f6ra det sv\u00e5rt att hitta r\u00e4tt kryddburk p\u00e5 n\u00e5gra sekunder n\u00e4r du lagar mat. H\u00e4r kommer l\u00f6sningen: dessa charmiga hyllor ger dig tv\u00e5 niv\u00e5er f\u00f6r att \u00e5terf\u00e5 b\u00e5de utrymme och ordning och stil. L\u00e5t fantasin fl\u00f6da: skapa en mini-testation i vardagsrummet, anv\u00e4nd hyllorna i badrummet f\u00f6r dina toalettartiklar och smink eller l\u00e4gg dina dagliga kontorsmaterial p\u00e5 dem f\u00f6r att \u00e5terf\u00e5 ett st\u00e4dat skrivbord. Denna hyllserie \u00e4r inte bara avsedd f\u00f6r kryddburkar och glasburkar! Produktdetaljer: F\u00e4rg: Vintagebrun-svart Material: Metall, sp\u00e5nskiva Storlek p\u00e5 den stora hyllan: 29,7 x 19,5 x 15,5 cm (L x B x H)Storlek p\u00e5 det lilla hyllan: 29,7 x 18,5 x 13,6 cm (L x B x H) Totalvikt: 1,3 kg Max. statisk belastningskapacitet per hylla: 15 kg Leveransomfattning: 2 x kryddhylla 1 x tillbeh\u00f6rspaket 1 x instruktioner SONGMICS Anm\u00e4rkningar: F\u00f6lj instruktionerna f\u00f6r stapling.Undvik l\u00e5ngvarig anv\u00e4ndning i fuktiga milj\u00f6er.<\/p>\n","protected":false},"excerpt":{"rendered":"<p>Kryddhylla, 2-pack k\u00f6ksorganiserare, k\u00f6kshylla, sk\u00e5psorganiserare f\u00f6r k\u00f6k, utbyggbar, stapelbar, bl\u00e4ck svart-vintagebrun<\/p>\n","protected":false},"featured_media":41203,"comment_status":"open","ping_status":"closed","template":"","meta":[],"product_brand":[],"product_cat":[33],"product_tag":[],"class_list":{"0":"post-13017","1":"product","2":"type-product","3":"status-publish","4":"has-post-thumbnail","6":"product_cat-okategoriserad","8":"first","9":"instock","10":"shipping-taxable","11":"purchasable","12":"product-type-simple"},"_links":{"self":[{"href":"https:\/\/nordicmart.andreevmaster.com\/sv\/wp-json\/wp\/v2\/product\/13017","targetHints":{"allow":["GET"]}}],"collection":[{"href":"https:\/\/nordicmart.andreevmaster.com\/sv\/wp-json\/wp\/v2\/product"}],"about":[{"href":"https:\/\/nordicmart.andreevmaster.com\/sv\/wp-json\/wp\/v2\/types\/product"}],"replies":[{"embeddable":true,"href":"https:\/\/nordicmart.andreevmaster.com\/sv\/wp-json\/wp\/v2\/comments?post=13017"}],"wp:featuredmedia":[{"embeddable":true,"href":"https:\/\/nordicmart.andreevmaster.com\/sv\/wp-json\/wp\/v2\/media\/41203"}],"wp:attachment":[{"href":"https:\/\/nordicmart.andreevmaster.com\/sv\/wp-json\/wp\/v2\/media?parent=13017"}],"wp:term":[{"taxonomy":"product_brand","embeddable":true,"href":"https:\/\/nordicmart.andreevmaster.com\/sv\/wp-json\/wp\/v2\/product_brand?post=13017"},{"taxonomy":"product_cat","embeddable":true,"href":"https:\/\/nordicmart.andreevmaster.com\/sv\/wp-json\/wp\/v2\/product_cat?post=13017"},{"taxonomy":"product_tag","embeddable":true,"href":"https:\/\/nordicmart.andreevmaster.com\/sv\/wp-json\/wp\/v2\/product_tag?post=13017"}],"curies":[{"name":"wp","href":"https:\/\/api.w.org\/{rel}","templated":true}]}}