{"id":13014,"date":"2026-02-27T00:16:12","date_gmt":"2026-02-27T00:16:12","guid":{"rendered":"https:\/\/nordicmart.andreevmaster.com\/product\/songmics-koksorganiserare-kokshylla-forvaringssystem\/"},"modified":"2026-02-27T08:09:49","modified_gmt":"2026-02-27T08:09:49","slug":"songmics-koksorganiserare-kokshylla-forvaringssystem","status":"publish","type":"product","link":"https:\/\/nordicmart.andreevmaster.com\/sv\/produkt\/songmics-koksorganiserare-kokshylla-forvaringssystem\/","title":{"rendered":"SONGMICS k\u00f6ksorganiserare, k\u00f6kshylla, f\u00f6rvaringssystem"},"content":{"rendered":"<p>SONGMICS F\u00f6rvaringssystem f\u00f6r k\u00f6k, 2 utdragbara l\u00e5dor f\u00f6r sk\u00e5p, stapelbara l\u00e5dor, f\u00f6r k\u00f6k, badrum, silver KCS017E01<br \/>\nSpecifikationer:<br \/>\n&#8211; M\u00e5tt:<br \/>\n&#8211; Med 2 korgar inuti ramen: 21 x 36,5 x 27,2 cm (D x B x H)<br \/>\n&#8211; Med en stor korg p\u00e5 \u00f6versta niv\u00e5n: 21 x 36,5 x 33,7 cm (D x B x H)<br \/>\n&#8211; Med en liten korg p\u00e5 \u00f6versta niv\u00e5n: 21 x 36,5 x 31,5 cm (D x B x H)<br \/>\n&#8211; M\u00e5tt p\u00e5 den stora korgen: 19 x 36,5 x 10 cm (D x B x H)<br \/>\n&#8211; M\u00e5tt p\u00e5 den lilla korgen: 18 x 36 x 8,5 cm (D x B x H)<br \/>\n&#8211; Vikt: 1,6 kg<br \/>\n&#8211; Max. statisk b\u00e4rf\u00f6rm\u00e5ga per korg: 10 kg<br \/>\n&#8211; Material: st\u00e5l<br \/>\n&#8211; F\u00e4rg: svart<\/p>\n","protected":false},"excerpt":{"rendered":"<p>SONGMICS F\u00f6rvaringssystem f\u00f6r k\u00f6k, 2 utdragbara l\u00e5dor f\u00f6r sk\u00e5p, stapelbara l\u00e5dor, f\u00f6r k\u00f6k, badrum, silver KCS017E01<\/p>\n","protected":false},"featured_media":41200,"comment_status":"open","ping_status":"closed","template":"","meta":[],"product_brand":[],"product_cat":[33],"product_tag":[],"class_list":{"0":"post-13014","1":"product","2":"type-product","3":"status-publish","4":"has-post-thumbnail","6":"product_cat-okategoriserad","8":"first","9":"instock","10":"shipping-taxable","11":"purchasable","12":"product-type-simple"},"_links":{"self":[{"href":"https:\/\/nordicmart.andreevmaster.com\/sv\/wp-json\/wp\/v2\/product\/13014","targetHints":{"allow":["GET"]}}],"collection":[{"href":"https:\/\/nordicmart.andreevmaster.com\/sv\/wp-json\/wp\/v2\/product"}],"about":[{"href":"https:\/\/nordicmart.andreevmaster.com\/sv\/wp-json\/wp\/v2\/types\/product"}],"replies":[{"embeddable":true,"href":"https:\/\/nordicmart.andreevmaster.com\/sv\/wp-json\/wp\/v2\/comments?post=13014"}],"wp:featuredmedia":[{"embeddable":true,"href":"https:\/\/nordicmart.andreevmaster.com\/sv\/wp-json\/wp\/v2\/media\/41200"}],"wp:attachment":[{"href":"https:\/\/nordicmart.andreevmaster.com\/sv\/wp-json\/wp\/v2\/media?parent=13014"}],"wp:term":[{"taxonomy":"product_brand","embeddable":true,"href":"https:\/\/nordicmart.andreevmaster.com\/sv\/wp-json\/wp\/v2\/product_brand?post=13014"},{"taxonomy":"product_cat","embeddable":true,"href":"https:\/\/nordicmart.andreevmaster.com\/sv\/wp-json\/wp\/v2\/product_cat?post=13014"},{"taxonomy":"product_tag","embeddable":true,"href":"https:\/\/nordicmart.andreevmaster.com\/sv\/wp-json\/wp\/v2\/product_tag?post=13014"}],"curies":[{"name":"wp","href":"https:\/\/api.w.org\/{rel}","templated":true}]}}