{"id":13012,"date":"2026-02-27T00:16:12","date_gmt":"2026-02-27T00:16:12","guid":{"rendered":"https:\/\/nordicmart.andreevmaster.com\/product\/songmics-diskstall-med-silikonmatta-och-avrinningsskal-mattvit-duvgra\/"},"modified":"2026-02-27T08:09:49","modified_gmt":"2026-02-27T08:09:49","slug":"songmics-diskstall-med-silikonmatta-och-avrinningsskal-mattvit-duvgra","status":"publish","type":"product","link":"https:\/\/nordicmart.andreevmaster.com\/sv\/produkt\/songmics-diskstall-med-silikonmatta-och-avrinningsskal-mattvit-duvgra\/","title":{"rendered":"SONGMICS diskst\u00e4ll med silikonmatta och avrinningssk\u00e5l, mattvit-duvgr\u00e5"},"content":{"rendered":"<p>SONGMICS diskst\u00e4ll, diskst\u00e4ll, 360\u00b0 vridbart och utdragbart avrinningsr\u00f6r, avrinningssk\u00e5l, bestickh\u00e5llare, k\u00f6k, 31 x 42 x 18,5 cm, bl\u00e4ck svart KCS550B01<br \/>\nF\u00e4rg: Mattvit-duvgr\u00e5<br \/>\nMaterial: St\u00e5l, PP-plast (polypropen)<br \/>\nStorlek: (31-56) x 42 x 20 cm (D x B x H)<br \/>\nVikt: 2,1 kg<\/p>\n","protected":false},"excerpt":{"rendered":"<p>SONGMICS diskst\u00e4ll, diskst\u00e4ll, 360\u00b0 vridbart och utdragbart avrinningsr\u00f6r, avrinningssk\u00e5l, bestickh\u00e5llare, k\u00f6k, 31 x 42 x 18,5 cm, bl\u00e4ck svart KCS550B01<\/p>\n","protected":false},"featured_media":41198,"comment_status":"open","ping_status":"closed","template":"","meta":[],"product_brand":[],"product_cat":[33],"product_tag":[],"class_list":{"0":"post-13012","1":"product","2":"type-product","3":"status-publish","4":"has-post-thumbnail","6":"product_cat-okategoriserad","8":"first","9":"instock","10":"shipping-taxable","11":"purchasable","12":"product-type-simple"},"_links":{"self":[{"href":"https:\/\/nordicmart.andreevmaster.com\/sv\/wp-json\/wp\/v2\/product\/13012","targetHints":{"allow":["GET"]}}],"collection":[{"href":"https:\/\/nordicmart.andreevmaster.com\/sv\/wp-json\/wp\/v2\/product"}],"about":[{"href":"https:\/\/nordicmart.andreevmaster.com\/sv\/wp-json\/wp\/v2\/types\/product"}],"replies":[{"embeddable":true,"href":"https:\/\/nordicmart.andreevmaster.com\/sv\/wp-json\/wp\/v2\/comments?post=13012"}],"wp:featuredmedia":[{"embeddable":true,"href":"https:\/\/nordicmart.andreevmaster.com\/sv\/wp-json\/wp\/v2\/media\/41198"}],"wp:attachment":[{"href":"https:\/\/nordicmart.andreevmaster.com\/sv\/wp-json\/wp\/v2\/media?parent=13012"}],"wp:term":[{"taxonomy":"product_brand","embeddable":true,"href":"https:\/\/nordicmart.andreevmaster.com\/sv\/wp-json\/wp\/v2\/product_brand?post=13012"},{"taxonomy":"product_cat","embeddable":true,"href":"https:\/\/nordicmart.andreevmaster.com\/sv\/wp-json\/wp\/v2\/product_cat?post=13012"},{"taxonomy":"product_tag","embeddable":true,"href":"https:\/\/nordicmart.andreevmaster.com\/sv\/wp-json\/wp\/v2\/product_tag?post=13012"}],"curies":[{"name":"wp","href":"https:\/\/api.w.org\/{rel}","templated":true}]}}