{"id":13009,"date":"2026-02-27T00:16:11","date_gmt":"2026-02-27T00:16:11","guid":{"rendered":"https:\/\/nordicmart.andreevmaster.com\/product\/songmics-diskstall-med-uppsamlingsskal-och-bestickhallare-black-svart\/"},"modified":"2026-02-27T08:09:48","modified_gmt":"2026-02-27T08:09:48","slug":"songmics-diskstall-med-uppsamlingsskal-och-bestickhallare-black-svart","status":"publish","type":"product","link":"https:\/\/nordicmart.andreevmaster.com\/sv\/produkt\/songmics-diskstall-med-uppsamlingsskal-och-bestickhallare-black-svart\/","title":{"rendered":"SONGMICS Diskst\u00e4ll med uppsamlingssk\u00e5l och bestickh\u00e5llare, bl\u00e4ck svart"},"content":{"rendered":"<p>SONGMICS diskst\u00e4ll, diskst\u00e4ll, 360\u00b0 vridbart och utdragbart avrinningsr\u00f6r, avrinningssk\u00e5l, bestickh\u00e5llare, k\u00f6k, 31 x 42 x 18,5 cm, bl\u00e4ck svart KCS550B01<br \/>\nF\u00e4rg: bl\u00e4ck svart<br \/>\nMaterial: St\u00e5l, PP-plast (polypropen)<br \/>\nStorlek: 31 x 42 x 18,5 cm (D x B x H)<br \/>\nVikt: 1,2 kg<\/p>\n","protected":false},"excerpt":{"rendered":"<p>SONGMICS diskst\u00e4ll, diskst\u00e4ll, 360\u00b0 vridbart och utdragbart avrinningsr\u00f6r, avrinningssk\u00e5l, bestickh\u00e5llare, k\u00f6k, 31 x 42 x 18,5 cm, bl\u00e4ck svart KCS550B01<\/p>\n","protected":false},"featured_media":41195,"comment_status":"open","ping_status":"closed","template":"","meta":[],"product_brand":[],"product_cat":[33],"product_tag":[],"class_list":{"0":"post-13009","1":"product","2":"type-product","3":"status-publish","4":"has-post-thumbnail","6":"product_cat-okategoriserad","8":"first","9":"instock","10":"shipping-taxable","11":"purchasable","12":"product-type-simple"},"_links":{"self":[{"href":"https:\/\/nordicmart.andreevmaster.com\/sv\/wp-json\/wp\/v2\/product\/13009","targetHints":{"allow":["GET"]}}],"collection":[{"href":"https:\/\/nordicmart.andreevmaster.com\/sv\/wp-json\/wp\/v2\/product"}],"about":[{"href":"https:\/\/nordicmart.andreevmaster.com\/sv\/wp-json\/wp\/v2\/types\/product"}],"replies":[{"embeddable":true,"href":"https:\/\/nordicmart.andreevmaster.com\/sv\/wp-json\/wp\/v2\/comments?post=13009"}],"wp:featuredmedia":[{"embeddable":true,"href":"https:\/\/nordicmart.andreevmaster.com\/sv\/wp-json\/wp\/v2\/media\/41195"}],"wp:attachment":[{"href":"https:\/\/nordicmart.andreevmaster.com\/sv\/wp-json\/wp\/v2\/media?parent=13009"}],"wp:term":[{"taxonomy":"product_brand","embeddable":true,"href":"https:\/\/nordicmart.andreevmaster.com\/sv\/wp-json\/wp\/v2\/product_brand?post=13009"},{"taxonomy":"product_cat","embeddable":true,"href":"https:\/\/nordicmart.andreevmaster.com\/sv\/wp-json\/wp\/v2\/product_cat?post=13009"},{"taxonomy":"product_tag","embeddable":true,"href":"https:\/\/nordicmart.andreevmaster.com\/sv\/wp-json\/wp\/v2\/product_tag?post=13009"}],"curies":[{"name":"wp","href":"https:\/\/api.w.org\/{rel}","templated":true}]}}