{"id":13003,"date":"2026-02-27T00:16:09","date_gmt":"2026-02-27T00:16:09","guid":{"rendered":"https:\/\/nordicmart.andreevmaster.com\/product\/songmics-kryddhyllor-3-pack-stapelbara-och-utbyggbara-antracitgra-matt-svart\/"},"modified":"2026-02-27T08:09:47","modified_gmt":"2026-02-27T08:09:47","slug":"songmics-kryddhyllor-3-pack-stapelbara-och-utbyggbara-antracitgra-matt-svart","status":"publish","type":"product","link":"https:\/\/nordicmart.andreevmaster.com\/sv\/produkt\/songmics-kryddhyllor-3-pack-stapelbara-och-utbyggbara-antracitgra-matt-svart\/","title":{"rendered":"SONGMICS kryddhyllor, 3-pack, stapelbara och utbyggbara, antracitgr\u00e5-matt svart"},"content":{"rendered":"<p>SONGMICS kryddhylla, 3-pack k\u00f6ksorganiserare, k\u00f6kshylla, stapelbar, utbyggbar, metall och bambu, bl\u00e4ck svart-naturbeige KCS014B01<br \/>\nF\u00e4rg: Antracitgr\u00e5-matt svart<br \/>\nMaterial: metall, tr\u00e4baserat material<br \/>\nStorlek p\u00e5 det st\u00f6rre hyllan: 19,5 x 29,7 x 15,8 cm (D x B x H)<br \/>\nStorlek p\u00e5 det medelstora hyllplanet: 18,5 x 29,7 x 13,7 cm (D x B x H)<br \/>\nStorlek p\u00e5 det mindre hyllan: 17,5 x 29,7 x 11,6 cm (D x B x H)<br \/>\nTotalvikt: 2,4 kg<br \/>\nMax. statisk belastningskapacitet per hylla: 5 kg<\/p>\n","protected":false},"excerpt":{"rendered":"<p>SONGMICS kryddhylla, 3-pack k\u00f6ksorganiserare, k\u00f6kshylla, stapelbar, utbyggbar, metall och bambu, bl\u00e4ck svart-naturbeige KCS014B01<\/p>\n","protected":false},"featured_media":41189,"comment_status":"open","ping_status":"closed","template":"","meta":[],"product_brand":[],"product_cat":[33],"product_tag":[],"class_list":{"0":"post-13003","1":"product","2":"type-product","3":"status-publish","4":"has-post-thumbnail","6":"product_cat-okategoriserad","8":"first","9":"instock","10":"shipping-taxable","11":"purchasable","12":"product-type-simple"},"_links":{"self":[{"href":"https:\/\/nordicmart.andreevmaster.com\/sv\/wp-json\/wp\/v2\/product\/13003","targetHints":{"allow":["GET"]}}],"collection":[{"href":"https:\/\/nordicmart.andreevmaster.com\/sv\/wp-json\/wp\/v2\/product"}],"about":[{"href":"https:\/\/nordicmart.andreevmaster.com\/sv\/wp-json\/wp\/v2\/types\/product"}],"replies":[{"embeddable":true,"href":"https:\/\/nordicmart.andreevmaster.com\/sv\/wp-json\/wp\/v2\/comments?post=13003"}],"wp:featuredmedia":[{"embeddable":true,"href":"https:\/\/nordicmart.andreevmaster.com\/sv\/wp-json\/wp\/v2\/media\/41189"}],"wp:attachment":[{"href":"https:\/\/nordicmart.andreevmaster.com\/sv\/wp-json\/wp\/v2\/media?parent=13003"}],"wp:term":[{"taxonomy":"product_brand","embeddable":true,"href":"https:\/\/nordicmart.andreevmaster.com\/sv\/wp-json\/wp\/v2\/product_brand?post=13003"},{"taxonomy":"product_cat","embeddable":true,"href":"https:\/\/nordicmart.andreevmaster.com\/sv\/wp-json\/wp\/v2\/product_cat?post=13003"},{"taxonomy":"product_tag","embeddable":true,"href":"https:\/\/nordicmart.andreevmaster.com\/sv\/wp-json\/wp\/v2\/product_tag?post=13003"}],"curies":[{"name":"wp","href":"https:\/\/api.w.org\/{rel}","templated":true}]}}