{"id":13002,"date":"2026-02-27T00:16:09","date_gmt":"2026-02-27T00:16:09","guid":{"rendered":"https:\/\/nordicmart.andreevmaster.com\/product\/songmics-kryddhyllor-2-pack-med-4-hyllplan-vardera-naturbeige-molnvit\/"},"modified":"2026-02-27T08:09:47","modified_gmt":"2026-02-27T08:09:47","slug":"songmics-kryddhyllor-2-pack-med-4-hyllplan-vardera-naturbeige-molnvit","status":"publish","type":"product","link":"https:\/\/nordicmart.andreevmaster.com\/sv\/produkt\/songmics-kryddhyllor-2-pack-med-4-hyllplan-vardera-naturbeige-molnvit\/","title":{"rendered":"SONGMICS kryddhyllor, 2-pack med 4 hyllplan vardera, naturbeige-molnvit"},"content":{"rendered":"<p>SONGMICS kryddhyllor, st\u00e5ende k\u00f6kshyllor, k\u00f6ksorganiserare, 2-pack, tr\u00e4baserat material, 4 hyllplan vardera, utdragbara, stapelbara, f\u00f6r skafferi, b\u00e4nkskiva<br \/>\nF\u00e4rg: Naturbeige-Molnvit<br \/>\nMaterial: Tr\u00e4material, st\u00e5l<br \/>\nStorlek p\u00e5 det stora hyllan: 31,9 x 32 x 14,8 cm (D x B x H)<br \/>\nStorlek p\u00e5 det lilla hyllan: 31 x 32 x 12,8 cm (D x B x H)<br \/>\nTotalvikt: 2,2 kg<br \/>\nMax. statisk belastningskapacitet per niv\u00e5: 3 kg<br \/>\nMax. statisk belastningskapacitet totalt per hylla: 12 kg<\/p>\n","protected":false},"excerpt":{"rendered":"<p>SONGMICS kryddhyllor, st\u00e5ende k\u00f6kshyllor, k\u00f6ksorganiserare, 2-pack, tr\u00e4baserat material, 4 hyllplan vardera, utdragbara, stapelbara, f\u00f6r skafferi, b\u00e4nkskiva<\/p>\n","protected":false},"featured_media":41188,"comment_status":"open","ping_status":"closed","template":"","meta":[],"product_brand":[],"product_cat":[33],"product_tag":[],"class_list":{"0":"post-13002","1":"product","2":"type-product","3":"status-publish","4":"has-post-thumbnail","6":"product_cat-okategoriserad","8":"first","9":"instock","10":"shipping-taxable","11":"purchasable","12":"product-type-simple"},"_links":{"self":[{"href":"https:\/\/nordicmart.andreevmaster.com\/sv\/wp-json\/wp\/v2\/product\/13002","targetHints":{"allow":["GET"]}}],"collection":[{"href":"https:\/\/nordicmart.andreevmaster.com\/sv\/wp-json\/wp\/v2\/product"}],"about":[{"href":"https:\/\/nordicmart.andreevmaster.com\/sv\/wp-json\/wp\/v2\/types\/product"}],"replies":[{"embeddable":true,"href":"https:\/\/nordicmart.andreevmaster.com\/sv\/wp-json\/wp\/v2\/comments?post=13002"}],"wp:featuredmedia":[{"embeddable":true,"href":"https:\/\/nordicmart.andreevmaster.com\/sv\/wp-json\/wp\/v2\/media\/41188"}],"wp:attachment":[{"href":"https:\/\/nordicmart.andreevmaster.com\/sv\/wp-json\/wp\/v2\/media?parent=13002"}],"wp:term":[{"taxonomy":"product_brand","embeddable":true,"href":"https:\/\/nordicmart.andreevmaster.com\/sv\/wp-json\/wp\/v2\/product_brand?post=13002"},{"taxonomy":"product_cat","embeddable":true,"href":"https:\/\/nordicmart.andreevmaster.com\/sv\/wp-json\/wp\/v2\/product_cat?post=13002"},{"taxonomy":"product_tag","embeddable":true,"href":"https:\/\/nordicmart.andreevmaster.com\/sv\/wp-json\/wp\/v2\/product_tag?post=13002"}],"curies":[{"name":"wp","href":"https:\/\/api.w.org\/{rel}","templated":true}]}}