{"id":12995,"date":"2026-02-27T00:16:07","date_gmt":"2026-02-27T00:16:07","guid":{"rendered":"https:\/\/nordicmart.andreevmaster.com\/product\/songmics-koksorganiserare-2-pack-metall-black-svart-naturbeige\/"},"modified":"2026-02-27T08:09:46","modified_gmt":"2026-02-27T08:09:46","slug":"songmics-koksorganiserare-2-pack-metall-black-svart-naturbeige","status":"publish","type":"product","link":"https:\/\/nordicmart.andreevmaster.com\/sv\/produkt\/songmics-koksorganiserare-2-pack-metall-black-svart-naturbeige\/","title":{"rendered":"SONGMICS k\u00f6ksorganiserare, 2-pack, metall, bl\u00e4ck svart-naturbeige"},"content":{"rendered":"<p>SONGMICS kryddhylla, 2-pack k\u00f6ksorganiserare, k\u00f6kshylla, sk\u00e5psorganiserare f\u00f6r k\u00f6k, utbyggbar, liten hylla, stapelbar, metall och tr\u00e4material<br \/>\nF\u00e4rg: Bl\u00e4ksvart-naturbeige<br \/>\nMaterial: metall, tr\u00e4baserat material<br \/>\nStorlek p\u00e5 det stora hyllplanet: 19,5 x 39,7 x 15,5 cm (D x B x H)<br \/>\nStorlek p\u00e5 den lilla hyllan: 18,5 x 39,7 x 13,6 cm (D x B x H)<br \/>\nTotalvikt: 1,9 kg<br \/>\nMax. statisk belastningskapacitet per hylla: 15 kg<\/p>\n","protected":false},"excerpt":{"rendered":"<p>SONGMICS kryddhylla, 2-pack k\u00f6ksorganiserare, k\u00f6kshylla, sk\u00e5psorganiserare f\u00f6r k\u00f6k, utbyggbar, liten hylla, stapelbar, metall och tr\u00e4material<\/p>\n","protected":false},"featured_media":41181,"comment_status":"open","ping_status":"closed","template":"","meta":[],"product_brand":[],"product_cat":[33],"product_tag":[],"class_list":{"0":"post-12995","1":"product","2":"type-product","3":"status-publish","4":"has-post-thumbnail","6":"product_cat-okategoriserad","8":"first","9":"instock","10":"shipping-taxable","11":"purchasable","12":"product-type-simple"},"_links":{"self":[{"href":"https:\/\/nordicmart.andreevmaster.com\/sv\/wp-json\/wp\/v2\/product\/12995","targetHints":{"allow":["GET"]}}],"collection":[{"href":"https:\/\/nordicmart.andreevmaster.com\/sv\/wp-json\/wp\/v2\/product"}],"about":[{"href":"https:\/\/nordicmart.andreevmaster.com\/sv\/wp-json\/wp\/v2\/types\/product"}],"replies":[{"embeddable":true,"href":"https:\/\/nordicmart.andreevmaster.com\/sv\/wp-json\/wp\/v2\/comments?post=12995"}],"wp:featuredmedia":[{"embeddable":true,"href":"https:\/\/nordicmart.andreevmaster.com\/sv\/wp-json\/wp\/v2\/media\/41181"}],"wp:attachment":[{"href":"https:\/\/nordicmart.andreevmaster.com\/sv\/wp-json\/wp\/v2\/media?parent=12995"}],"wp:term":[{"taxonomy":"product_brand","embeddable":true,"href":"https:\/\/nordicmart.andreevmaster.com\/sv\/wp-json\/wp\/v2\/product_brand?post=12995"},{"taxonomy":"product_cat","embeddable":true,"href":"https:\/\/nordicmart.andreevmaster.com\/sv\/wp-json\/wp\/v2\/product_cat?post=12995"},{"taxonomy":"product_tag","embeddable":true,"href":"https:\/\/nordicmart.andreevmaster.com\/sv\/wp-json\/wp\/v2\/product_tag?post=12995"}],"curies":[{"name":"wp","href":"https:\/\/api.w.org\/{rel}","templated":true}]}}