{"id":12994,"date":"2026-02-27T00:16:07","date_gmt":"2026-02-27T00:16:07","guid":{"rendered":"https:\/\/nordicmart.andreevmaster.com\/product\/songmics-koksorganiserare-2-pack-med-3-hyllor-vardera-snovit-molnvit\/"},"modified":"2026-02-27T08:09:46","modified_gmt":"2026-02-27T08:09:46","slug":"songmics-koksorganiserare-2-pack-med-3-hyllor-vardera-snovit-molnvit","status":"publish","type":"product","link":"https:\/\/nordicmart.andreevmaster.com\/sv\/produkt\/songmics-koksorganiserare-2-pack-med-3-hyllor-vardera-snovit-molnvit\/","title":{"rendered":"SONGMICS k\u00f6ksorganiserare, 2-pack med 3 hyllor vardera, sn\u00f6vit-molnvit"},"content":{"rendered":"<p>SONGMICS kryddhyllor, st\u00e5ende k\u00f6kshyllor, k\u00f6ksorganiserare, 2-pack, tr\u00e4baserat material, 3 hyllplan vardera, utdragbara, stapelbara, f\u00f6r skafferi, b\u00e4nkskiva, ebenholts- och bl\u00e4cksvart KCS116B01<br \/>\nF\u00e4rg: Sn\u00f6vit-molnvit<br \/>\nMaterial: Tr\u00e4material, st\u00e5l<br \/>\nStorlek p\u00e5 det stora hyllan: 24 x 32 x 11,5 cm (D x B x H)<br \/>\nStorlek p\u00e5 det lilla hyllan: 23,2 x 32 x 9,5 cm cm (D x B x H)<br \/>\nTotalvikt: 2 kg<br \/>\nMax. statisk belastningskapacitet per niv\u00e5: 2 kg<br \/>\nMax. statisk belastningskapacitet totalt per hylla: 6 kg<\/p>\n","protected":false},"excerpt":{"rendered":"<p>SONGMICS kryddhyllor, st\u00e5ende k\u00f6kshyllor, k\u00f6ksorganiserare, 2-pack, tr\u00e4baserat material, 3 hyllplan vardera, utdragbara, stapelbara, f\u00f6r skafferi, b\u00e4nkskiva, ebenholts- och bl\u00e4cksvart KCS116B01<\/p>\n","protected":false},"featured_media":41180,"comment_status":"open","ping_status":"closed","template":"","meta":[],"product_brand":[],"product_cat":[33],"product_tag":[],"class_list":{"0":"post-12994","1":"product","2":"type-product","3":"status-publish","4":"has-post-thumbnail","6":"product_cat-okategoriserad","8":"first","9":"instock","10":"shipping-taxable","11":"purchasable","12":"product-type-simple"},"_links":{"self":[{"href":"https:\/\/nordicmart.andreevmaster.com\/sv\/wp-json\/wp\/v2\/product\/12994","targetHints":{"allow":["GET"]}}],"collection":[{"href":"https:\/\/nordicmart.andreevmaster.com\/sv\/wp-json\/wp\/v2\/product"}],"about":[{"href":"https:\/\/nordicmart.andreevmaster.com\/sv\/wp-json\/wp\/v2\/types\/product"}],"replies":[{"embeddable":true,"href":"https:\/\/nordicmart.andreevmaster.com\/sv\/wp-json\/wp\/v2\/comments?post=12994"}],"wp:featuredmedia":[{"embeddable":true,"href":"https:\/\/nordicmart.andreevmaster.com\/sv\/wp-json\/wp\/v2\/media\/41180"}],"wp:attachment":[{"href":"https:\/\/nordicmart.andreevmaster.com\/sv\/wp-json\/wp\/v2\/media?parent=12994"}],"wp:term":[{"taxonomy":"product_brand","embeddable":true,"href":"https:\/\/nordicmart.andreevmaster.com\/sv\/wp-json\/wp\/v2\/product_brand?post=12994"},{"taxonomy":"product_cat","embeddable":true,"href":"https:\/\/nordicmart.andreevmaster.com\/sv\/wp-json\/wp\/v2\/product_cat?post=12994"},{"taxonomy":"product_tag","embeddable":true,"href":"https:\/\/nordicmart.andreevmaster.com\/sv\/wp-json\/wp\/v2\/product_tag?post=12994"}],"curies":[{"name":"wp","href":"https:\/\/api.w.org\/{rel}","templated":true}]}}