{"id":12992,"date":"2026-02-27T00:16:07","date_gmt":"2026-02-27T00:16:07","guid":{"rendered":"https:\/\/nordicmart.andreevmaster.com\/product\/songmics-4-pack-stapelbara-koksorganiserare\/"},"modified":"2026-02-27T08:09:45","modified_gmt":"2026-02-27T08:09:45","slug":"songmics-4-pack-stapelbara-koksorganiserare","status":"publish","type":"product","link":"https:\/\/nordicmart.andreevmaster.com\/sv\/produkt\/songmics-4-pack-stapelbara-koksorganiserare\/","title":{"rendered":"SONGMICS 4-pack stapelbara k\u00f6ksorganiserare"},"content":{"rendered":"<p>I k\u00f6ket: Placera dem i sk\u00e5pet eller p\u00e5 b\u00e4nken f\u00f6r att skapa fler hyllplan och staplingsm\u00f6jligheter f\u00f6r m\u00fcsliburkar, kryddburkar, glas, sk\u00e5lar och annat. Man kan aldrig ha f\u00f6r m\u00e5nga hyllor i k\u00f6ket, eller hur? I vardagsrummet: Med dessa hyllor kan du skapa en snygg kaffeh\u00f6rna: kaffekopparna l\u00e4ngst ner, tekannan l\u00e4ngst upp. H\u00e4r f\u00e5r dina kaffetillbeh\u00f6r sin plats. P\u00e5 kontoret: Stapla hyllorna p\u00e5 skrivbordet f\u00f6r att ut\u00f6ka utrymmet. Ordna muggar, h\u00e4ftapparater, gem och andra vardagliga kontorsmaterial p\u00e5 olika niv\u00e5er f\u00f6r att skapa ett st\u00e4dat skrivbord.Vad har du f\u00f6r planer med detta set? Produktdetaljer: F\u00e4rg: Svart-naturf\u00e4rgad Material: Metall, bambu M\u00e5tt p\u00e5 den stora hyllan: 19,5 x 29,7 x 15,5 cm (D x B x H) M\u00e5tt p\u00e5 den lilla hyllan: 18,5 x 29,7 x 13,6 cm (D x B x H) Totalvikt: 2,6 kg Max. statisk belastningskapacitet per hylla: 15 kg Leveransomfattning: 4 x k\u00f6ksorganiserare 1 x tillbeh\u00f6rspaket 1 x bruksanvisning SONGMICS Anm\u00e4rkningar: F\u00f6r stapling, f\u00f6lj bruksanvisningen. Undvik l\u00e5ngvarig anv\u00e4ndning i fuktiga milj\u00f6er.<\/p>\n","protected":false},"excerpt":{"rendered":"<p>SONGMICS k\u00f6ksorganiserare, 4 k\u00f6kshyllor, sk\u00e5psf\u00f6rvaring, stapelbar, utdragbar, metall och bambu, svart-naturf\u00e4rgad KCS10NB<\/p>\n","protected":false},"featured_media":41178,"comment_status":"open","ping_status":"closed","template":"","meta":[],"product_brand":[],"product_cat":[33],"product_tag":[],"class_list":{"0":"post-12992","1":"product","2":"type-product","3":"status-publish","4":"has-post-thumbnail","6":"product_cat-okategoriserad","8":"first","9":"instock","10":"shipping-taxable","11":"purchasable","12":"product-type-simple"},"_links":{"self":[{"href":"https:\/\/nordicmart.andreevmaster.com\/sv\/wp-json\/wp\/v2\/product\/12992","targetHints":{"allow":["GET"]}}],"collection":[{"href":"https:\/\/nordicmart.andreevmaster.com\/sv\/wp-json\/wp\/v2\/product"}],"about":[{"href":"https:\/\/nordicmart.andreevmaster.com\/sv\/wp-json\/wp\/v2\/types\/product"}],"replies":[{"embeddable":true,"href":"https:\/\/nordicmart.andreevmaster.com\/sv\/wp-json\/wp\/v2\/comments?post=12992"}],"wp:featuredmedia":[{"embeddable":true,"href":"https:\/\/nordicmart.andreevmaster.com\/sv\/wp-json\/wp\/v2\/media\/41178"}],"wp:attachment":[{"href":"https:\/\/nordicmart.andreevmaster.com\/sv\/wp-json\/wp\/v2\/media?parent=12992"}],"wp:term":[{"taxonomy":"product_brand","embeddable":true,"href":"https:\/\/nordicmart.andreevmaster.com\/sv\/wp-json\/wp\/v2\/product_brand?post=12992"},{"taxonomy":"product_cat","embeddable":true,"href":"https:\/\/nordicmart.andreevmaster.com\/sv\/wp-json\/wp\/v2\/product_cat?post=12992"},{"taxonomy":"product_tag","embeddable":true,"href":"https:\/\/nordicmart.andreevmaster.com\/sv\/wp-json\/wp\/v2\/product_tag?post=12992"}],"curies":[{"name":"wp","href":"https:\/\/api.w.org\/{rel}","templated":true}]}}