{"id":12989,"date":"2026-02-27T00:16:06","date_gmt":"2026-02-27T00:16:06","guid":{"rendered":"https:\/\/nordicmart.andreevmaster.com\/product\/songmics-home-kryddhylla-2-pack-utdragbar-naturbeige-kramvit\/"},"modified":"2026-02-27T08:09:45","modified_gmt":"2026-02-27T08:09:45","slug":"songmics-home-kryddhylla-2-pack-utdragbar-naturbeige-kramvit","status":"publish","type":"product","link":"https:\/\/nordicmart.andreevmaster.com\/sv\/produkt\/songmics-home-kryddhylla-2-pack-utdragbar-naturbeige-kramvit\/","title":{"rendered":"SONGMICS HOME Kryddhylla, 2-pack, utdragbar, naturbeige-kr\u00e4mvit"},"content":{"rendered":"<p>SONGMICS HOME kryddhylla, 2-pack, utdragbar, k\u00f6ksorganiserare, k\u00f6kshylla, sk\u00e5psorganiserare, kryddh\u00e5llare, k\u00f6k, liten hylla, stapelbar, bordsorganiserare, naturbeige-bl\u00e4ck svart KCS051B01<br \/>\nF\u00e4rg: Naturbeige-kr\u00e4mvit<br \/>\nMaterial: bambu, st\u00e5l<br \/>\nStorlek per hylla: 20 x (33-54) x 16 cm (D x B x H)<br \/>\nTotalvikt: 2,3 kg<br \/>\nMax. statisk belastningskapacitet per hylla: 21 kg<\/p>\n","protected":false},"excerpt":{"rendered":"<p>SONGMICS HOME kryddhylla, 2-pack, utdragbar, k\u00f6ksorganiserare, k\u00f6kshylla, sk\u00e5psorganiserare, kryddh\u00e5llare, k\u00f6k, liten hylla, stapelbar, bordsorganiserare, naturbeige-bl\u00e4ck svart KCS051B01<\/p>\n","protected":false},"featured_media":41175,"comment_status":"open","ping_status":"closed","template":"","meta":[],"product_brand":[],"product_cat":[33],"product_tag":[],"class_list":{"0":"post-12989","1":"product","2":"type-product","3":"status-publish","4":"has-post-thumbnail","6":"product_cat-okategoriserad","8":"first","9":"instock","10":"shipping-taxable","11":"purchasable","12":"product-type-simple"},"_links":{"self":[{"href":"https:\/\/nordicmart.andreevmaster.com\/sv\/wp-json\/wp\/v2\/product\/12989","targetHints":{"allow":["GET"]}}],"collection":[{"href":"https:\/\/nordicmart.andreevmaster.com\/sv\/wp-json\/wp\/v2\/product"}],"about":[{"href":"https:\/\/nordicmart.andreevmaster.com\/sv\/wp-json\/wp\/v2\/types\/product"}],"replies":[{"embeddable":true,"href":"https:\/\/nordicmart.andreevmaster.com\/sv\/wp-json\/wp\/v2\/comments?post=12989"}],"wp:featuredmedia":[{"embeddable":true,"href":"https:\/\/nordicmart.andreevmaster.com\/sv\/wp-json\/wp\/v2\/media\/41175"}],"wp:attachment":[{"href":"https:\/\/nordicmart.andreevmaster.com\/sv\/wp-json\/wp\/v2\/media?parent=12989"}],"wp:term":[{"taxonomy":"product_brand","embeddable":true,"href":"https:\/\/nordicmart.andreevmaster.com\/sv\/wp-json\/wp\/v2\/product_brand?post=12989"},{"taxonomy":"product_cat","embeddable":true,"href":"https:\/\/nordicmart.andreevmaster.com\/sv\/wp-json\/wp\/v2\/product_cat?post=12989"},{"taxonomy":"product_tag","embeddable":true,"href":"https:\/\/nordicmart.andreevmaster.com\/sv\/wp-json\/wp\/v2\/product_tag?post=12989"}],"curies":[{"name":"wp","href":"https:\/\/api.w.org\/{rel}","templated":true}]}}