{"id":12987,"date":"2026-02-27T00:16:05","date_gmt":"2026-02-27T00:16:05","guid":{"rendered":"https:\/\/nordicmart.andreevmaster.com\/product\/songmics-diskstall-med-hallare-for-bestick-silvergratt\/"},"modified":"2026-02-27T08:09:44","modified_gmt":"2026-02-27T08:09:44","slug":"songmics-diskstall-med-hallare-for-bestick-silvergratt","status":"publish","type":"product","link":"https:\/\/nordicmart.andreevmaster.com\/sv\/produkt\/songmics-diskstall-med-hallare-for-bestick-silvergratt\/","title":{"rendered":"SONGMICS diskst\u00e4ll med h\u00e5llare f\u00f6r bestick, silvergr\u00e5tt"},"content":{"rendered":"<p>SONGMICS diskst\u00e4ll, diskst\u00e4ll i rostfritt st\u00e5l, utdragbart, vridbart utlopp, med h\u00e5llare f\u00f6r bestick, koppar, glas, sk\u00e4rbr\u00e4da och kastruller, silver-svart KCS037B01<br \/>\nF\u00e4rg: Silvergr\u00e5<br \/>\nMaterial: Rostfritt st\u00e5l, PP-plast (polypropen)<br \/>\nStorlek: (31,7\u201350,7) x 48,6 x 22,7 cm (D x B x H)<br \/>\nVikt: 1,8 kg<br \/>\nMax. statisk totalbelastning: 26 kg<\/p>\n","protected":false},"excerpt":{"rendered":"<p>SONGMICS diskst\u00e4ll, diskst\u00e4ll i rostfritt st\u00e5l, utdragbart, vridbart utlopp, med h\u00e5llare f\u00f6r bestick, koppar, glas, sk\u00e4rbr\u00e4da och kastruller, silver-svart KCS037B01<\/p>\n","protected":false},"featured_media":41173,"comment_status":"open","ping_status":"closed","template":"","meta":[],"product_brand":[],"product_cat":[33],"product_tag":[],"class_list":{"0":"post-12987","1":"product","2":"type-product","3":"status-publish","4":"has-post-thumbnail","6":"product_cat-okategoriserad","8":"first","9":"instock","10":"shipping-taxable","11":"purchasable","12":"product-type-simple"},"_links":{"self":[{"href":"https:\/\/nordicmart.andreevmaster.com\/sv\/wp-json\/wp\/v2\/product\/12987","targetHints":{"allow":["GET"]}}],"collection":[{"href":"https:\/\/nordicmart.andreevmaster.com\/sv\/wp-json\/wp\/v2\/product"}],"about":[{"href":"https:\/\/nordicmart.andreevmaster.com\/sv\/wp-json\/wp\/v2\/types\/product"}],"replies":[{"embeddable":true,"href":"https:\/\/nordicmart.andreevmaster.com\/sv\/wp-json\/wp\/v2\/comments?post=12987"}],"wp:featuredmedia":[{"embeddable":true,"href":"https:\/\/nordicmart.andreevmaster.com\/sv\/wp-json\/wp\/v2\/media\/41173"}],"wp:attachment":[{"href":"https:\/\/nordicmart.andreevmaster.com\/sv\/wp-json\/wp\/v2\/media?parent=12987"}],"wp:term":[{"taxonomy":"product_brand","embeddable":true,"href":"https:\/\/nordicmart.andreevmaster.com\/sv\/wp-json\/wp\/v2\/product_brand?post=12987"},{"taxonomy":"product_cat","embeddable":true,"href":"https:\/\/nordicmart.andreevmaster.com\/sv\/wp-json\/wp\/v2\/product_cat?post=12987"},{"taxonomy":"product_tag","embeddable":true,"href":"https:\/\/nordicmart.andreevmaster.com\/sv\/wp-json\/wp\/v2\/product_tag?post=12987"}],"curies":[{"name":"wp","href":"https:\/\/api.w.org\/{rel}","templated":true}]}}