{"id":12983,"date":"2026-02-27T00:16:05","date_gmt":"2026-02-27T00:16:05","guid":{"rendered":"https:\/\/nordicmart.andreevmaster.com\/product\/songmics-avrinningsstall-med-redskapshallare-silvergra\/"},"modified":"2026-02-27T08:09:44","modified_gmt":"2026-02-27T08:09:44","slug":"songmics-avrinningsstall-med-redskapshallare-silvergra","status":"publish","type":"product","link":"https:\/\/nordicmart.andreevmaster.com\/sv\/produkt\/songmics-avrinningsstall-med-redskapshallare-silvergra\/","title":{"rendered":"SONGMICS avrinningsst\u00e4ll med redskapsh\u00e5llare silvergr\u00e5"},"content":{"rendered":"<p>SONGMICS diskst\u00e4ll, utdragbart diskst\u00e4ll, diskst\u00e4ll med redskapsh\u00e5llare, rostfritt, f\u00f6r disk, knivar, skedar, gafflar, silver-svart KCS035B01<br \/>\nF\u00e4rg: Silvergr\u00e5<br \/>\nMaterial: Rostfritt st\u00e5l, PP-plast (polypropen)<br \/>\nStorlek: (25\u201344) x 40 x 21,6 cm (D x B x H)<br \/>\nVikt: 1,2 kg<br \/>\nMax. total statisk belastningskapacitet: 12 kg<\/p>\n","protected":false},"excerpt":{"rendered":"<p>SONGMICS diskst\u00e4ll, utdragbart diskst\u00e4ll, diskst\u00e4ll med redskapsh\u00e5llare, rostfritt, f\u00f6r disk, knivar, skedar, gafflar, silver-svart KCS035B01<\/p>\n","protected":false},"featured_media":41169,"comment_status":"open","ping_status":"closed","template":"","meta":[],"product_brand":[],"product_cat":[33],"product_tag":[],"class_list":{"0":"post-12983","1":"product","2":"type-product","3":"status-publish","4":"has-post-thumbnail","6":"product_cat-okategoriserad","8":"first","9":"instock","10":"shipping-taxable","11":"purchasable","12":"product-type-simple"},"_links":{"self":[{"href":"https:\/\/nordicmart.andreevmaster.com\/sv\/wp-json\/wp\/v2\/product\/12983","targetHints":{"allow":["GET"]}}],"collection":[{"href":"https:\/\/nordicmart.andreevmaster.com\/sv\/wp-json\/wp\/v2\/product"}],"about":[{"href":"https:\/\/nordicmart.andreevmaster.com\/sv\/wp-json\/wp\/v2\/types\/product"}],"replies":[{"embeddable":true,"href":"https:\/\/nordicmart.andreevmaster.com\/sv\/wp-json\/wp\/v2\/comments?post=12983"}],"wp:featuredmedia":[{"embeddable":true,"href":"https:\/\/nordicmart.andreevmaster.com\/sv\/wp-json\/wp\/v2\/media\/41169"}],"wp:attachment":[{"href":"https:\/\/nordicmart.andreevmaster.com\/sv\/wp-json\/wp\/v2\/media?parent=12983"}],"wp:term":[{"taxonomy":"product_brand","embeddable":true,"href":"https:\/\/nordicmart.andreevmaster.com\/sv\/wp-json\/wp\/v2\/product_brand?post=12983"},{"taxonomy":"product_cat","embeddable":true,"href":"https:\/\/nordicmart.andreevmaster.com\/sv\/wp-json\/wp\/v2\/product_cat?post=12983"},{"taxonomy":"product_tag","embeddable":true,"href":"https:\/\/nordicmart.andreevmaster.com\/sv\/wp-json\/wp\/v2\/product_tag?post=12983"}],"curies":[{"name":"wp","href":"https:\/\/api.w.org\/{rel}","templated":true}]}}