{"id":12980,"date":"2026-02-27T00:16:04","date_gmt":"2026-02-27T00:16:04","guid":{"rendered":"https:\/\/nordicmart.andreevmaster.com\/product\/songmics-avrinningsstall-i-rostfritt-stal-for-disk-silver-svart\/"},"modified":"2026-02-27T08:09:43","modified_gmt":"2026-02-27T08:09:43","slug":"songmics-avrinningsstall-i-rostfritt-stal-for-disk-silver-svart","status":"publish","type":"product","link":"https:\/\/nordicmart.andreevmaster.com\/sv\/produkt\/songmics-avrinningsstall-i-rostfritt-stal-for-disk-silver-svart\/","title":{"rendered":"SONGMICS avrinningsst\u00e4ll i rostfritt st\u00e5l f\u00f6r disk, silver-svart"},"content":{"rendered":"<p>SONGMICS diskst\u00e4ll, diskst\u00e4ll f\u00f6r diskho, diskst\u00e4ll, diskst\u00e4ll i rostfritt st\u00e5l, diskbricka, bestickh\u00e5llare, rostfri koppst\u00e4ll, f\u00f6r disk, silver-svart KCS034B01<br \/>\nF\u00e4rg: silver-svart<br \/>\nMaterial: Rostfritt st\u00e5l, PP-plast (polypropen)<br \/>\nStorlek: 20,6 x 44,5 x 13,1 cm (D x B x H)<br \/>\nVikt: 1 kg<br \/>\nMax. total statisk belastningskapacitet: 12 kg<\/p>\n","protected":false},"excerpt":{"rendered":"<p>SONGMICS diskst\u00e4ll, diskst\u00e4ll f\u00f6r diskho, diskst\u00e4ll, diskst\u00e4ll i rostfritt st\u00e5l, diskbricka, bestickh\u00e5llare, rostfri koppst\u00e4ll, f\u00f6r disk, silver-svart KCS034B01<\/p>\n","protected":false},"featured_media":41166,"comment_status":"open","ping_status":"closed","template":"","meta":[],"product_brand":[],"product_cat":[33],"product_tag":[],"class_list":{"0":"post-12980","1":"product","2":"type-product","3":"status-publish","4":"has-post-thumbnail","6":"product_cat-okategoriserad","8":"first","9":"instock","10":"shipping-taxable","11":"purchasable","12":"product-type-simple"},"_links":{"self":[{"href":"https:\/\/nordicmart.andreevmaster.com\/sv\/wp-json\/wp\/v2\/product\/12980","targetHints":{"allow":["GET"]}}],"collection":[{"href":"https:\/\/nordicmart.andreevmaster.com\/sv\/wp-json\/wp\/v2\/product"}],"about":[{"href":"https:\/\/nordicmart.andreevmaster.com\/sv\/wp-json\/wp\/v2\/types\/product"}],"replies":[{"embeddable":true,"href":"https:\/\/nordicmart.andreevmaster.com\/sv\/wp-json\/wp\/v2\/comments?post=12980"}],"wp:featuredmedia":[{"embeddable":true,"href":"https:\/\/nordicmart.andreevmaster.com\/sv\/wp-json\/wp\/v2\/media\/41166"}],"wp:attachment":[{"href":"https:\/\/nordicmart.andreevmaster.com\/sv\/wp-json\/wp\/v2\/media?parent=12980"}],"wp:term":[{"taxonomy":"product_brand","embeddable":true,"href":"https:\/\/nordicmart.andreevmaster.com\/sv\/wp-json\/wp\/v2\/product_brand?post=12980"},{"taxonomy":"product_cat","embeddable":true,"href":"https:\/\/nordicmart.andreevmaster.com\/sv\/wp-json\/wp\/v2\/product_cat?post=12980"},{"taxonomy":"product_tag","embeddable":true,"href":"https:\/\/nordicmart.andreevmaster.com\/sv\/wp-json\/wp\/v2\/product_tag?post=12980"}],"curies":[{"name":"wp","href":"https:\/\/api.w.org\/{rel}","templated":true}]}}