{"id":12979,"date":"2026-02-27T00:16:03","date_gmt":"2026-02-27T00:16:03","guid":{"rendered":"https:\/\/nordicmart.andreevmaster.com\/product\/songmics-diskstall-med-uppsamlingsskal\/"},"modified":"2026-02-27T08:09:43","modified_gmt":"2026-02-27T08:09:43","slug":"songmics-diskstall-med-uppsamlingsskal","status":"publish","type":"product","link":"https:\/\/nordicmart.andreevmaster.com\/sv\/produkt\/songmics-diskstall-med-uppsamlingsskal\/","title":{"rendered":"SONGMICS diskst\u00e4ll med uppsamlingssk\u00e5l"},"content":{"rendered":"<p>Utbyggbar och anpassningsbar design: Detta diskst\u00e4ll har en droppsk\u00e5l vars l\u00e4ngd kan ut\u00f6kas fr\u00e5n 53,5 cm till 71,6 cm. P\u00e5 s\u00e5 s\u00e4tt kan du anpassa droppytan f\u00f6r att skapa mer f\u00f6rvaringsutrymme eller spara plats p\u00e5 din k\u00f6ksb\u00e4nk. Den 360 grader vridbara avtappningsenheten under droppsk\u00e5len g\u00f6r att du kan placera den p\u00e5 den l\u00e4ngre eller kortare sidan av diskst\u00e4llet, s\u00e5 att vattnet kan rinna av i diskhon fr\u00e5n b\u00e5da sidor.H\u00f6gkvalitativ prestanda: Den solida aluminiumramen \u00e4r rostfri och den anodiserade, borstade ytan \u00e4r resistent mot olja och fingeravtryck, s\u00e5 att du kan h\u00e5lla den ren med minimalt underh\u00e5ll. Droppsk\u00e5len av PP-plast med en speciell bel\u00e4ggning f\u00f6rdelar vattnet f\u00f6r att torka det mer effektivt.Produktdetaljer: F\u00e4rg: Silver-svart Material: Aluminium, PP-plast Storlek: (53,5-71,6) x 32,3 x 33,3 cm (L x B x H) Vikt: 2 kg Leveransomfattning: 1 x diskst\u00e4ll 1 x tillbeh\u00f6rspaket 1 x bruksanvisning<\/p>\n","protected":false},"excerpt":{"rendered":"<p>SONGMICS diskst\u00e4ll, diskst\u00e4ll, rostfritt aluminium, utdragbar diskbricka 53,5\u201371,6 cm, vridbar utlopp, med glas- och kopph\u00e5llare, silver-svart KCS031E01<\/p>\n","protected":false},"featured_media":41165,"comment_status":"open","ping_status":"closed","template":"","meta":[],"product_brand":[],"product_cat":[33],"product_tag":[],"class_list":{"0":"post-12979","1":"product","2":"type-product","3":"status-publish","4":"has-post-thumbnail","6":"product_cat-okategoriserad","8":"first","9":"instock","10":"shipping-taxable","11":"purchasable","12":"product-type-simple"},"_links":{"self":[{"href":"https:\/\/nordicmart.andreevmaster.com\/sv\/wp-json\/wp\/v2\/product\/12979","targetHints":{"allow":["GET"]}}],"collection":[{"href":"https:\/\/nordicmart.andreevmaster.com\/sv\/wp-json\/wp\/v2\/product"}],"about":[{"href":"https:\/\/nordicmart.andreevmaster.com\/sv\/wp-json\/wp\/v2\/types\/product"}],"replies":[{"embeddable":true,"href":"https:\/\/nordicmart.andreevmaster.com\/sv\/wp-json\/wp\/v2\/comments?post=12979"}],"wp:featuredmedia":[{"embeddable":true,"href":"https:\/\/nordicmart.andreevmaster.com\/sv\/wp-json\/wp\/v2\/media\/41165"}],"wp:attachment":[{"href":"https:\/\/nordicmart.andreevmaster.com\/sv\/wp-json\/wp\/v2\/media?parent=12979"}],"wp:term":[{"taxonomy":"product_brand","embeddable":true,"href":"https:\/\/nordicmart.andreevmaster.com\/sv\/wp-json\/wp\/v2\/product_brand?post=12979"},{"taxonomy":"product_cat","embeddable":true,"href":"https:\/\/nordicmart.andreevmaster.com\/sv\/wp-json\/wp\/v2\/product_cat?post=12979"},{"taxonomy":"product_tag","embeddable":true,"href":"https:\/\/nordicmart.andreevmaster.com\/sv\/wp-json\/wp\/v2\/product_tag?post=12979"}],"curies":[{"name":"wp","href":"https:\/\/api.w.org\/{rel}","templated":true}]}}