{"id":12975,"date":"2026-02-27T00:16:03","date_gmt":"2026-02-27T00:16:03","guid":{"rendered":"https:\/\/nordicmart.andreevmaster.com\/product\/songmics-kryddhyllor-med-metallram-2-pack\/"},"modified":"2026-02-27T08:09:42","modified_gmt":"2026-02-27T08:09:42","slug":"songmics-kryddhyllor-med-metallram-2-pack","status":"publish","type":"product","link":"https:\/\/nordicmart.andreevmaster.com\/sv\/produkt\/songmics-kryddhyllor-med-metallram-2-pack\/","title":{"rendered":"SONGMICS kryddhyllor med metallram, 2-pack"},"content":{"rendered":"<p>I k\u00f6ket: Placera hyllorna i sk\u00e5pet eller p\u00e5 b\u00e4nkskivan i k\u00f6ket f\u00f6r att skapa mer f\u00f6rvaringsutrymme och fler f\u00f6rvaringsm\u00f6jligheter f\u00f6r kryddburkar, glas, sk\u00e5lar och mycket mer. Man kan aldrig ha f\u00f6r m\u00e5nga f\u00f6rvaringshyllor i k\u00f6ket, eller hur? Men 2 r\u00e4cker. I vardagsrummet: Skapa en snygg teh\u00f6rna med dessa hyllor \u2013 tekopparna l\u00e4ngst ner och tekannan l\u00e4ngst upp. H\u00e4r f\u00e5r alla dina te-tillbeh\u00f6r plats. P\u00e5 kontoret: Stapla hyllorna ovanp\u00e5 varandra p\u00e5 skrivbordet f\u00f6r att ut\u00f6ka din f\u00f6rvaringsutrymme upp\u00e5t. Organisera dina muggar, h\u00e4ftapparater, gem och andra vardagliga kontorsmaterial p\u00e5 olika niv\u00e5er f\u00f6r att kunna arbeta vid ett st\u00e4dat skrivbord. Vad har du f\u00f6r planer f\u00f6r detta k\u00f6kshyllset? Produktdetaljer: F\u00e4rg: Vit-naturf\u00e4rgad Material: Bambu, metall Storlek p\u00e5 den stora hyllan: 29,7 x 19,5 x 15,5 cm (L x B x H) Storlek p\u00e5 det lilla hyllan: 29,7 x 18,5 x 13,6 cm (L x B x H) Vikt: 1,3 kg Max. statisk belastningskapacitet per hylla: 15 kg Leveransomfattning: 2 x kryddhylla 1 x tillbeh\u00f6rspaket 1 x instruktioner SONGICs anvisningar: F\u00f6lj instruktionerna f\u00f6r stapling.Undvik l\u00e5ngvarig anv\u00e4ndning i fuktiga milj\u00f6er.<\/p>\n","protected":false},"excerpt":{"rendered":"<p>SONGMICS kryddhylla, 2-pack, k\u00f6kshylla, k\u00f6ksorganiserare, utbyggbar, kryddh\u00e5llare, stapelbar, av metall och bambu, vit-naturf\u00e4rgad KCS02NW<\/p>\n","protected":false},"featured_media":41162,"comment_status":"open","ping_status":"closed","template":"","meta":[],"product_brand":[],"product_cat":[33],"product_tag":[],"class_list":{"0":"post-12975","1":"product","2":"type-product","3":"status-publish","4":"has-post-thumbnail","6":"product_cat-okategoriserad","8":"first","9":"instock","10":"shipping-taxable","11":"purchasable","12":"product-type-simple"},"_links":{"self":[{"href":"https:\/\/nordicmart.andreevmaster.com\/sv\/wp-json\/wp\/v2\/product\/12975","targetHints":{"allow":["GET"]}}],"collection":[{"href":"https:\/\/nordicmart.andreevmaster.com\/sv\/wp-json\/wp\/v2\/product"}],"about":[{"href":"https:\/\/nordicmart.andreevmaster.com\/sv\/wp-json\/wp\/v2\/types\/product"}],"replies":[{"embeddable":true,"href":"https:\/\/nordicmart.andreevmaster.com\/sv\/wp-json\/wp\/v2\/comments?post=12975"}],"wp:featuredmedia":[{"embeddable":true,"href":"https:\/\/nordicmart.andreevmaster.com\/sv\/wp-json\/wp\/v2\/media\/41162"}],"wp:attachment":[{"href":"https:\/\/nordicmart.andreevmaster.com\/sv\/wp-json\/wp\/v2\/media?parent=12975"}],"wp:term":[{"taxonomy":"product_brand","embeddable":true,"href":"https:\/\/nordicmart.andreevmaster.com\/sv\/wp-json\/wp\/v2\/product_brand?post=12975"},{"taxonomy":"product_cat","embeddable":true,"href":"https:\/\/nordicmart.andreevmaster.com\/sv\/wp-json\/wp\/v2\/product_cat?post=12975"},{"taxonomy":"product_tag","embeddable":true,"href":"https:\/\/nordicmart.andreevmaster.com\/sv\/wp-json\/wp\/v2\/product_tag?post=12975"}],"curies":[{"name":"wp","href":"https:\/\/api.w.org\/{rel}","templated":true}]}}