{"id":12969,"date":"2026-02-27T00:16:01","date_gmt":"2026-02-27T00:16:01","guid":{"rendered":"https:\/\/nordicmart.andreevmaster.com\/product\/songmics-kokshylla-4-pack-med-metallram-black-svart-ebenholts-svart\/"},"modified":"2026-02-27T08:09:41","modified_gmt":"2026-02-27T08:09:41","slug":"songmics-kokshylla-4-pack-med-metallram-black-svart-ebenholts-svart","status":"publish","type":"product","link":"https:\/\/nordicmart.andreevmaster.com\/sv\/produkt\/songmics-kokshylla-4-pack-med-metallram-black-svart-ebenholts-svart\/","title":{"rendered":"SONGMICS k\u00f6kshylla, 4-pack med metallram, bl\u00e4ck svart-ebenholts svart"},"content":{"rendered":"<p>SONGMICS kryddhylla, 4-pack k\u00f6ksorganiserare, k\u00f6kshylla, sk\u00e5psorganiserare f\u00f6r k\u00f6k, utbyggbar, liten hylla, stapelbar, metall och tr\u00e4material<br \/>\nF\u00e4rg: bl\u00e4ck svart-ebenholts svart<br \/>\nMaterial: metall, tr\u00e4komposit<br \/>\nStorlek p\u00e5 det stora hyllan: 19,5 x 29,7 x 15,8 cm (D x B x H)<br \/>\nStorlek p\u00e5 det lilla hyllan: 18,5 x 29,7 x 13,7 cm (D x B x H)<br \/>\nTotalvikt: 3,3 kg<br \/>\nMax. statisk belastningskapacitet per hylla: 15 kg<\/p>\n","protected":false},"excerpt":{"rendered":"<p>SONGMICS kryddhylla, 4-pack k\u00f6ksorganiserare, k\u00f6kshylla, sk\u00e5psorganiserare f\u00f6r k\u00f6k, utbyggbar, liten hylla, stapelbar, metall och tr\u00e4material<\/p>\n","protected":false},"featured_media":41156,"comment_status":"open","ping_status":"closed","template":"","meta":[],"product_brand":[],"product_cat":[33],"product_tag":[],"class_list":{"0":"post-12969","1":"product","2":"type-product","3":"status-publish","4":"has-post-thumbnail","6":"product_cat-okategoriserad","8":"first","9":"instock","10":"shipping-taxable","11":"purchasable","12":"product-type-simple"},"_links":{"self":[{"href":"https:\/\/nordicmart.andreevmaster.com\/sv\/wp-json\/wp\/v2\/product\/12969","targetHints":{"allow":["GET"]}}],"collection":[{"href":"https:\/\/nordicmart.andreevmaster.com\/sv\/wp-json\/wp\/v2\/product"}],"about":[{"href":"https:\/\/nordicmart.andreevmaster.com\/sv\/wp-json\/wp\/v2\/types\/product"}],"replies":[{"embeddable":true,"href":"https:\/\/nordicmart.andreevmaster.com\/sv\/wp-json\/wp\/v2\/comments?post=12969"}],"wp:featuredmedia":[{"embeddable":true,"href":"https:\/\/nordicmart.andreevmaster.com\/sv\/wp-json\/wp\/v2\/media\/41156"}],"wp:attachment":[{"href":"https:\/\/nordicmart.andreevmaster.com\/sv\/wp-json\/wp\/v2\/media?parent=12969"}],"wp:term":[{"taxonomy":"product_brand","embeddable":true,"href":"https:\/\/nordicmart.andreevmaster.com\/sv\/wp-json\/wp\/v2\/product_brand?post=12969"},{"taxonomy":"product_cat","embeddable":true,"href":"https:\/\/nordicmart.andreevmaster.com\/sv\/wp-json\/wp\/v2\/product_cat?post=12969"},{"taxonomy":"product_tag","embeddable":true,"href":"https:\/\/nordicmart.andreevmaster.com\/sv\/wp-json\/wp\/v2\/product_tag?post=12969"}],"curies":[{"name":"wp","href":"https:\/\/api.w.org\/{rel}","templated":true}]}}