{"id":12961,"date":"2026-02-27T00:16:00","date_gmt":"2026-02-27T00:16:00","guid":{"rendered":"https:\/\/nordicmart.andreevmaster.com\/product\/songmics-kryddhylla-4-pack-med-metallram-195-x-297-x-158-cm\/"},"modified":"2026-02-27T08:09:40","modified_gmt":"2026-02-27T08:09:40","slug":"songmics-kryddhylla-4-pack-med-metallram-195-x-297-x-158-cm","status":"publish","type":"product","link":"https:\/\/nordicmart.andreevmaster.com\/sv\/produkt\/songmics-kryddhylla-4-pack-med-metallram-195-x-297-x-158-cm\/","title":{"rendered":"SONGMICS kryddhylla, 4-pack med metallram 19,5 x 29,7 x 15,8 cm"},"content":{"rendered":"<p>SONGMICS kryddhyllor, 4-pack, k\u00f6kshyllor, utbyggbar k\u00f6ksorganiserare, stapelbar, av metall och sp\u00e5nskivor, hyllinsats, f\u00f6r k\u00f6kssk\u00e5p, k\u00f6k, vintagebrun-svart KCS021X01<br \/>\nF\u00e4rg: Bl\u00e4ksvart-gr\u00e5beige melerad<br \/>\nMaterial: Tr\u00e4material, metall<br \/>\nStorlek p\u00e5 det stora hyllan: 19,5 x 29,7 x 15,5 cm (D x B x H)<br \/>\nStorlek p\u00e5 det lilla hyllan: 18,5 x 29,7 x 13,6 cm (D x B x H)<br \/>\nTotalvikt: 2,6 kg<br \/>\nMax. statisk belastningskapacitet per hylla: 15 kg<\/p>\n","protected":false},"excerpt":{"rendered":"<p>SONGMICS kryddhyllor, 4-pack, k\u00f6kshyllor, utbyggbar k\u00f6ksorganiserare, stapelbar, av metall och sp\u00e5nskivor, hyllinsats, f\u00f6r k\u00f6kssk\u00e5p, k\u00f6k, vintagebrun-svart KCS021X01<\/p>\n","protected":false},"featured_media":41148,"comment_status":"open","ping_status":"closed","template":"","meta":[],"product_brand":[],"product_cat":[33],"product_tag":[],"class_list":{"0":"post-12961","1":"product","2":"type-product","3":"status-publish","4":"has-post-thumbnail","6":"product_cat-okategoriserad","8":"first","9":"instock","10":"shipping-taxable","11":"purchasable","12":"product-type-simple"},"_links":{"self":[{"href":"https:\/\/nordicmart.andreevmaster.com\/sv\/wp-json\/wp\/v2\/product\/12961","targetHints":{"allow":["GET"]}}],"collection":[{"href":"https:\/\/nordicmart.andreevmaster.com\/sv\/wp-json\/wp\/v2\/product"}],"about":[{"href":"https:\/\/nordicmart.andreevmaster.com\/sv\/wp-json\/wp\/v2\/types\/product"}],"replies":[{"embeddable":true,"href":"https:\/\/nordicmart.andreevmaster.com\/sv\/wp-json\/wp\/v2\/comments?post=12961"}],"wp:featuredmedia":[{"embeddable":true,"href":"https:\/\/nordicmart.andreevmaster.com\/sv\/wp-json\/wp\/v2\/media\/41148"}],"wp:attachment":[{"href":"https:\/\/nordicmart.andreevmaster.com\/sv\/wp-json\/wp\/v2\/media?parent=12961"}],"wp:term":[{"taxonomy":"product_brand","embeddable":true,"href":"https:\/\/nordicmart.andreevmaster.com\/sv\/wp-json\/wp\/v2\/product_brand?post=12961"},{"taxonomy":"product_cat","embeddable":true,"href":"https:\/\/nordicmart.andreevmaster.com\/sv\/wp-json\/wp\/v2\/product_cat?post=12961"},{"taxonomy":"product_tag","embeddable":true,"href":"https:\/\/nordicmart.andreevmaster.com\/sv\/wp-json\/wp\/v2\/product_tag?post=12961"}],"curies":[{"name":"wp","href":"https:\/\/api.w.org\/{rel}","templated":true}]}}