{"id":12958,"date":"2026-02-27T00:15:59","date_gmt":"2026-02-27T00:15:59","guid":{"rendered":"https:\/\/nordicmart.andreevmaster.com\/product\/songmics-kryddhylla-2-pack-kokshylla-koksorganiserare-kok-kryddhallare-utbyggbar-stapelbar-liten-hylla-metall-vit-kcs01wt\/"},"modified":"2026-02-27T08:09:39","modified_gmt":"2026-02-27T08:09:39","slug":"songmics-kryddhylla-2-pack-kokshylla-koksorganiserare-kok-kryddhallare-utbyggbar-stapelbar-liten-hylla-metall-vit-kcs01wt","status":"publish","type":"product","link":"https:\/\/nordicmart.andreevmaster.com\/sv\/produkt\/songmics-kryddhylla-2-pack-kokshylla-koksorganiserare-kok-kryddhallare-utbyggbar-stapelbar-liten-hylla-metall-vit-kcs01wt\/","title":{"rendered":"SONGMICS kryddhylla, 2-pack, k\u00f6kshylla, k\u00f6ksorganiserare, k\u00f6k, kryddh\u00e5llare, utbyggbar, stapelbar, liten hylla, metall, vit KCS01WT"},"content":{"rendered":"<p>Produktdetaljer:<\/p>\n<p>F\u00e4rg: Vit<br \/>\nMaterial: Metall<br \/>\nStorlek p\u00e5 det stora hyllan: 22,9 x 32 x 15,4 cm (D x B x H)<br \/>\nStorlek p\u00e5 det lilla hyllan: 21,9 x 32 x 13,7 cm (D x B x H)<br \/>\nTotalvikt: 1,2 kg<br \/>\nMax. statisk belastningskapacitet per hylla: 10 kg<br \/>\nLeveransomfattning:<\/p>\n<p>2 x k\u00f6ksorganiserare<br \/>\n1 x tillbeh\u00f6rspaket<br \/>\n1 x bruksanvisning<br \/>\nSONGMICS Anm\u00e4rkningar:<\/p>\n<p>F\u00f6lj bruksanvisningen f\u00f6r stapling.<br \/>\nUndvik l\u00e5ngvarig anv\u00e4ndning i fuktiga milj\u00f6er.<\/p>\n","protected":false},"excerpt":{"rendered":"<p>Produktdetaljer: F\u00e4rg: Vit Material: Metall Storlek p\u00e5 det stora hyllan: 22,9 x 32 x 15,4 cm (D x B x H) Storlek p\u00e5 det lilla hyllan: 21,9 x 32 x 13,7 cm (D x B x H) Totalvikt: 1,2 kg Max. statisk belastningskapacitet per hylla: 10 kg Leveransomfattning: 2 x k\u00f6ksorganiserare 1 x tillbeh\u00f6rspaket 1 [&hellip;]<\/p>\n","protected":false},"featured_media":41145,"comment_status":"open","ping_status":"closed","template":"","meta":[],"product_brand":[],"product_cat":[33],"product_tag":[],"class_list":{"0":"post-12958","1":"product","2":"type-product","3":"status-publish","4":"has-post-thumbnail","6":"product_cat-okategoriserad","8":"first","9":"instock","10":"shipping-taxable","11":"purchasable","12":"product-type-simple"},"_links":{"self":[{"href":"https:\/\/nordicmart.andreevmaster.com\/sv\/wp-json\/wp\/v2\/product\/12958","targetHints":{"allow":["GET"]}}],"collection":[{"href":"https:\/\/nordicmart.andreevmaster.com\/sv\/wp-json\/wp\/v2\/product"}],"about":[{"href":"https:\/\/nordicmart.andreevmaster.com\/sv\/wp-json\/wp\/v2\/types\/product"}],"replies":[{"embeddable":true,"href":"https:\/\/nordicmart.andreevmaster.com\/sv\/wp-json\/wp\/v2\/comments?post=12958"}],"wp:featuredmedia":[{"embeddable":true,"href":"https:\/\/nordicmart.andreevmaster.com\/sv\/wp-json\/wp\/v2\/media\/41145"}],"wp:attachment":[{"href":"https:\/\/nordicmart.andreevmaster.com\/sv\/wp-json\/wp\/v2\/media?parent=12958"}],"wp:term":[{"taxonomy":"product_brand","embeddable":true,"href":"https:\/\/nordicmart.andreevmaster.com\/sv\/wp-json\/wp\/v2\/product_brand?post=12958"},{"taxonomy":"product_cat","embeddable":true,"href":"https:\/\/nordicmart.andreevmaster.com\/sv\/wp-json\/wp\/v2\/product_cat?post=12958"},{"taxonomy":"product_tag","embeddable":true,"href":"https:\/\/nordicmart.andreevmaster.com\/sv\/wp-json\/wp\/v2\/product_tag?post=12958"}],"curies":[{"name":"wp","href":"https:\/\/api.w.org\/{rel}","templated":true}]}}