{"id":12957,"date":"2026-02-27T00:15:59","date_gmt":"2026-02-27T00:15:59","guid":{"rendered":"https:\/\/nordicmart.andreevmaster.com\/product\/2-niva-kryddhylla-silver\/"},"modified":"2026-02-27T08:09:39","modified_gmt":"2026-02-27T08:09:39","slug":"2-niva-kryddhylla-silver","status":"publish","type":"product","link":"https:\/\/nordicmart.andreevmaster.com\/sv\/produkt\/2-niva-kryddhylla-silver\/","title":{"rendered":"2-niv\u00e5 kryddhylla, silver"},"content":{"rendered":"<p>[Dela och best\u00e4m] Du har ett stort sk\u00e5p, men det finns fortfarande inte plats f\u00f6r kryddor och burkar. F\u00f6rs\u00f6k att dela upp sk\u00e5pets utrymme med dessa organisat\u00f6rer s\u00e5 att du kan f\u00f6rdubbla ditt f\u00f6rvaringsutrymme.[Snygg design] Du vill inte g\u00f6mma denna charmiga hylla i sk\u00e5pet, utan kan ocks\u00e5 placera den p\u00e5 arbetsb\u00e4nken, vilket g\u00f6r den praktisk och attraktiv och f\u00f6rsk\u00f6nar ditt k\u00f6k.[Liten hylla, stor kapacitet] \u00c4ven om metallhyllorna \u00e4r sm\u00e5 och har en enkel konstruktion \u00e4r de tillr\u00e4ckligt starka f\u00f6r att b\u00e4ra upp till 10 kg vardera; l\u00e4mna dem med kaffemaskinerna: Det kan du g\u00f6ra.[Upp\u00e5t, ned\u00e5t, \u00e5t h\u00f6ger, \u00e5t v\u00e4nster] Placera 4 hyllor ovanp\u00e5 varandra, bredvid varandra, p\u00e5 sidan eller i L-form beroende p\u00e5 ditt utrymme. Tack vare den smarta, anpassningsbara designen \u00e4r din fantasi den enda begr\u00e4nsande faktorn.[Vad du f\u00e5r] 2 eleganta metallhyllor som du kan stapla, ut\u00f6ka eller placera p\u00e5 olika st\u00e4llen \u2013 en utm\u00e4rkt id\u00e9 f\u00f6r att maximera utrymmet i sk\u00e5pet eller p\u00e5 disken.<\/p>\n<p>Produktinformation: F\u00e4rg: silver Material: metall M\u00e5tt p\u00e5 stora hyllor: Material: metallhylla: 22,9 x 32 x 15,4 cm (B x L x H) M\u00e5tt p\u00e5 sm\u00e5 hyllor: 22,9 x 32 x 15,4 cm (B x L x H): Totalvikt: 1,2 kg Maximal statisk belastning per hylla: Leveransomfattning: 2 x k\u00f6ksorganiserare 1 x tillbeh\u00f6rspaket 1 * Instruktioner<\/p>\n","protected":false},"excerpt":{"rendered":"<p>[Dela och best\u00e4m] Du har ett stort sk\u00e5p, men det finns fortfarande inte plats f\u00f6r kryddor och burkar. F\u00f6rs\u00f6k att dela upp sk\u00e5pets utrymme med dessa organisat\u00f6rer s\u00e5 att du kan f\u00f6rdubbla ditt f\u00f6rvaringsutrymme.[Snygg design] Du vill inte g\u00f6mma denna charmiga hylla i sk\u00e5pet, utan kan ocks\u00e5 placera den p\u00e5 arbetsb\u00e4nken, vilket g\u00f6r den praktisk [&hellip;]<\/p>\n","protected":false},"featured_media":0,"comment_status":"open","ping_status":"closed","template":"","meta":[],"product_brand":[],"product_cat":[33],"product_tag":[],"class_list":{"0":"post-12957","1":"product","2":"type-product","3":"status-publish","5":"product_cat-okategoriserad","7":"first","8":"instock","9":"shipping-taxable","10":"purchasable","11":"product-type-simple"},"_links":{"self":[{"href":"https:\/\/nordicmart.andreevmaster.com\/sv\/wp-json\/wp\/v2\/product\/12957","targetHints":{"allow":["GET"]}}],"collection":[{"href":"https:\/\/nordicmart.andreevmaster.com\/sv\/wp-json\/wp\/v2\/product"}],"about":[{"href":"https:\/\/nordicmart.andreevmaster.com\/sv\/wp-json\/wp\/v2\/types\/product"}],"replies":[{"embeddable":true,"href":"https:\/\/nordicmart.andreevmaster.com\/sv\/wp-json\/wp\/v2\/comments?post=12957"}],"wp:attachment":[{"href":"https:\/\/nordicmart.andreevmaster.com\/sv\/wp-json\/wp\/v2\/media?parent=12957"}],"wp:term":[{"taxonomy":"product_brand","embeddable":true,"href":"https:\/\/nordicmart.andreevmaster.com\/sv\/wp-json\/wp\/v2\/product_brand?post=12957"},{"taxonomy":"product_cat","embeddable":true,"href":"https:\/\/nordicmart.andreevmaster.com\/sv\/wp-json\/wp\/v2\/product_cat?post=12957"},{"taxonomy":"product_tag","embeddable":true,"href":"https:\/\/nordicmart.andreevmaster.com\/sv\/wp-json\/wp\/v2\/product_tag?post=12957"}],"curies":[{"name":"wp","href":"https:\/\/api.w.org\/{rel}","templated":true}]}}