{"id":12956,"date":"2026-02-27T00:15:59","date_gmt":"2026-02-27T00:15:59","guid":{"rendered":"https:\/\/nordicmart.andreevmaster.com\/product\/songmics-2-stegs-diskstall-silver\/"},"modified":"2026-02-27T08:09:39","modified_gmt":"2026-02-27T08:09:39","slug":"songmics-2-stegs-diskstall-silver","status":"publish","type":"product","link":"https:\/\/nordicmart.andreevmaster.com\/sv\/produkt\/songmics-2-stegs-diskstall-silver\/","title":{"rendered":"SONGMICS 2-stegs diskst\u00e4ll silver"},"content":{"rendered":"<p>Produktdetaljer: F\u00e4rg: Silver Material: St\u00e5l Storlek med h\u00e5llare: 51 x 23,5 x 31,7 cm (L x B x H) Storlek utan h\u00e5llare: 42 x 23,5 x 31,7 cm (L x B x H) Vikt: 1,9 kg Max. statisk belastningskapacitet per niv\u00e5: 10 kg Leveransomfattning: 1 x diskst\u00e4ll 1 x diskbricka 1 x knivh\u00e5llare 1 x bestickh\u00e5llare 1 x sk\u00e4rbr\u00e4deh\u00e5llare 4 x halkskydd 1 x bruksanvisning<\/p>\n","protected":false},"excerpt":{"rendered":"<p>SONGMICS diskst\u00e4ll, 2-stegs diskst\u00e4ll, med knivh\u00e5llare, h\u00e5llare f\u00f6r sk\u00e4rbr\u00e4da, avtagbar droppsk\u00e5l, st\u00e5lst\u00e4ll, f\u00f6r k\u00f6k, platsbesparande, silver KCS018E01<\/p>\n","protected":false},"featured_media":0,"comment_status":"open","ping_status":"closed","template":"","meta":[],"product_brand":[],"product_cat":[33],"product_tag":[],"class_list":{"0":"post-12956","1":"product","2":"type-product","3":"status-publish","5":"product_cat-okategoriserad","7":"first","8":"instock","9":"shipping-taxable","10":"purchasable","11":"product-type-simple"},"_links":{"self":[{"href":"https:\/\/nordicmart.andreevmaster.com\/sv\/wp-json\/wp\/v2\/product\/12956","targetHints":{"allow":["GET"]}}],"collection":[{"href":"https:\/\/nordicmart.andreevmaster.com\/sv\/wp-json\/wp\/v2\/product"}],"about":[{"href":"https:\/\/nordicmart.andreevmaster.com\/sv\/wp-json\/wp\/v2\/types\/product"}],"replies":[{"embeddable":true,"href":"https:\/\/nordicmart.andreevmaster.com\/sv\/wp-json\/wp\/v2\/comments?post=12956"}],"wp:attachment":[{"href":"https:\/\/nordicmart.andreevmaster.com\/sv\/wp-json\/wp\/v2\/media?parent=12956"}],"wp:term":[{"taxonomy":"product_brand","embeddable":true,"href":"https:\/\/nordicmart.andreevmaster.com\/sv\/wp-json\/wp\/v2\/product_brand?post=12956"},{"taxonomy":"product_cat","embeddable":true,"href":"https:\/\/nordicmart.andreevmaster.com\/sv\/wp-json\/wp\/v2\/product_cat?post=12956"},{"taxonomy":"product_tag","embeddable":true,"href":"https:\/\/nordicmart.andreevmaster.com\/sv\/wp-json\/wp\/v2\/product_tag?post=12956"}],"curies":[{"name":"wp","href":"https:\/\/api.w.org\/{rel}","templated":true}]}}