{"id":12955,"date":"2026-02-27T00:15:58","date_gmt":"2026-02-27T00:15:58","guid":{"rendered":"https:\/\/nordicmart.andreevmaster.com\/product\/songmics-2-stegs-diskstall-svart\/"},"modified":"2026-02-27T08:09:39","modified_gmt":"2026-02-27T08:09:39","slug":"songmics-2-stegs-diskstall-svart","status":"publish","type":"product","link":"https:\/\/nordicmart.andreevmaster.com\/sv\/produkt\/songmics-2-stegs-diskstall-svart\/","title":{"rendered":"SONGMICS 2-stegs diskst\u00e4ll svart"},"content":{"rendered":"<p>Produktdetaljer: F\u00e4rg: Svart Material: St\u00e5l Storlek med h\u00e5llare: 51 x 23,5 x 31,7 cm (L x B x H) Storlek utan h\u00e5llare: 42 x 23,5 x 31,7 cm (L x B x H)Vikt: 1,9 kgMax. statisk belastningskapacitet per niv\u00e5: 10 kgLeveransomfattning:1 x diskst\u00e4ll1 x diskbricka1 x knivh\u00e5llare1 x bestickh\u00e5llare1 x sk\u00e4rbr\u00e4desh\u00e5llare4 x halkskydd1 x bruksanvisning<\/p>\n","protected":false},"excerpt":{"rendered":"<p>SONGMICS diskst\u00e4ll, 2-stegs diskst\u00e4ll, med knivh\u00e5llare, h\u00e5llare f\u00f6r sk\u00e4rbr\u00e4da, avtagbar droppsk\u00e5l, st\u00e5lst\u00e4ll, f\u00f6r k\u00f6k, platsbesparande, silver KCS018E01<\/p>\n","protected":false},"featured_media":0,"comment_status":"open","ping_status":"closed","template":"","meta":[],"product_brand":[],"product_cat":[33],"product_tag":[],"class_list":{"0":"post-12955","1":"product","2":"type-product","3":"status-publish","5":"product_cat-okategoriserad","7":"first","8":"instock","9":"shipping-taxable","10":"purchasable","11":"product-type-simple"},"_links":{"self":[{"href":"https:\/\/nordicmart.andreevmaster.com\/sv\/wp-json\/wp\/v2\/product\/12955","targetHints":{"allow":["GET"]}}],"collection":[{"href":"https:\/\/nordicmart.andreevmaster.com\/sv\/wp-json\/wp\/v2\/product"}],"about":[{"href":"https:\/\/nordicmart.andreevmaster.com\/sv\/wp-json\/wp\/v2\/types\/product"}],"replies":[{"embeddable":true,"href":"https:\/\/nordicmart.andreevmaster.com\/sv\/wp-json\/wp\/v2\/comments?post=12955"}],"wp:attachment":[{"href":"https:\/\/nordicmart.andreevmaster.com\/sv\/wp-json\/wp\/v2\/media?parent=12955"}],"wp:term":[{"taxonomy":"product_brand","embeddable":true,"href":"https:\/\/nordicmart.andreevmaster.com\/sv\/wp-json\/wp\/v2\/product_brand?post=12955"},{"taxonomy":"product_cat","embeddable":true,"href":"https:\/\/nordicmart.andreevmaster.com\/sv\/wp-json\/wp\/v2\/product_cat?post=12955"},{"taxonomy":"product_tag","embeddable":true,"href":"https:\/\/nordicmart.andreevmaster.com\/sv\/wp-json\/wp\/v2\/product_tag?post=12955"}],"curies":[{"name":"wp","href":"https:\/\/api.w.org\/{rel}","templated":true}]}}