{"id":12953,"date":"2026-02-27T00:15:58","date_gmt":"2026-02-27T00:15:58","guid":{"rendered":"https:\/\/nordicmart.andreevmaster.com\/product\/songmics-koksorganiserare-med-2-lador\/"},"modified":"2026-02-27T08:09:39","modified_gmt":"2026-02-27T08:09:39","slug":"songmics-koksorganiserare-med-2-lador","status":"publish","type":"product","link":"https:\/\/nordicmart.andreevmaster.com\/sv\/produkt\/songmics-koksorganiserare-med-2-lador\/","title":{"rendered":"SONGMICS k\u00f6ksorganiserare med 2 l\u00e5dor"},"content":{"rendered":"<p>Produktdetaljer: F\u00e4rg: Silver Material: St\u00e5l Storlek: Med 2 korgar inuti ramen: 21 x 36,5 x 27,2 cm (D x B x H) Med en stor korg p\u00e5 \u00f6versta niv\u00e5n: 21 x 36,5 x 33,7 cm (D x B x H) Med en liten korg p\u00e5 \u00f6versta niv\u00e5n: 21 x 36,5 x 31,5 cm (D x B x H) M\u00e5tt p\u00e5 den stora korgen: 19 x 36,5 x 10 cm (D x B x H) M\u00e5tt p\u00e5 den lilla korgen: 18 x 36 x 8,5 cm (D x B x H) Produktens vikt: 1,6 kg Max. statisk belastningskapacitet per korg: 10 kg Leveransomfattning: 1 x k\u00f6ksorganiserare 1 x p\u00e5se med monteringsverktyg 1 x bruksanvisning<\/p>\n","protected":false},"excerpt":{"rendered":"<p>SONGMICS Organizer f\u00f6r k\u00f6k, 2 utdragbara l\u00e5dor f\u00f6r sk\u00e5p, stapelbar l\u00e5da Organizer, f\u00f6r k\u00f6k, badrum, silver KCS017E01<\/p>\n","protected":false},"featured_media":41143,"comment_status":"open","ping_status":"closed","template":"","meta":[],"product_brand":[],"product_cat":[33],"product_tag":[],"class_list":{"0":"post-12953","1":"product","2":"type-product","3":"status-publish","4":"has-post-thumbnail","6":"product_cat-okategoriserad","8":"first","9":"instock","10":"shipping-taxable","11":"purchasable","12":"product-type-simple"},"_links":{"self":[{"href":"https:\/\/nordicmart.andreevmaster.com\/sv\/wp-json\/wp\/v2\/product\/12953","targetHints":{"allow":["GET"]}}],"collection":[{"href":"https:\/\/nordicmart.andreevmaster.com\/sv\/wp-json\/wp\/v2\/product"}],"about":[{"href":"https:\/\/nordicmart.andreevmaster.com\/sv\/wp-json\/wp\/v2\/types\/product"}],"replies":[{"embeddable":true,"href":"https:\/\/nordicmart.andreevmaster.com\/sv\/wp-json\/wp\/v2\/comments?post=12953"}],"wp:featuredmedia":[{"embeddable":true,"href":"https:\/\/nordicmart.andreevmaster.com\/sv\/wp-json\/wp\/v2\/media\/41143"}],"wp:attachment":[{"href":"https:\/\/nordicmart.andreevmaster.com\/sv\/wp-json\/wp\/v2\/media?parent=12953"}],"wp:term":[{"taxonomy":"product_brand","embeddable":true,"href":"https:\/\/nordicmart.andreevmaster.com\/sv\/wp-json\/wp\/v2\/product_brand?post=12953"},{"taxonomy":"product_cat","embeddable":true,"href":"https:\/\/nordicmart.andreevmaster.com\/sv\/wp-json\/wp\/v2\/product_cat?post=12953"},{"taxonomy":"product_tag","embeddable":true,"href":"https:\/\/nordicmart.andreevmaster.com\/sv\/wp-json\/wp\/v2\/product_tag?post=12953"}],"curies":[{"name":"wp","href":"https:\/\/api.w.org\/{rel}","templated":true}]}}