{"id":12952,"date":"2026-02-27T00:15:58","date_gmt":"2026-02-27T00:15:58","guid":{"rendered":"https:\/\/nordicmart.andreevmaster.com\/product\/songmics-koksskapsorganiserare-stapelbar-klassisk-svart\/"},"modified":"2026-02-27T08:09:38","modified_gmt":"2026-02-27T08:09:38","slug":"songmics-koksskapsorganiserare-stapelbar-klassisk-svart","status":"publish","type":"product","link":"https:\/\/nordicmart.andreevmaster.com\/sv\/produkt\/songmics-koksskapsorganiserare-stapelbar-klassisk-svart\/","title":{"rendered":"SONGMICS k\u00f6kssk\u00e5psorganiserare stapelbar klassisk svart"},"content":{"rendered":"<p>SONGMICS Organizer f\u00f6r k\u00f6k, 2 utdragbara l\u00e5dor f\u00f6r sk\u00e5p, stapelbar l\u00e5da Organizer, f\u00f6r k\u00f6k, badrum, silver KCS017E01<br \/>\nF\u00e4rg: klassiskt svart<br \/>\nMaterial: st\u00e5l<br \/>\nStorlek<br \/>\nMed 2 korgar inuti ramen: 21 x 36,5 x 27,2 cm (D x B x H)<br \/>\nMed en stor korg p\u00e5 \u00f6versta niv\u00e5n: 21 x 36,5 x 33,7 cm (D x B x H)<br \/>\nMed en liten korg p\u00e5 \u00f6versta niv\u00e5n: 21 x 36,5 x 31,5 cm (D x B x H)<br \/>\nStorlek p\u00e5 den stora korgen: 19 x 36,5 x 10 cm (D x B x H)<br \/>\nStorlek p\u00e5 den lilla korgen: 18 x 36 x 8,5 cm (D x B x H)<br \/>\nVikt: 1,6 kg<br \/>\nMax. statisk belastningskapacitet per korg: 10 kg<\/p>\n","protected":false},"excerpt":{"rendered":"<p>SONGMICS Organizer f\u00f6r k\u00f6k, 2 utdragbara l\u00e5dor f\u00f6r sk\u00e5p, stapelbar l\u00e5da Organizer, f\u00f6r k\u00f6k, badrum, silver KCS017E01<\/p>\n","protected":false},"featured_media":41142,"comment_status":"open","ping_status":"closed","template":"","meta":[],"product_brand":[],"product_cat":[33],"product_tag":[],"class_list":{"0":"post-12952","1":"product","2":"type-product","3":"status-publish","4":"has-post-thumbnail","6":"product_cat-okategoriserad","8":"first","9":"instock","10":"shipping-taxable","11":"purchasable","12":"product-type-simple"},"_links":{"self":[{"href":"https:\/\/nordicmart.andreevmaster.com\/sv\/wp-json\/wp\/v2\/product\/12952","targetHints":{"allow":["GET"]}}],"collection":[{"href":"https:\/\/nordicmart.andreevmaster.com\/sv\/wp-json\/wp\/v2\/product"}],"about":[{"href":"https:\/\/nordicmart.andreevmaster.com\/sv\/wp-json\/wp\/v2\/types\/product"}],"replies":[{"embeddable":true,"href":"https:\/\/nordicmart.andreevmaster.com\/sv\/wp-json\/wp\/v2\/comments?post=12952"}],"wp:featuredmedia":[{"embeddable":true,"href":"https:\/\/nordicmart.andreevmaster.com\/sv\/wp-json\/wp\/v2\/media\/41142"}],"wp:attachment":[{"href":"https:\/\/nordicmart.andreevmaster.com\/sv\/wp-json\/wp\/v2\/media?parent=12952"}],"wp:term":[{"taxonomy":"product_brand","embeddable":true,"href":"https:\/\/nordicmart.andreevmaster.com\/sv\/wp-json\/wp\/v2\/product_brand?post=12952"},{"taxonomy":"product_cat","embeddable":true,"href":"https:\/\/nordicmart.andreevmaster.com\/sv\/wp-json\/wp\/v2\/product_cat?post=12952"},{"taxonomy":"product_tag","embeddable":true,"href":"https:\/\/nordicmart.andreevmaster.com\/sv\/wp-json\/wp\/v2\/product_tag?post=12952"}],"curies":[{"name":"wp","href":"https:\/\/api.w.org\/{rel}","templated":true}]}}