{"id":12951,"date":"2026-02-27T00:15:58","date_gmt":"2026-02-27T00:15:58","guid":{"rendered":"https:\/\/nordicmart.andreevmaster.com\/product\/songmics-kokshyllor-2-pack-naturfargade-vita\/"},"modified":"2026-02-27T08:09:38","modified_gmt":"2026-02-27T08:09:38","slug":"songmics-kokshyllor-2-pack-naturfargade-vita","status":"publish","type":"product","link":"https:\/\/nordicmart.andreevmaster.com\/sv\/produkt\/songmics-kokshyllor-2-pack-naturfargade-vita\/","title":{"rendered":"SONGMICS k\u00f6kshyllor, 2-pack, naturf\u00e4rgade-vita"},"content":{"rendered":"<p>3-stegs, utdragbart kryddhyllset Passar olika rum, efter dina \u00f6nskem\u00e5l H\u00e5ller allt i ordning G\u00f6r matlagningen enklare och dig lyckligare Fr\u00e5n kaos till ordning: \u00d6rter och kryddor g\u00f6r maten godare och fr\u00e4mjar samtidigt din h\u00e4lsa. Men ju fler kryddor du har, desto sv\u00e5rare \u00e4r det att sortera dem. Anv\u00e4nd dessa kryddhyllor f\u00f6r att h\u00e5lla ordning och rensa ditt sk\u00e5p fr\u00e5n kaos. Passande design: Med en utdragbar design kan du anpassa kryddhyllorna s\u00e5 att de passar ditt sk\u00e5p och dina kryddor. Du kan ocks\u00e5 dela upp detta set i tv\u00e5 separata hyllor och anv\u00e4nda dem p\u00e5 olika st\u00e4llen \u2013 en i sk\u00e5pet och en p\u00e5 arbetsb\u00e4nken. Produktdetaljer: F\u00e4rg: Naturvit Material: Bambu, st\u00e5l Storlek p\u00e5 den stora hyllan: 32 x 24,5 x 11,2 cm (L x B x H) Storlek p\u00e5 det lilla hyllan: 32 x 24 x 9,5 cm (L x B x H) Vikt: 1,2 kg Max. statisk belastningskapacitet per hylla: 3 kg Leveransomfattning: 1 x kryddhyllset 1 x tillbeh\u00f6rspaket 1 x bruksanvisning (DE, EN, FR, ES, IT)<\/p>\n","protected":false},"excerpt":{"rendered":"<p>SONGMICS kryddhyllor, k\u00f6kshyllor, 2-pack, med 3 hyllplan vardera, bambu, utdragbara, stapelbara, f\u00f6r skafferi, k\u00f6k, b\u00e4nkskiva, naturf\u00e4rgade-svarta KCS016N01<\/p>\n","protected":false},"featured_media":0,"comment_status":"open","ping_status":"closed","template":"","meta":[],"product_brand":[],"product_cat":[33],"product_tag":[],"class_list":{"0":"post-12951","1":"product","2":"type-product","3":"status-publish","5":"product_cat-okategoriserad","7":"first","8":"instock","9":"shipping-taxable","10":"purchasable","11":"product-type-simple"},"_links":{"self":[{"href":"https:\/\/nordicmart.andreevmaster.com\/sv\/wp-json\/wp\/v2\/product\/12951","targetHints":{"allow":["GET"]}}],"collection":[{"href":"https:\/\/nordicmart.andreevmaster.com\/sv\/wp-json\/wp\/v2\/product"}],"about":[{"href":"https:\/\/nordicmart.andreevmaster.com\/sv\/wp-json\/wp\/v2\/types\/product"}],"replies":[{"embeddable":true,"href":"https:\/\/nordicmart.andreevmaster.com\/sv\/wp-json\/wp\/v2\/comments?post=12951"}],"wp:attachment":[{"href":"https:\/\/nordicmart.andreevmaster.com\/sv\/wp-json\/wp\/v2\/media?parent=12951"}],"wp:term":[{"taxonomy":"product_brand","embeddable":true,"href":"https:\/\/nordicmart.andreevmaster.com\/sv\/wp-json\/wp\/v2\/product_brand?post=12951"},{"taxonomy":"product_cat","embeddable":true,"href":"https:\/\/nordicmart.andreevmaster.com\/sv\/wp-json\/wp\/v2\/product_cat?post=12951"},{"taxonomy":"product_tag","embeddable":true,"href":"https:\/\/nordicmart.andreevmaster.com\/sv\/wp-json\/wp\/v2\/product_tag?post=12951"}],"curies":[{"name":"wp","href":"https:\/\/api.w.org\/{rel}","templated":true}]}}