{"id":12945,"date":"2026-02-27T00:15:56","date_gmt":"2026-02-27T00:15:56","guid":{"rendered":"https:\/\/nordicmart.andreevmaster.com\/product\/songmics-kryddhylla-med-2-hyllplan-silver\/"},"modified":"2026-02-27T08:09:37","modified_gmt":"2026-02-27T08:09:37","slug":"songmics-kryddhylla-med-2-hyllplan-silver","status":"publish","type":"product","link":"https:\/\/nordicmart.andreevmaster.com\/sv\/produkt\/songmics-kryddhylla-med-2-hyllplan-silver\/","title":{"rendered":"SONGMICS kryddhylla med 2 hyllplan, silver"},"content":{"rendered":"<p>Livet \u00e4r fullt av m\u00f6jligheter: Bara ett kryddhyllor? Nej! Detta 2-v\u00e5ningars f\u00f6rvaringshyllor \u00e4r m\u00e5ngsidigt \u2013 som en mini-kaffebar i vardagsrummet, f\u00f6r hygienartiklar i badrummet, f\u00f6r din smink, f\u00f6r krukv\u00e4xter eller f\u00f6r dekorationsartiklar. Med detta lilla hyllsystem har du m\u00e5nga m\u00f6jligheter. F\u00f6rdelar med detta kryddhyllsystem: Med en storlek p\u00e5 31,5 x 18 x 38 cm tar det bara lite plats i k\u00f6ket, men erbjuder med sina 2 hyllplan mycket utrymme f\u00f6r kryddor och liknande; De upph\u00f6jda kanterna skyddar dina f\u00f6rem\u00e5l fr\u00e5n att falla ner; Inga verktyg beh\u00f6vs f\u00f6r enkel montering;En avtagbar beh\u00e5llare och 3 krokar f\u00f6r f\u00f6rvaring och upph\u00e4ngning av dina f\u00f6rem\u00e5l som bestick, tandkr\u00e4m eller borstar. Med 4 justerbara f\u00f6tter kan detta hyllsystem st\u00e5 stabilt \u00e4ven p\u00e5 l\u00e4tt oj\u00e4mna ytor.Produktdetaljer: F\u00e4rg: Silver Material: St\u00e5l Storlek: 31,5 x 18 x 38 cm (L x B x H) Vikt: 0,9 kg Max. statisk belastningskapacitet per hylla: 10 kg Leveransomfattning: 1 x kryddhylla 1 x bestickh\u00e5llare 3 x plasthakar 1 x bruksanvisning (DE, EN, FR, ES, IT)<\/p>\n","protected":false},"excerpt":{"rendered":"<p>SONGMICS kryddhylla med 2 niv\u00e5er, badrumshylla med 3 krokar, k\u00f6ksorganiserare med bestickh\u00e5llare, f\u00f6r k\u00f6k, badrum, silver KCS015E01<\/p>\n","protected":false},"featured_media":41136,"comment_status":"open","ping_status":"closed","template":"","meta":[],"product_brand":[],"product_cat":[33],"product_tag":[],"class_list":{"0":"post-12945","1":"product","2":"type-product","3":"status-publish","4":"has-post-thumbnail","6":"product_cat-okategoriserad","8":"first","9":"instock","10":"shipping-taxable","11":"purchasable","12":"product-type-simple"},"_links":{"self":[{"href":"https:\/\/nordicmart.andreevmaster.com\/sv\/wp-json\/wp\/v2\/product\/12945","targetHints":{"allow":["GET"]}}],"collection":[{"href":"https:\/\/nordicmart.andreevmaster.com\/sv\/wp-json\/wp\/v2\/product"}],"about":[{"href":"https:\/\/nordicmart.andreevmaster.com\/sv\/wp-json\/wp\/v2\/types\/product"}],"replies":[{"embeddable":true,"href":"https:\/\/nordicmart.andreevmaster.com\/sv\/wp-json\/wp\/v2\/comments?post=12945"}],"wp:featuredmedia":[{"embeddable":true,"href":"https:\/\/nordicmart.andreevmaster.com\/sv\/wp-json\/wp\/v2\/media\/41136"}],"wp:attachment":[{"href":"https:\/\/nordicmart.andreevmaster.com\/sv\/wp-json\/wp\/v2\/media?parent=12945"}],"wp:term":[{"taxonomy":"product_brand","embeddable":true,"href":"https:\/\/nordicmart.andreevmaster.com\/sv\/wp-json\/wp\/v2\/product_brand?post=12945"},{"taxonomy":"product_cat","embeddable":true,"href":"https:\/\/nordicmart.andreevmaster.com\/sv\/wp-json\/wp\/v2\/product_cat?post=12945"},{"taxonomy":"product_tag","embeddable":true,"href":"https:\/\/nordicmart.andreevmaster.com\/sv\/wp-json\/wp\/v2\/product_tag?post=12945"}],"curies":[{"name":"wp","href":"https:\/\/api.w.org\/{rel}","templated":true}]}}