{"id":12944,"date":"2026-02-27T00:15:56","date_gmt":"2026-02-27T00:15:56","guid":{"rendered":"https:\/\/nordicmart.andreevmaster.com\/product\/songmics-kryddhylla-med-2-nivaer-svart\/"},"modified":"2026-02-27T08:09:37","modified_gmt":"2026-02-27T08:09:37","slug":"songmics-kryddhylla-med-2-nivaer-svart","status":"publish","type":"product","link":"https:\/\/nordicmart.andreevmaster.com\/sv\/produkt\/songmics-kryddhylla-med-2-nivaer-svart\/","title":{"rendered":"SONGMICS kryddhylla med 2 niv\u00e5er, svart"},"content":{"rendered":"<p>Timing \u00e4r A och O n\u00e4r man lagar mat. Missar du ofta det perfekta tillf\u00e4llet att tills\u00e4tta kryddor n\u00e4r du rotar i kaoset i k\u00f6ket? Oroa dig inte, detta kryddhylla hj\u00e4lper dig ur knipan! N\u00e4sta g\u00e5ng hittar du allt du beh\u00f6ver i detta rack. Organisera allt snyggt och du sparar tid n\u00e4r du lagar mat. F\u00f6rdelar med detta kryddhyllor: Med en storlek p\u00e5 31 x 16 x 25,7 cm tar det bara lite plats i k\u00f6ket, men erbjuder med sina 2 hyllor mycket utrymme f\u00f6r kryddor och liknande.De upph\u00f6jda kanterna skyddar dina f\u00f6rem\u00e5l fr\u00e5n att falla ner. Inga verktyg beh\u00f6vs f\u00f6r enkel montering. 2 l\u00e4ttrengjorda plastplattor ger en plan yta och skyddar sm\u00e5 f\u00f6rem\u00e5l fr\u00e5n att falla ner eller fastna. 4 halkfria f\u00f6tter f\u00f6rhindrar att hyllan glider och skyddar dina arbetsytor fr\u00e5n repor. Passar \u00e4ven i k\u00f6kssk\u00e5pet, skafferiet, badrummet eller matsalen.Produktdetaljer: F\u00e4rg: Svart Material: St\u00e5l Storlek: 31 x 16 x 25,7 cm (L x B x H) Vikt: 0,9 kg Leveransomfattning: 1 x kryddhylla 2 x plastplatta 4 x halkfria f\u00f6tter 1 x bruksanvisning (DE, EN, FR, ES, IT)<\/p>\n","protected":false},"excerpt":{"rendered":"<p>SONGMICS kryddhylla med 2 niv\u00e5er, k\u00f6kshylla i metall, med plastskivor, halkfria f\u00f6tter, l\u00e4tt att montera, f\u00f6r b\u00e4nkskiva, skafferi, badrum, k\u00f6k, svart KCS013B01<\/p>\n","protected":false},"featured_media":41135,"comment_status":"open","ping_status":"closed","template":"","meta":[],"product_brand":[],"product_cat":[33],"product_tag":[],"class_list":{"0":"post-12944","1":"product","2":"type-product","3":"status-publish","4":"has-post-thumbnail","6":"product_cat-okategoriserad","8":"first","9":"instock","10":"shipping-taxable","11":"purchasable","12":"product-type-simple"},"_links":{"self":[{"href":"https:\/\/nordicmart.andreevmaster.com\/sv\/wp-json\/wp\/v2\/product\/12944","targetHints":{"allow":["GET"]}}],"collection":[{"href":"https:\/\/nordicmart.andreevmaster.com\/sv\/wp-json\/wp\/v2\/product"}],"about":[{"href":"https:\/\/nordicmart.andreevmaster.com\/sv\/wp-json\/wp\/v2\/types\/product"}],"replies":[{"embeddable":true,"href":"https:\/\/nordicmart.andreevmaster.com\/sv\/wp-json\/wp\/v2\/comments?post=12944"}],"wp:featuredmedia":[{"embeddable":true,"href":"https:\/\/nordicmart.andreevmaster.com\/sv\/wp-json\/wp\/v2\/media\/41135"}],"wp:attachment":[{"href":"https:\/\/nordicmart.andreevmaster.com\/sv\/wp-json\/wp\/v2\/media?parent=12944"}],"wp:term":[{"taxonomy":"product_brand","embeddable":true,"href":"https:\/\/nordicmart.andreevmaster.com\/sv\/wp-json\/wp\/v2\/product_brand?post=12944"},{"taxonomy":"product_cat","embeddable":true,"href":"https:\/\/nordicmart.andreevmaster.com\/sv\/wp-json\/wp\/v2\/product_cat?post=12944"},{"taxonomy":"product_tag","embeddable":true,"href":"https:\/\/nordicmart.andreevmaster.com\/sv\/wp-json\/wp\/v2\/product_tag?post=12944"}],"curies":[{"name":"wp","href":"https:\/\/api.w.org\/{rel}","templated":true}]}}