{"id":12943,"date":"2026-02-27T00:15:56","date_gmt":"2026-02-27T00:15:56","guid":{"rendered":"https:\/\/nordicmart.andreevmaster.com\/product\/songmics-koksorganiserare-4-pack\/"},"modified":"2026-02-27T08:09:37","modified_gmt":"2026-02-27T08:09:37","slug":"songmics-koksorganiserare-4-pack","status":"publish","type":"product","link":"https:\/\/nordicmart.andreevmaster.com\/sv\/produkt\/songmics-koksorganiserare-4-pack\/","title":{"rendered":"SONGMICS k\u00f6ksorganiserare, 4-pack"},"content":{"rendered":"<p>Produktdetaljer: F\u00e4rg: Vit-naturf\u00e4rgad Material: Metall, bambu M\u00e5tt p\u00e5 den stora hyllan: 19,5 x 29,7 x 15,5 cm (D x B x H) M\u00e5tt p\u00e5 den lilla hyllan: 18,5 x 29,7 x 13,6 cm (D x B x H) Totalvikt: 2,6 kg Max. statisk belastningskapacitet per hylla: 15 kg Leveransomfattning: 4 x k\u00f6ksorganiserare 1 x tillbeh\u00f6rspaket 1 x bruksanvisning SONGMICS Anm\u00e4rkningar: F\u00f6r stapling, se bruksanvisningen. Undvik l\u00e5ngvarig anv\u00e4ndning i fuktiga milj\u00f6er.<\/p>\n","protected":false},"excerpt":{"rendered":"<p>SONGMICS k\u00f6ksorganiserare, 4 k\u00f6kshyllor, sk\u00e5psf\u00f6rvaring, stapelbar, utbyggbar, metall och bambu, vit-naturf\u00e4rgad KCS010N01<\/p>\n","protected":false},"featured_media":41134,"comment_status":"open","ping_status":"closed","template":"","meta":[],"product_brand":[],"product_cat":[33],"product_tag":[],"class_list":{"0":"post-12943","1":"product","2":"type-product","3":"status-publish","4":"has-post-thumbnail","6":"product_cat-okategoriserad","8":"first","9":"instock","10":"shipping-taxable","11":"purchasable","12":"product-type-simple"},"_links":{"self":[{"href":"https:\/\/nordicmart.andreevmaster.com\/sv\/wp-json\/wp\/v2\/product\/12943","targetHints":{"allow":["GET"]}}],"collection":[{"href":"https:\/\/nordicmart.andreevmaster.com\/sv\/wp-json\/wp\/v2\/product"}],"about":[{"href":"https:\/\/nordicmart.andreevmaster.com\/sv\/wp-json\/wp\/v2\/types\/product"}],"replies":[{"embeddable":true,"href":"https:\/\/nordicmart.andreevmaster.com\/sv\/wp-json\/wp\/v2\/comments?post=12943"}],"wp:featuredmedia":[{"embeddable":true,"href":"https:\/\/nordicmart.andreevmaster.com\/sv\/wp-json\/wp\/v2\/media\/41134"}],"wp:attachment":[{"href":"https:\/\/nordicmart.andreevmaster.com\/sv\/wp-json\/wp\/v2\/media?parent=12943"}],"wp:term":[{"taxonomy":"product_brand","embeddable":true,"href":"https:\/\/nordicmart.andreevmaster.com\/sv\/wp-json\/wp\/v2\/product_brand?post=12943"},{"taxonomy":"product_cat","embeddable":true,"href":"https:\/\/nordicmart.andreevmaster.com\/sv\/wp-json\/wp\/v2\/product_cat?post=12943"},{"taxonomy":"product_tag","embeddable":true,"href":"https:\/\/nordicmart.andreevmaster.com\/sv\/wp-json\/wp\/v2\/product_tag?post=12943"}],"curies":[{"name":"wp","href":"https:\/\/api.w.org\/{rel}","templated":true}]}}