{"id":12942,"date":"2026-02-27T00:15:56","date_gmt":"2026-02-27T00:15:56","guid":{"rendered":"https:\/\/nordicmart.andreevmaster.com\/product\/songmics-kryddhylla-4-pack-utbyggbar-och-stapelbar-black-svart\/"},"modified":"2026-02-27T08:09:36","modified_gmt":"2026-02-27T08:09:36","slug":"songmics-kryddhylla-4-pack-utbyggbar-och-stapelbar-black-svart","status":"publish","type":"product","link":"https:\/\/nordicmart.andreevmaster.com\/sv\/produkt\/songmics-kryddhylla-4-pack-utbyggbar-och-stapelbar-black-svart\/","title":{"rendered":"SONGMICS kryddhylla, 4-pack, utbyggbar och stapelbar, bl\u00e4ck svart"},"content":{"rendered":"<p>SONGMICS kryddhylla, 4-pack, k\u00f6kshylla, k\u00f6ksorganiserare, k\u00f6k, kryddh\u00e5llare, utbyggbar, stapelbar, liten hylla, metall, bl\u00e4ck svart KCS006B01<br \/>\nF\u00e4rg: bl\u00e4ck svart<br \/>\nMaterial: metall<br \/>\nStorlek p\u00e5 det stora hyllan: 22,9 x 32 x 15,4 cm (D x B x H)<br \/>\nStorlek p\u00e5 det lilla hyllan: 21,9 x 32 x 13,7 cm (D x B x H)<br \/>\nTotalvikt: 2,4 kg<br \/>\nMax. statisk belastningskapacitet per hylla: 10 kg<\/p>\n","protected":false},"excerpt":{"rendered":"<p>SONGMICS kryddhylla, 4-pack, k\u00f6kshylla, k\u00f6ksorganiserare, k\u00f6k, kryddh\u00e5llare, utbyggbar, stapelbar, liten hylla, metall, bl\u00e4ck svart KCS006B01<\/p>\n","protected":false},"featured_media":41133,"comment_status":"open","ping_status":"closed","template":"","meta":[],"product_brand":[],"product_cat":[33],"product_tag":[],"class_list":{"0":"post-12942","1":"product","2":"type-product","3":"status-publish","4":"has-post-thumbnail","6":"product_cat-okategoriserad","8":"first","9":"instock","10":"shipping-taxable","11":"purchasable","12":"product-type-simple"},"_links":{"self":[{"href":"https:\/\/nordicmart.andreevmaster.com\/sv\/wp-json\/wp\/v2\/product\/12942","targetHints":{"allow":["GET"]}}],"collection":[{"href":"https:\/\/nordicmart.andreevmaster.com\/sv\/wp-json\/wp\/v2\/product"}],"about":[{"href":"https:\/\/nordicmart.andreevmaster.com\/sv\/wp-json\/wp\/v2\/types\/product"}],"replies":[{"embeddable":true,"href":"https:\/\/nordicmart.andreevmaster.com\/sv\/wp-json\/wp\/v2\/comments?post=12942"}],"wp:featuredmedia":[{"embeddable":true,"href":"https:\/\/nordicmart.andreevmaster.com\/sv\/wp-json\/wp\/v2\/media\/41133"}],"wp:attachment":[{"href":"https:\/\/nordicmart.andreevmaster.com\/sv\/wp-json\/wp\/v2\/media?parent=12942"}],"wp:term":[{"taxonomy":"product_brand","embeddable":true,"href":"https:\/\/nordicmart.andreevmaster.com\/sv\/wp-json\/wp\/v2\/product_brand?post=12942"},{"taxonomy":"product_cat","embeddable":true,"href":"https:\/\/nordicmart.andreevmaster.com\/sv\/wp-json\/wp\/v2\/product_cat?post=12942"},{"taxonomy":"product_tag","embeddable":true,"href":"https:\/\/nordicmart.andreevmaster.com\/sv\/wp-json\/wp\/v2\/product_tag?post=12942"}],"curies":[{"name":"wp","href":"https:\/\/api.w.org\/{rel}","templated":true}]}}