{"id":12941,"date":"2026-02-27T00:15:55","date_gmt":"2026-02-27T00:15:55","guid":{"rendered":"https:\/\/nordicmart.andreevmaster.com\/product\/songmics-kryddhylla-2-pack-stapelbar-mandarinrod\/"},"modified":"2026-02-27T08:09:36","modified_gmt":"2026-02-27T08:09:36","slug":"songmics-kryddhylla-2-pack-stapelbar-mandarinrod","status":"publish","type":"product","link":"https:\/\/nordicmart.andreevmaster.com\/sv\/produkt\/songmics-kryddhylla-2-pack-stapelbar-mandarinrod\/","title":{"rendered":"SONGMICS kryddhylla, 2-pack, stapelbar, mandarinr\u00f6d"},"content":{"rendered":"<p>SONGMICS kryddhylla, 2-pack k\u00f6ksorganiserare, k\u00f6kshylla, sk\u00e5psorganiserare f\u00f6r k\u00f6k, utbyggbar, liten hylla, stapelbar, metall och tr\u00e4material, mandariner\u00f6d KCS002Y02<br \/>\nF\u00e4rg: mandarinr\u00f6d<br \/>\nMaterial: metall, tr\u00e4baserat material<br \/>\nStorlek p\u00e5 det stora hyllan: 19,5 x 29,7 x 15,8 cm (D x B x H)<br \/>\nStorlek p\u00e5 det lilla hyllan: 18,5 x 29,7 x 13,7 cm (D x B x H)<br \/>\nTotalvikt: 1,6 kg<br \/>\nMax. statisk belastningskapacitet per hylla: 15 kg<\/p>\n","protected":false},"excerpt":{"rendered":"<p>SONGMICS kryddhylla, 2-pack k\u00f6ksorganiserare, k\u00f6kshylla, sk\u00e5psorganiserare f\u00f6r k\u00f6k, utbyggbar, liten hylla, stapelbar, metall och tr\u00e4material, mandariner\u00f6d KCS002Y02<\/p>\n","protected":false},"featured_media":41132,"comment_status":"open","ping_status":"closed","template":"","meta":[],"product_brand":[],"product_cat":[33],"product_tag":[],"class_list":{"0":"post-12941","1":"product","2":"type-product","3":"status-publish","4":"has-post-thumbnail","6":"product_cat-okategoriserad","8":"first","9":"instock","10":"shipping-taxable","11":"purchasable","12":"product-type-simple"},"_links":{"self":[{"href":"https:\/\/nordicmart.andreevmaster.com\/sv\/wp-json\/wp\/v2\/product\/12941","targetHints":{"allow":["GET"]}}],"collection":[{"href":"https:\/\/nordicmart.andreevmaster.com\/sv\/wp-json\/wp\/v2\/product"}],"about":[{"href":"https:\/\/nordicmart.andreevmaster.com\/sv\/wp-json\/wp\/v2\/types\/product"}],"replies":[{"embeddable":true,"href":"https:\/\/nordicmart.andreevmaster.com\/sv\/wp-json\/wp\/v2\/comments?post=12941"}],"wp:featuredmedia":[{"embeddable":true,"href":"https:\/\/nordicmart.andreevmaster.com\/sv\/wp-json\/wp\/v2\/media\/41132"}],"wp:attachment":[{"href":"https:\/\/nordicmart.andreevmaster.com\/sv\/wp-json\/wp\/v2\/media?parent=12941"}],"wp:term":[{"taxonomy":"product_brand","embeddable":true,"href":"https:\/\/nordicmart.andreevmaster.com\/sv\/wp-json\/wp\/v2\/product_brand?post=12941"},{"taxonomy":"product_cat","embeddable":true,"href":"https:\/\/nordicmart.andreevmaster.com\/sv\/wp-json\/wp\/v2\/product_cat?post=12941"},{"taxonomy":"product_tag","embeddable":true,"href":"https:\/\/nordicmart.andreevmaster.com\/sv\/wp-json\/wp\/v2\/product_tag?post=12941"}],"curies":[{"name":"wp","href":"https:\/\/api.w.org\/{rel}","templated":true}]}}