{"id":12930,"date":"2026-02-27T00:15:53","date_gmt":"2026-02-27T00:15:53","guid":{"rendered":"https:\/\/nordicmart.andreevmaster.com\/product\/songmics-klocklada-med-6-fack-klockask-glaslock\/"},"modified":"2026-02-27T08:09:35","modified_gmt":"2026-02-27T08:09:35","slug":"songmics-klocklada-med-6-fack-klockask-glaslock","status":"publish","type":"product","link":"https:\/\/nordicmart.andreevmaster.com\/sv\/produkt\/songmics-klocklada-med-6-fack-klockask-glaslock\/","title":{"rendered":"SONGMICS klockl\u00e5da med 6 fack, klockask, glaslock"},"content":{"rendered":"<p>Klockl\u00e5da med 6 fack, klockask, glaslock, avtagbara klockkuddar, metallsp\u00e4nne, PU-\u00f6verdrag i svart, sammetfoder i gr\u00e5gr\u00f6nt<br \/>\n&#8211; F\u00e4rg: PU-\u00f6verdrag i svart, sammetfoder i svart<br \/>\n&#8211; Material: MDF (medeldensitetsfiberplatta), PU, sammet, glas<br \/>\n&#8211; Storlek: 11,2 x 30 x 8 cm (D x B x H)<br \/>\n&#8211; Vikt: 0,6 kg<\/p>\n","protected":false},"excerpt":{"rendered":"<p>Klockl\u00e5da med 6 fack, klockask, glaslock, avtagbara klockkuddar, metallsp\u00e4nne, PU-\u00f6verdrag i svart, sammetfoder i gr\u00e5gr\u00f6nt<\/p>\n","protected":false},"featured_media":41121,"comment_status":"open","ping_status":"closed","template":"","meta":[],"product_brand":[],"product_cat":[33],"product_tag":[],"class_list":{"0":"post-12930","1":"product","2":"type-product","3":"status-publish","4":"has-post-thumbnail","6":"product_cat-okategoriserad","8":"first","9":"instock","10":"shipping-taxable","11":"purchasable","12":"product-type-simple"},"_links":{"self":[{"href":"https:\/\/nordicmart.andreevmaster.com\/sv\/wp-json\/wp\/v2\/product\/12930","targetHints":{"allow":["GET"]}}],"collection":[{"href":"https:\/\/nordicmart.andreevmaster.com\/sv\/wp-json\/wp\/v2\/product"}],"about":[{"href":"https:\/\/nordicmart.andreevmaster.com\/sv\/wp-json\/wp\/v2\/types\/product"}],"replies":[{"embeddable":true,"href":"https:\/\/nordicmart.andreevmaster.com\/sv\/wp-json\/wp\/v2\/comments?post=12930"}],"wp:featuredmedia":[{"embeddable":true,"href":"https:\/\/nordicmart.andreevmaster.com\/sv\/wp-json\/wp\/v2\/media\/41121"}],"wp:attachment":[{"href":"https:\/\/nordicmart.andreevmaster.com\/sv\/wp-json\/wp\/v2\/media?parent=12930"}],"wp:term":[{"taxonomy":"product_brand","embeddable":true,"href":"https:\/\/nordicmart.andreevmaster.com\/sv\/wp-json\/wp\/v2\/product_brand?post=12930"},{"taxonomy":"product_cat","embeddable":true,"href":"https:\/\/nordicmart.andreevmaster.com\/sv\/wp-json\/wp\/v2\/product_cat?post=12930"},{"taxonomy":"product_tag","embeddable":true,"href":"https:\/\/nordicmart.andreevmaster.com\/sv\/wp-json\/wp\/v2\/product_tag?post=12930"}],"curies":[{"name":"wp","href":"https:\/\/api.w.org\/{rel}","templated":true}]}}