{"id":12929,"date":"2026-02-27T00:15:53","date_gmt":"2026-02-27T00:15:53","guid":{"rendered":"https:\/\/nordicmart.andreevmaster.com\/product\/songmicshome-klockbox-for-9-klockor-glasfonster-pa-ovansidan-och-framsidan-justerbar-klockhallare\/"},"modified":"2026-02-27T08:09:34","modified_gmt":"2026-02-27T08:09:34","slug":"songmicshome-klockbox-for-9-klockor-glasfonster-pa-ovansidan-och-framsidan-justerbar-klockhallare","status":"publish","type":"product","link":"https:\/\/nordicmart.andreevmaster.com\/sv\/produkt\/songmicshome-klockbox-for-9-klockor-glasfonster-pa-ovansidan-och-framsidan-justerbar-klockhallare\/","title":{"rendered":"SONGMICSHOME klockbox f\u00f6r 9 klockor, glasf\u00f6nster p\u00e5 ovansidan och framsidan, justerbar klockh\u00e5llare"},"content":{"rendered":"<p>SONGMICS HOME RONNE-kollektion \u2013 klockbox f\u00f6r 9 klockor, glasf\u00f6nster p\u00e5 ovansidan och framsidan, justerbara klockh\u00e5llare, PU-konstl\u00e4der i fl\u00e4tat utseende, sv\u00e4vande effekt, presentid\u00e9, svart JWB026B01<br \/>\nSpecifikationer:<br \/>\n&#8211; M\u00e5tt: 16,2 x 40 x 25,3 cm (D x B x H)<br \/>\n&#8211; Vikt: 3,9 kg<br \/>\n&#8211; Material: PU (polyuretan), imiterat velourl\u00e4der, metall, glas<br \/>\n&#8211; F\u00e4rg: svart<\/p>\n","protected":false},"excerpt":{"rendered":"<p>SONGMICS HOME RONNE-kollektion \u2013 klockbox f\u00f6r 9 klockor, glasf\u00f6nster p\u00e5 ovansidan och framsidan, justerbara klockh\u00e5llare, PU-konstl\u00e4der i fl\u00e4tat utseende, sv\u00e4vande effekt, presentid\u00e9, svart JWB026B01<\/p>\n","protected":false},"featured_media":41120,"comment_status":"open","ping_status":"closed","template":"","meta":[],"product_brand":[],"product_cat":[33],"product_tag":[],"class_list":{"0":"post-12929","1":"product","2":"type-product","3":"status-publish","4":"has-post-thumbnail","6":"product_cat-okategoriserad","8":"first","9":"instock","10":"shipping-taxable","11":"purchasable","12":"product-type-simple"},"_links":{"self":[{"href":"https:\/\/nordicmart.andreevmaster.com\/sv\/wp-json\/wp\/v2\/product\/12929","targetHints":{"allow":["GET"]}}],"collection":[{"href":"https:\/\/nordicmart.andreevmaster.com\/sv\/wp-json\/wp\/v2\/product"}],"about":[{"href":"https:\/\/nordicmart.andreevmaster.com\/sv\/wp-json\/wp\/v2\/types\/product"}],"replies":[{"embeddable":true,"href":"https:\/\/nordicmart.andreevmaster.com\/sv\/wp-json\/wp\/v2\/comments?post=12929"}],"wp:featuredmedia":[{"embeddable":true,"href":"https:\/\/nordicmart.andreevmaster.com\/sv\/wp-json\/wp\/v2\/media\/41120"}],"wp:attachment":[{"href":"https:\/\/nordicmart.andreevmaster.com\/sv\/wp-json\/wp\/v2\/media?parent=12929"}],"wp:term":[{"taxonomy":"product_brand","embeddable":true,"href":"https:\/\/nordicmart.andreevmaster.com\/sv\/wp-json\/wp\/v2\/product_brand?post=12929"},{"taxonomy":"product_cat","embeddable":true,"href":"https:\/\/nordicmart.andreevmaster.com\/sv\/wp-json\/wp\/v2\/product_cat?post=12929"},{"taxonomy":"product_tag","embeddable":true,"href":"https:\/\/nordicmart.andreevmaster.com\/sv\/wp-json\/wp\/v2\/product_tag?post=12929"}],"curies":[{"name":"wp","href":"https:\/\/api.w.org\/{rel}","templated":true}]}}