{"id":12924,"date":"2026-02-27T00:15:52","date_gmt":"2026-02-27T00:15:52","guid":{"rendered":"https:\/\/nordicmart.andreevmaster.com\/product\/songmics-klockbox-klocklada-med-glaslock-2-nivaer\/"},"modified":"2026-02-27T08:09:34","modified_gmt":"2026-02-27T08:09:34","slug":"songmics-klockbox-klocklada-med-glaslock-2-nivaer","status":"publish","type":"product","link":"https:\/\/nordicmart.andreevmaster.com\/sv\/produkt\/songmics-klockbox-klocklada-med-glaslock-2-nivaer\/","title":{"rendered":"SONGMICS klockbox, klockl\u00e5da med glaslock, 2 niv\u00e5er"},"content":{"rendered":"<p>Elegant skydd f\u00f6r  klocksamlingar, ett blickf\u00e5ng i varje modernt hemDenna klockbox \u00e4r utrustad med ett f\u00f6nster av \u00e4kta glas och erbjuder ett stilfullt och praktiskt s\u00e4tt att f\u00f6rvara dina klockor. Den h\u00f6ga kvaliteten p\u00e5 denna klockbox syns i de anv\u00e4nda materialen, den utm\u00e4rkta designen och den precisa och noggranna tillverkningen. Den ser inte bara bra ut, utan skyddar ocks\u00e5 dina v\u00e4rdefulla favoritf\u00f6rem\u00e5l fr\u00e5n damm och repor. Denna eleganta f\u00f6rvaringsbox fr\u00e5n Songmics \u00e4r snyggt tillverkad och l\u00e4tt att reng\u00f6ra och \u00e4r ett m\u00e5ste f\u00f6r alla klock\u00e4lskare. Produktdetaljer: &#8211; F\u00e4rg: svart, beige &#8211; Material: MDF, konstl\u00e4der, glas, sammet &#8211; M\u00e5tt p\u00e5 klockboxen: 32,5 x 11,5 x 19,5 cm (B x H x D) &#8211; Fackstorlek: 8 x 3,8 x 4,5 cm (B x H x D ) &#8211; Kudde storlek: 7 x 4,5 cm (B x D ) &#8211; Nedre l\u00e5da: 2 fack v\u00e4nster\/h\u00f6ger: 16,5 x 2,5 x 10 cm vardera (B x H x D ) &#8211; Ringslitsar: 9 x 8 cm (B x D ) &#8211; 3 sm\u00e5 fack i mitten f\u00f6r \u00f6rh\u00e4ngen: 8,5 x 8 cm (B x D ) Leveransomfattning: &#8211; 1 x klockbox &#8211; 2 x nyckel<\/p>\n","protected":false},"excerpt":{"rendered":"<p>Klockl\u00e5da, klockask med glaslock, 2 niv\u00e5er, f\u00f6r 12 klockor, l\u00e5sbar, 1 l\u00e5da, f\u00f6r ringar, armband, PU-\u00f6verdrag i brunt, innerfoder i brunt<\/p>\n","protected":false},"featured_media":41115,"comment_status":"open","ping_status":"closed","template":"","meta":[],"product_brand":[],"product_cat":[33],"product_tag":[],"class_list":{"0":"post-12924","1":"product","2":"type-product","3":"status-publish","4":"has-post-thumbnail","6":"product_cat-okategoriserad","8":"first","9":"instock","10":"shipping-taxable","11":"purchasable","12":"product-type-simple"},"_links":{"self":[{"href":"https:\/\/nordicmart.andreevmaster.com\/sv\/wp-json\/wp\/v2\/product\/12924","targetHints":{"allow":["GET"]}}],"collection":[{"href":"https:\/\/nordicmart.andreevmaster.com\/sv\/wp-json\/wp\/v2\/product"}],"about":[{"href":"https:\/\/nordicmart.andreevmaster.com\/sv\/wp-json\/wp\/v2\/types\/product"}],"replies":[{"embeddable":true,"href":"https:\/\/nordicmart.andreevmaster.com\/sv\/wp-json\/wp\/v2\/comments?post=12924"}],"wp:featuredmedia":[{"embeddable":true,"href":"https:\/\/nordicmart.andreevmaster.com\/sv\/wp-json\/wp\/v2\/media\/41115"}],"wp:attachment":[{"href":"https:\/\/nordicmart.andreevmaster.com\/sv\/wp-json\/wp\/v2\/media?parent=12924"}],"wp:term":[{"taxonomy":"product_brand","embeddable":true,"href":"https:\/\/nordicmart.andreevmaster.com\/sv\/wp-json\/wp\/v2\/product_brand?post=12924"},{"taxonomy":"product_cat","embeddable":true,"href":"https:\/\/nordicmart.andreevmaster.com\/sv\/wp-json\/wp\/v2\/product_cat?post=12924"},{"taxonomy":"product_tag","embeddable":true,"href":"https:\/\/nordicmart.andreevmaster.com\/sv\/wp-json\/wp\/v2\/product_tag?post=12924"}],"curies":[{"name":"wp","href":"https:\/\/api.w.org\/{rel}","templated":true}]}}