{"id":12922,"date":"2026-02-27T00:15:51","date_gmt":"2026-02-27T00:15:51","guid":{"rendered":"https:\/\/nordicmart.andreevmaster.com\/product\/songmics-klockbox-med-10-fack-klockask-glaslock\/"},"modified":"2026-02-27T08:09:33","modified_gmt":"2026-02-27T08:09:33","slug":"songmics-klockbox-med-10-fack-klockask-glaslock","status":"publish","type":"product","link":"https:\/\/nordicmart.andreevmaster.com\/sv\/produkt\/songmics-klockbox-med-10-fack-klockask-glaslock\/","title":{"rendered":"SONGMICS klockbox med 10 fack, klockask, glaslock"},"content":{"rendered":"<p>Din v\u00e4rdefulla klocksamling f\u00f6rtj\u00e4nar en h\u00f6gkvalitativ klockbox. Denna klockbox fr\u00e5n SONGMICS \u00e4r det perfekta valet f\u00f6r alla som \u00e4ger m\u00e5nga armbandsur. F\u00f6rdelarna med denna klockl\u00e5da i korthet: &#8211; Med klockkuddar: Klockkuddarna \u00e4r mjuka och stabila och st\u00f6der dina klockor v\u00e4l s\u00e5 att de beh\u00e5ller sin form. &#8211; Perfekt presentid\u00e9: Klockl\u00e5dan \u00e4r en perfekt present till br\u00f6llopsdag eller examen. &#8211; Multifunktionell: F\u00f6rutom klockor kan \u00e4ven smycken som ringar och armband f\u00f6rvaras i denna l\u00e5da. &#8211; Metallsp\u00e4nne: Det robusta metallsp\u00e4nnet kan enkelt och praktiskt \u00f6ppnas med en hand. Produktdetaljer:- F\u00e4rg: PU-\u00f6verdrag i svart, innerfoder i svart &#8211; Material: MDF (medeldensitetsfiberplatta), PU, sammet, glas &#8211; Storlek: 20,2 x 25,5 x 7,8 cm (D x B x H) &#8211; Vikt: 0,9 kg Leveransomfattning: &#8211; 1 x klockl\u00e5da SONGMICS Anm\u00e4rkningar: &#8211; Skydda klockl\u00e5dan fr\u00e5n fukt.- Om klockboxen har damm p\u00e5 ytan efter anv\u00e4ndning, torka av ytan med en mjuk trasa.<\/p>\n","protected":false},"excerpt":{"rendered":"<p>SONGMICS klockbox f\u00f6r 10 klockor med glasf\u00f6nster Svart JWB010<\/p>\n","protected":false},"featured_media":41114,"comment_status":"open","ping_status":"closed","template":"","meta":[],"product_brand":[],"product_cat":[33],"product_tag":[],"class_list":{"0":"post-12922","1":"product","2":"type-product","3":"status-publish","4":"has-post-thumbnail","6":"product_cat-okategoriserad","8":"first","9":"instock","10":"shipping-taxable","11":"purchasable","12":"product-type-simple"},"_links":{"self":[{"href":"https:\/\/nordicmart.andreevmaster.com\/sv\/wp-json\/wp\/v2\/product\/12922","targetHints":{"allow":["GET"]}}],"collection":[{"href":"https:\/\/nordicmart.andreevmaster.com\/sv\/wp-json\/wp\/v2\/product"}],"about":[{"href":"https:\/\/nordicmart.andreevmaster.com\/sv\/wp-json\/wp\/v2\/types\/product"}],"replies":[{"embeddable":true,"href":"https:\/\/nordicmart.andreevmaster.com\/sv\/wp-json\/wp\/v2\/comments?post=12922"}],"wp:featuredmedia":[{"embeddable":true,"href":"https:\/\/nordicmart.andreevmaster.com\/sv\/wp-json\/wp\/v2\/media\/41114"}],"wp:attachment":[{"href":"https:\/\/nordicmart.andreevmaster.com\/sv\/wp-json\/wp\/v2\/media?parent=12922"}],"wp:term":[{"taxonomy":"product_brand","embeddable":true,"href":"https:\/\/nordicmart.andreevmaster.com\/sv\/wp-json\/wp\/v2\/product_brand?post=12922"},{"taxonomy":"product_cat","embeddable":true,"href":"https:\/\/nordicmart.andreevmaster.com\/sv\/wp-json\/wp\/v2\/product_cat?post=12922"},{"taxonomy":"product_tag","embeddable":true,"href":"https:\/\/nordicmart.andreevmaster.com\/sv\/wp-json\/wp\/v2\/product_tag?post=12922"}],"curies":[{"name":"wp","href":"https:\/\/api.w.org\/{rel}","templated":true}]}}