{"id":12921,"date":"2026-02-27T00:15:51","date_gmt":"2026-02-27T00:15:51","guid":{"rendered":"https:\/\/nordicmart.andreevmaster.com\/product\/songmics-klockask-for-8-klockor\/"},"modified":"2026-02-27T08:09:33","modified_gmt":"2026-02-27T08:09:33","slug":"songmics-klockask-for-8-klockor","status":"publish","type":"product","link":"https:\/\/nordicmart.andreevmaster.com\/sv\/produkt\/songmics-klockask-for-8-klockor\/","title":{"rendered":"SONGMICS klockask f\u00f6r 8 klockor"},"content":{"rendered":"<p>Detta stabila etui f\u00f6r 8 klockor erbjuder ett stilfullt och praktiskt s\u00e4tt att f\u00f6rvara och transportera dina klockor. Den h\u00f6ga kvaliteten p\u00e5 detta klockfodral m\u00e4rks p\u00e5 de anv\u00e4nda materialen, den utm\u00e4rkta designen och det precisa och noggranna hantverket. Klockorna i de enskilda facken f\u00e4sts dessutom s\u00e4kert med gummiband. Det vackra urfodralet skyddar dina v\u00e4rdefulla favoritf\u00f6rem\u00e5l fr\u00e5n damm och repor. Urfodral \u2013 praktisk f\u00f6rvaring av klockor som b\u00e4rs dagligen, ett riktigt blickf\u00e5ng och perfekt resekompanjon. Detta eleganta f\u00f6rvaringsfodral fr\u00e5n Songmics \u00e4r v\u00e4lgjort och l\u00e4ttsk\u00f6tt och ett m\u00e5ste f\u00f6r alla klock\u00e4lskare. F\u00f6rvaring och sk\u00f6tsel: &#8211; Placera klockboxen i ett ventilerat rum och undvik att l\u00e4mna boxen i solen eller i ett rum med h\u00f6g luftfuktighet under l\u00e4ngre tid. L\u00e4mplig temperatur: 10-40 \u2103. &#8211; Fl\u00e4ckar p\u00e5 ytan kan torkas bort med en l\u00e4tt fuktad trasa. Undvik att vatten tr\u00e4nger in i klockboxen. &#8211; Anv\u00e4nd regelbundet det speciella v\u00e5rdmedlet f\u00f6r l\u00e4der f\u00f6r att bevara l\u00e4drets glans under l\u00e5ng tid. &#8211; Skydda klockboxen fr\u00e5n att krossas vid f\u00f6rvaring. &#8211; F\u00f6rvara inte klockboxen tillsammans med kemikalier. Produktdetaljer: &#8211; Produktm\u00e5tt: 24,5 x 18 x 5,5 cm (B x H x D) &#8211; Varje fack: 14 x 3,5 cm (B x D) &#8211; Material: Konstl\u00e4der + medeldjup tr\u00e4fiberplatta + sammet &#8211; Nettovikt: 0,51 kg &#8211; F\u00e4rg: svart Leveransomfattning: &#8211; 1x klockv\u00e4ska<\/p>\n","protected":false},"excerpt":{"rendered":"<p>SONGMICS Ny url\u00e5da f\u00f6r 8 klockor Svart JWB50B<\/p>\n","protected":false},"featured_media":41113,"comment_status":"open","ping_status":"closed","template":"","meta":[],"product_brand":[],"product_cat":[33],"product_tag":[],"class_list":{"0":"post-12921","1":"product","2":"type-product","3":"status-publish","4":"has-post-thumbnail","6":"product_cat-okategoriserad","8":"first","9":"instock","10":"shipping-taxable","11":"purchasable","12":"product-type-simple"},"_links":{"self":[{"href":"https:\/\/nordicmart.andreevmaster.com\/sv\/wp-json\/wp\/v2\/product\/12921","targetHints":{"allow":["GET"]}}],"collection":[{"href":"https:\/\/nordicmart.andreevmaster.com\/sv\/wp-json\/wp\/v2\/product"}],"about":[{"href":"https:\/\/nordicmart.andreevmaster.com\/sv\/wp-json\/wp\/v2\/types\/product"}],"replies":[{"embeddable":true,"href":"https:\/\/nordicmart.andreevmaster.com\/sv\/wp-json\/wp\/v2\/comments?post=12921"}],"wp:featuredmedia":[{"embeddable":true,"href":"https:\/\/nordicmart.andreevmaster.com\/sv\/wp-json\/wp\/v2\/media\/41113"}],"wp:attachment":[{"href":"https:\/\/nordicmart.andreevmaster.com\/sv\/wp-json\/wp\/v2\/media?parent=12921"}],"wp:term":[{"taxonomy":"product_brand","embeddable":true,"href":"https:\/\/nordicmart.andreevmaster.com\/sv\/wp-json\/wp\/v2\/product_brand?post=12921"},{"taxonomy":"product_cat","embeddable":true,"href":"https:\/\/nordicmart.andreevmaster.com\/sv\/wp-json\/wp\/v2\/product_cat?post=12921"},{"taxonomy":"product_tag","embeddable":true,"href":"https:\/\/nordicmart.andreevmaster.com\/sv\/wp-json\/wp\/v2\/product_tag?post=12921"}],"curies":[{"name":"wp","href":"https:\/\/api.w.org\/{rel}","templated":true}]}}